{"id":145,"date":"2016-11-10T13:26:37","date_gmt":"2016-11-10T13:26:37","guid":{"rendered":"http:\/\/asianitbd.com\/wp\/decorators\/?page_id=145"},"modified":"2023-06-15T15:40:32","modified_gmt":"2023-06-15T13:40:32","slug":"our-services","status":"publish","type":"page","link":"http:\/\/www.rechberger-bau.at\/?page_id=145","title":{"rendered":"Fenster"},"content":{"rendered":"<section class=\"wpb-content-wrapper\"><p>[vc_row full_width=&#8220;stretch_row&#8220; full_height=&#8220;yes&#8220; equal_height=&#8220;yes&#8220; content_placement=&#8220;middle&#8220; container=&#8220;1&#8243;][vc_column][vc_column_text]<\/p>\n<h2 class=\"p1\"><span class=\"s1\">Kunststoff &amp; Kunststoff-Alu Fenster von <a href=\"http:\/\/www.internorm.at\/\"><span class=\"s2\">Internorm<\/span><\/a><\/span><\/h2>\n<p>weitere Infos und Modelle unter <a href=\"http:\/\/internorm.at\" target=\"_blank\" rel=\"noopener noreferrer\">internorm.at<\/a>[\/vc_column_text] \r\r\n   \r\r\n\r\r\n<!--Services Section-->\r\r\n<section class=\"services-section\">\r\r\n    <div class=\"auto-container\">\r\r\n        \r\r\n        <div class=\"row clearfix\">\r\r\n            \r\n            <!--Service Block-->\r\r\n            <div class=\"default-services-block col-md-4 col-sm-6 col-xs-12\">\r\r\n                <div class=\"inner-box\">\r\r\n                    <figure class=\"image-box\"><img loading=\"lazy\" decoding=\"async\" width=\"370\" height=\"210\" src=\"http:\/\/www.rechberger-bau.at\/wp-content\/uploads\/2016\/11\/kf310-370x210.png\" class=\"attachment-decorators_370x210 size-decorators_370x210 wp-post-image\" alt=\"\" \/><a href=\"http:\/\/www.rechberger-bau.at\/?bunch_services=lighting-works\" class=\"overlay-box\"><span class=\"fa fa-link\"><\/span><\/a><\/figure>\r\r\n                    <div class=\"lower-content\">\r\r\n                        <div class=\"transparen-icon\"><span class=\"flaticon-bright-lightbulb\"><\/span><\/div>\r\r\n                        <h3><a href=\"http:\/\/www.rechberger-bau.at\/?bunch_services=lighting-works\">KF 310 Kunststoff &#038; Kunststoff-Alu Fenster<\/a><\/h3>\r\r\n                        <div class=\"text\">Mit einer Bautiefe von 71 mm ist dieses Kunststoff- bzw. Kunststoff\/Aluminium- Fensters absolut schlank gebaut. Die abgerundeten Kanten von Fl\u00fcgel ...<\/div>\r\r\n                        <div class=\"link-box\"><a href=\"http:\/\/www.rechberger-bau.at\/?bunch_services=lighting-works\" class=\"theme-btn read-more\">MEHR INFOS<\/a><\/div>\r\r\n                    <\/div>\r\r\n                <\/div>\r\r\n            <\/div>\r\r\n            \r\n            <!--Service Block-->\r\r\n            <div class=\"default-services-block col-md-4 col-sm-6 col-xs-12\">\r\r\n                <div class=\"inner-box\">\r\r\n                    <figure class=\"image-box\"><img loading=\"lazy\" decoding=\"async\" width=\"370\" height=\"210\" src=\"http:\/\/www.rechberger-bau.at\/wp-content\/uploads\/2019\/03\/kf320-370x210.png\" class=\"attachment-decorators_370x210 size-decorators_370x210 wp-post-image\" alt=\"\" \/><a href=\"http:\/\/www.rechberger-bau.at\/?bunch_services=lighting-works-2\" class=\"overlay-box\"><span class=\"fa fa-link\"><\/span><\/a><\/figure>\r\r\n                    <div class=\"lower-content\">\r\r\n                        <div class=\"transparen-icon\"><span class=\"flaticon-bright-lightbulb\"><\/span><\/div>\r\r\n                        <h3><a href=\"http:\/\/www.rechberger-bau.at\/?bunch_services=lighting-works-2\">KF 320 Kunststoff &#038; Kunststoff-Alu Fenster<\/a><\/h3>\r\r\n                        <div class=\"text\">Der innovative Glasfl\u00fcgel verleiht KF 320 die Anmutung einer Fixverglasung. Das Fenster l\u00e4sst sich aber ohne Probleme jederzeit kippen oder ...<\/div>\r\r\n                        <div class=\"link-box\"><a href=\"http:\/\/www.rechberger-bau.at\/?bunch_services=lighting-works-2\" class=\"theme-btn read-more\">MEHR INFOS<\/a><\/div>\r\r\n                    <\/div>\r\r\n                <\/div>\r\r\n            <\/div>\r\r\n            \r\n            <!--Service Block-->\r\r\n            <div class=\"default-services-block col-md-4 col-sm-6 col-xs-12\">\r\r\n                <div class=\"inner-box\">\r\r\n                    <figure class=\"image-box\"><img loading=\"lazy\" decoding=\"async\" width=\"370\" height=\"210\" src=\"http:\/\/www.rechberger-bau.at\/wp-content\/uploads\/2016\/11\/csm_KF510_ku_homepure_9cb2d4fa98-1-370x210.jpg\" class=\"attachment-decorators_370x210 size-decorators_370x210 wp-post-image\" alt=\"\" \/><a href=\"http:\/\/www.rechberger-bau.at\/?bunch_services=internorm-kf-410-2\" class=\"overlay-box\"><span class=\"fa fa-link\"><\/span><\/a><\/figure>\r\r\n                    <div class=\"lower-content\">\r\r\n                        <div class=\"transparen-icon\"><span class=\"\"><\/span><\/div>\r\r\n                        <h3><a href=\"http:\/\/www.rechberger-bau.at\/?bunch_services=internorm-kf-410-2\">KF 510 Kunststoff-Fenster<\/a><\/h3>\r\r\n                        <div class=\"text\">Das Kunststoff-Fenster KF\u00a0510 bietet maximale Sicherheit. Das neue KF\u00a0510 vereint innovative Technik mit puristischem Design. Bei der konkurrenzlosen I-tec Secure ...<\/div>\r\r\n                        <div class=\"link-box\"><a href=\"http:\/\/www.rechberger-bau.at\/?bunch_services=internorm-kf-410-2\" class=\"theme-btn read-more\">MEHR INFOS<\/a><\/div>\r\r\n                    <\/div>\r\r\n                <\/div>\r\r\n            <\/div>\r\r\n            \r\n            <!--Service Block-->\r\r\n            <div class=\"default-services-block col-md-4 col-sm-6 col-xs-12\">\r\r\n                <div class=\"inner-box\">\r\r\n                    <figure class=\"image-box\"><img loading=\"lazy\" decoding=\"async\" width=\"370\" height=\"210\" src=\"http:\/\/www.rechberger-bau.at\/wp-content\/uploads\/2016\/11\/kf520-2-370x210.jpg\" class=\"attachment-decorators_370x210 size-decorators_370x210 wp-post-image\" alt=\"\" \/><a href=\"http:\/\/www.rechberger-bau.at\/?bunch_services=internorm-kf-410\" class=\"overlay-box\"><span class=\"fa fa-link\"><\/span><\/a><\/figure>\r\r\n                    <div class=\"lower-content\">\r\r\n                        <div class=\"transparen-icon\"><span class=\"\"><\/span><\/div>\r\r\n                        <h3><a href=\"http:\/\/www.rechberger-bau.at\/?bunch_services=internorm-kf-410\">KF 520 Kunststoff &#038; Kunststoff-Alu Fenster<\/a><\/h3>\r\r\n                        <div class=\"text\">KF520 verbindet innovatives Design mit technischem Know-how. Der Fensterfl\u00fcgel ist durch seine Glasoptik von au\u00dfen nicht sichtbar und optisch von ...<\/div>\r\r\n                        <div class=\"link-box\"><a href=\"http:\/\/www.rechberger-bau.at\/?bunch_services=internorm-kf-410\" class=\"theme-btn read-more\">MEHR INFOS<\/a><\/div>\r\r\n                    <\/div>\r\r\n                <\/div>\r\r\n            <\/div>\r\r\n            \r\n            <!--Service Block-->\r\r\n            <div class=\"default-services-block col-md-4 col-sm-6 col-xs-12\">\r\r\n                <div class=\"inner-box\">\r\r\n                    <figure class=\"image-box\"><img loading=\"lazy\" decoding=\"async\" width=\"370\" height=\"210\" src=\"http:\/\/www.rechberger-bau.at\/wp-content\/uploads\/2017\/02\/kf410_1-370x210.jpg\" class=\"attachment-decorators_370x210 size-decorators_370x210 wp-post-image\" alt=\"\" \/><a href=\"http:\/\/www.rechberger-bau.at\/?bunch_services=kf-500\" class=\"overlay-box\"><span class=\"fa fa-link\"><\/span><\/a><\/figure>\r\r\n                    <div class=\"lower-content\">\r\r\n                        <div class=\"transparen-icon\"><span class=\"\"><\/span><\/div>\r\r\n                        <h3><a href=\"http:\/\/www.rechberger-bau.at\/?bunch_services=kf-500\">KF 410 Kunststoff &#038; Kunststoff-Alu Fenster<\/a><\/h3>\r\r\n                        <div class=\"text\">Egal ob Kunststoff, oder Kunststoff Aluminium unser KF410 ist das Standardfenster der Firma Internorm. In den unterschiedlichen Designstilen Ambiente, Home ...<\/div>\r\r\n                        <div class=\"link-box\"><a href=\"http:\/\/www.rechberger-bau.at\/?bunch_services=kf-500\" class=\"theme-btn read-more\">MEHR INFOS<\/a><\/div>\r\r\n                    <\/div>\r\r\n                <\/div>\r\r\n            <\/div>\r\r\n            \r\n            <!--Service Block-->\r\r\n            <div class=\"default-services-block col-md-4 col-sm-6 col-xs-12\">\r\r\n                <div class=\"inner-box\">\r\r\n                    <figure class=\"image-box\"><img loading=\"lazy\" decoding=\"async\" width=\"370\" height=\"210\" src=\"http:\/\/www.rechberger-bau.at\/wp-content\/uploads\/2017\/03\/kf440_1-370x210.jpg\" class=\"attachment-decorators_370x210 size-decorators_370x210 wp-post-image\" alt=\"\" \/><a href=\"http:\/\/www.rechberger-bau.at\/?bunch_services=internorm-kf-440-kunststoff-kunststoff-alu-verbundfenster\" class=\"overlay-box\"><span class=\"fa fa-link\"><\/span><\/a><\/figure>\r\r\n                    <div class=\"lower-content\">\r\r\n                        <div class=\"transparen-icon\"><span class=\"\"><\/span><\/div>\r\r\n                        <h3><a href=\"http:\/\/www.rechberger-bau.at\/?bunch_services=internorm-kf-440-kunststoff-kunststoff-alu-verbundfenster\">KV 440 Kunststoff &#038; Kunststoff-Alu Verbundfenster<\/a><\/h3>\r\r\n                        <div class=\"text\">Dieses Verbundfenster bietet neben dem fl\u00e4chenb\u00fcndigen Design auch noch Sonnen- und Sichtschutz \u2013 zwischen der Glasscheibe, gesch\u00fctzt vor Verschmutzungen. Mehr ...<\/div>\r\r\n                        <div class=\"link-box\"><a href=\"http:\/\/www.rechberger-bau.at\/?bunch_services=internorm-kf-440-kunststoff-kunststoff-alu-verbundfenster\" class=\"theme-btn read-more\">MEHR INFOS<\/a><\/div>\r\r\n                    <\/div>\r\r\n                <\/div>\r\r\n            <\/div>\r\r\n            \r\n            <!--Service Block-->\r\r\n            <div class=\"default-services-block col-md-4 col-sm-6 col-xs-12\">\r\r\n                <div class=\"inner-box\">\r\r\n                    <figure class=\"image-box\"><img loading=\"lazy\" decoding=\"async\" width=\"370\" height=\"210\" src=\"http:\/\/www.rechberger-bau.at\/wp-content\/uploads\/2017\/03\/ks430_1-1-370x210.jpg\" class=\"attachment-decorators_370x210 size-decorators_370x210 wp-post-image\" alt=\"\" \/><a href=\"http:\/\/www.rechberger-bau.at\/?bunch_services=internorm-ks-430-kunststoff-kunststoff-alu-hebeschiebetuer\" class=\"overlay-box\"><span class=\"fa fa-link\"><\/span><\/a><\/figure>\r\r\n                    <div class=\"lower-content\">\r\r\n                        <div class=\"transparen-icon\"><span class=\"\"><\/span><\/div>\r\r\n                        <h3><a href=\"http:\/\/www.rechberger-bau.at\/?bunch_services=internorm-ks-430-kunststoff-kunststoff-alu-hebeschiebetuer\">KS 430 Kunststoff &#038; Kunststoff-Alu Hebeschiebet\u00fcr<\/a><\/h3>\r\r\n                        <div class=\"text\">Lassen Sie Ihre R\u00e4ume noch imposanter und weiter erscheinen. Eine Fixverglasung direkt im Rahmen garantiert noch mehr Licht. Die flache ...<\/div>\r\r\n                        <div class=\"link-box\"><a href=\"http:\/\/www.rechberger-bau.at\/?bunch_services=internorm-ks-430-kunststoff-kunststoff-alu-hebeschiebetuer\" class=\"theme-btn read-more\">MEHR INFOS<\/a><\/div>\r\r\n                    <\/div>\r\r\n                <\/div>\r\r\n            <\/div>\r\r\n            \r\n        <\/div>\r\r\n    <\/div>\r\r\n<\/section>\r\r\n\r\r\n\r\n[\/vc_column][\/vc_row][vc_row full_width=&#8220;stretch_row&#8220; content_placement=&#8220;middle&#8220; container=&#8220;1&#8243;][vc_column][vc_column_text]<\/p>\n<h2>Holz-Aluminium Fenster<\/h2>\n<p>[\/vc_column_text] \r\r\n   \r\r\n\r\r\n<!--Services Section-->\r\r\n<section class=\"services-section\">\r\r\n    <div class=\"auto-container\">\r\r\n        \r\r\n        <div class=\"row clearfix\">\r\r\n            \r\n            <!--Service Block-->\r\r\n            <div class=\"default-services-block col-md-4 col-sm-6 col-xs-12\">\r\r\n                <div class=\"inner-box\">\r\r\n                    <figure class=\"image-box\"><img loading=\"lazy\" decoding=\"async\" width=\"370\" height=\"210\" src=\"http:\/\/www.rechberger-bau.at\/wp-content\/uploads\/2017\/03\/hf410_1-370x210.jpg\" class=\"attachment-decorators_370x210 size-decorators_370x210 wp-post-image\" alt=\"\" \/><a href=\"http:\/\/www.rechberger-bau.at\/?bunch_services=hf-410-holz-alu-fenster\" class=\"overlay-box\"><span class=\"fa fa-link\"><\/span><\/a><\/figure>\r\r\n                    <div class=\"lower-content\">\r\r\n                        <div class=\"transparen-icon\"><span class=\"\"><\/span><\/div>\r\r\n                        <h3><a href=\"http:\/\/www.rechberger-bau.at\/?bunch_services=hf-410-holz-alu-fenster\">HF 410 Holz-Alu Fenster<\/a><\/h3>\r\r\n                        <div class=\"text\">Mit dem neuen I-Tec Core ist dieses Modell stabiler und die breite Auswahl an Farb- und Holzmodellen bietet unz\u00e4hlige M\u00f6glichkeiten ...<\/div>\r\r\n                        <div class=\"link-box\"><a href=\"http:\/\/www.rechberger-bau.at\/?bunch_services=hf-410-holz-alu-fenster\" class=\"theme-btn read-more\">MEHR INFOS<\/a><\/div>\r\r\n                    <\/div>\r\r\n                <\/div>\r\r\n            <\/div>\r\r\n            \r\n            <!--Service Block-->\r\r\n            <div class=\"default-services-block col-md-4 col-sm-6 col-xs-12\">\r\r\n                <div class=\"inner-box\">\r\r\n                    <figure class=\"image-box\"><img loading=\"lazy\" decoding=\"async\" width=\"370\" height=\"210\" src=\"http:\/\/www.rechberger-bau.at\/wp-content\/uploads\/2022\/10\/hf510_-370x210.jpg\" class=\"attachment-decorators_370x210 size-decorators_370x210 wp-post-image\" alt=\"\" \/><a href=\"http:\/\/www.rechberger-bau.at\/?bunch_services=hf-410-holz-alu-fenster-2\" class=\"overlay-box\"><span class=\"fa fa-link\"><\/span><\/a><\/figure>\r\r\n                    <div class=\"lower-content\">\r\r\n                        <div class=\"transparen-icon\"><span class=\"\"><\/span><\/div>\r\r\n                        <h3><a href=\"http:\/\/www.rechberger-bau.at\/?bunch_services=hf-410-holz-alu-fenster-2\">HF 510 Holz-Alu Fenster<\/a><\/h3>\r\r\n                        <div class=\"text\">Das Holz-Aluminium-Fenster HF 510 vereint puristisches Design mit Nat\u00fcrlichkeit. Der Naturbaustoff Holz erreicht in Kombination mit der witterungsbest\u00e4ndigen Aluminium-Au\u00dfenschale exzellente ...<\/div>\r\r\n                        <div class=\"link-box\"><a href=\"http:\/\/www.rechberger-bau.at\/?bunch_services=hf-410-holz-alu-fenster-2\" class=\"theme-btn read-more\">MEHR INFOS<\/a><\/div>\r\r\n                    <\/div>\r\r\n                <\/div>\r\r\n            <\/div>\r\r\n            \r\n            <!--Service Block-->\r\r\n            <div class=\"default-services-block col-md-4 col-sm-6 col-xs-12\">\r\r\n                <div class=\"inner-box\">\r\r\n                    <figure class=\"image-box\"><img loading=\"lazy\" decoding=\"async\" width=\"370\" height=\"210\" src=\"http:\/\/www.rechberger-bau.at\/wp-content\/uploads\/2024\/09\/csm_HF520_hoal_studio_7c2990d3e8-370x210.png\" class=\"attachment-decorators_370x210 size-decorators_370x210 wp-post-image\" alt=\"\" \/><a href=\"http:\/\/www.rechberger-bau.at\/?bunch_services=hf-410-holz-alu-fenster-2-2\" class=\"overlay-box\"><span class=\"fa fa-link\"><\/span><\/a><\/figure>\r\r\n                    <div class=\"lower-content\">\r\r\n                        <div class=\"transparen-icon\"><span class=\"\"><\/span><\/div>\r\r\n                        <h3><a href=\"http:\/\/www.rechberger-bau.at\/?bunch_services=hf-410-holz-alu-fenster-2-2\">HF 520 Holz-Alu Fenster<\/a><\/h3>\r\r\n                        <div class=\"text\">Das neue Holz-Aluminium-Fenster HF 520 vereint au\u00dfergew\u00f6hnliches Design und Nat\u00fcrlichkeit. Durch das fl\u00e4chenb\u00fcndige Design und der Kombination aus witterungsbest\u00e4ndigem Aluminium ...<\/div>\r\r\n                        <div class=\"link-box\"><a href=\"http:\/\/www.rechberger-bau.at\/?bunch_services=hf-410-holz-alu-fenster-2-2\" class=\"theme-btn read-more\">MEHR INFOS<\/a><\/div>\r\r\n                    <\/div>\r\r\n                <\/div>\r\r\n            <\/div>\r\r\n            \r\n            <!--Service Block-->\r\r\n            <div class=\"default-services-block col-md-4 col-sm-6 col-xs-12\">\r\r\n                <div class=\"inner-box\">\r\r\n                    <figure class=\"image-box\"><img loading=\"lazy\" decoding=\"async\" width=\"370\" height=\"210\" src=\"http:\/\/www.rechberger-bau.at\/wp-content\/uploads\/2017\/03\/hs330_1-370x210.jpg\" class=\"attachment-decorators_370x210 size-decorators_370x210 wp-post-image\" alt=\"\" \/><a href=\"http:\/\/www.rechberger-bau.at\/?bunch_services=hs-330-holz-alu-schiebetuer\" class=\"overlay-box\"><span class=\"fa fa-link\"><\/span><\/a><\/figure>\r\r\n                    <div class=\"lower-content\">\r\r\n                        <div class=\"transparen-icon\"><span class=\"\"><\/span><\/div>\r\r\n                        <h3><a href=\"http:\/\/www.rechberger-bau.at\/?bunch_services=hs-330-holz-alu-schiebetuer\">HS 330 Holz-Alu Schiebet\u00fcr<\/a><\/h3>\r\r\n                        <div class=\"text\">F\u00fcr optimale W\u00e4rmed\u00e4mmung und Stabilit\u00e4t sorgt eine Glasfaserbodenschwelle im Durchgangsbereich. Vollkommene Glasoptik bietet der Fixteil \u2013 er kann dreiseitig ins ...<\/div>\r\r\n                        <div class=\"link-box\"><a href=\"http:\/\/www.rechberger-bau.at\/?bunch_services=hs-330-holz-alu-schiebetuer\" class=\"theme-btn read-more\">MEHR INFOS<\/a><\/div>\r\r\n                    <\/div>\r\r\n                <\/div>\r\r\n            <\/div>\r\r\n            \r\n            <!--Service Block-->\r\r\n            <div class=\"default-services-block col-md-4 col-sm-6 col-xs-12\">\r\r\n                <div class=\"inner-box\">\r\r\n                    <figure class=\"image-box\"><img loading=\"lazy\" decoding=\"async\" width=\"370\" height=\"210\" src=\"http:\/\/www.rechberger-bau.at\/wp-content\/uploads\/2017\/12\/hx300-370x210.jpg\" class=\"attachment-decorators_370x210 size-decorators_370x210 wp-post-image\" alt=\"\" \/><a href=\"http:\/\/www.rechberger-bau.at\/?bunch_services=hx300-panorama\" class=\"overlay-box\"><span class=\"fa fa-link\"><\/span><\/a><\/figure>\r\r\n                    <div class=\"lower-content\">\r\r\n                        <div class=\"transparen-icon\"><span class=\"\"><\/span><\/div>\r\r\n                        <h3><a href=\"http:\/\/www.rechberger-bau.at\/?bunch_services=hx300-panorama\">HX300 Panorama<\/a><\/h3>\r\r\n                        <div class=\"text\">Gro\u00dfe Glasfronten schaffen Leichtigkeit und Gro\u00dfz\u00fcgigkeit. Mit einem schlanken Glassto\u00df gehen diese Glasfl\u00e4chen nahezu unauff\u00e4llig ineinander \u00fcber und erm\u00f6glichen eine ...<\/div>\r\r\n                        <div class=\"link-box\"><a href=\"http:\/\/www.rechberger-bau.at\/?bunch_services=hx300-panorama\" class=\"theme-btn read-more\">MEHR INFOS<\/a><\/div>\r\r\n                    <\/div>\r\r\n                <\/div>\r\r\n            <\/div>\r\r\n            \r\n        <\/div>\r\r\n    <\/div>\r\r\n<\/section>\r\r\n\r\r\n\r\n[\/vc_column][\/vc_row]<\/p>\n<\/section>","protected":false},"excerpt":{"rendered":"<p>[vc_row full_width=&#8220;stretch_row&#8220; full_height=&#8220;yes&#8220; equal_height=&#8220;yes&#8220; content_placement=&#8220;middle&#8220; container=&#8220;1&#8243;][vc_column][vc_column_text] Kunststoff &amp; Kunststoff-Alu Fenster von Internorm weitere Infos und Modelle unter internorm.at[\/vc_column_text][\/vc_column][\/vc_row][vc_row full_width=&#8220;stretch_row&#8220; content_placement=&#8220;middle&#8220; container=&#8220;1&#8243;][vc_column][vc_column_text] Holz-Aluminium Fenster [\/vc_column_text][\/vc_column][\/vc_row]<\/p>\n","protected":false},"author":1,"featured_media":0,"parent":0,"menu_order":0,"comment_status":"closed","ping_status":"closed","template":"tpl-visual_composer.php","meta":{"footnotes":""},"class_list":["post-145","page","type-page","status-publish","hentry"],"yoast_head":"<!-- This site is optimized with the Yoast SEO plugin v23.4 - https:\/\/yoast.com\/wordpress\/plugins\/seo\/ -->\n<title>Fenster - Rechberger Bau Ges.m.b.H.<\/title>\n<meta name=\"robots\" content=\"index, follow, max-snippet:-1, max-image-preview:large, max-video-preview:-1\" \/>\n<link rel=\"canonical\" href=\"http:\/\/www.rechberger-bau.at\/?page_id=145\" \/>\n<meta property=\"og:locale\" content=\"de_DE\" \/>\n<meta property=\"og:type\" content=\"article\" \/>\n<meta property=\"og:title\" content=\"Fenster - Rechberger Bau Ges.m.b.H.\" \/>\n<meta property=\"og:description\" content=\"[vc_row full_width=&#8220;stretch_row&#8220; full_height=&#8220;yes&#8220; equal_height=&#8220;yes&#8220; content_placement=&#8220;middle&#8220; container=&#8220;1&#8243;][vc_column][vc_column_text] Kunststoff &amp; Kunststoff-Alu Fenster von Internorm weitere Infos und Modelle unter internorm.at[\/vc_column_text][\/vc_column][\/vc_row][vc_row full_width=&#8220;stretch_row&#8220; content_placement=&#8220;middle&#8220; container=&#8220;1&#8243;][vc_column][vc_column_text] Holz-Aluminium Fenster [\/vc_column_text][\/vc_column][\/vc_row]\" \/>\n<meta property=\"og:url\" content=\"http:\/\/www.rechberger-bau.at\/?page_id=145\" \/>\n<meta property=\"og:site_name\" content=\"Rechberger Bau Ges.m.b.H.\" \/>\n<meta property=\"article:modified_time\" content=\"2023-06-15T13:40:32+00:00\" \/>\n<meta name=\"twitter:card\" content=\"summary_large_image\" \/>\n<meta name=\"twitter:label1\" content=\"Gesch\u00e4tzte Lesezeit\" \/>\n\t<meta name=\"twitter:data1\" content=\"1\u00a0Minute\" \/>\n<script type=\"application\/ld+json\" class=\"yoast-schema-graph\">{\"@context\":\"https:\/\/schema.org\",\"@graph\":[{\"@type\":\"WebPage\",\"@id\":\"http:\/\/www.rechberger-bau.at\/?page_id=145\",\"url\":\"http:\/\/www.rechberger-bau.at\/?page_id=145\",\"name\":\"Fenster - Rechberger Bau Ges.m.b.H.\",\"isPartOf\":{\"@id\":\"http:\/\/www.rechberger-bau.at\/#website\"},\"datePublished\":\"2016-11-10T13:26:37+00:00\",\"dateModified\":\"2023-06-15T13:40:32+00:00\",\"breadcrumb\":{\"@id\":\"http:\/\/www.rechberger-bau.at\/?page_id=145#breadcrumb\"},\"inLanguage\":\"de\",\"potentialAction\":[{\"@type\":\"ReadAction\",\"target\":[\"http:\/\/www.rechberger-bau.at\/?page_id=145\"]}]},{\"@type\":\"BreadcrumbList\",\"@id\":\"http:\/\/www.rechberger-bau.at\/?page_id=145#breadcrumb\",\"itemListElement\":[{\"@type\":\"ListItem\",\"position\":1,\"name\":\"Startseite\",\"item\":\"http:\/\/www.rechberger-bau.at\/\"},{\"@type\":\"ListItem\",\"position\":2,\"name\":\"Fenster\"}]},{\"@type\":\"WebSite\",\"@id\":\"http:\/\/www.rechberger-bau.at\/#website\",\"url\":\"http:\/\/www.rechberger-bau.at\/\",\"name\":\"Rechberger Bau Ges.m.b.H.\",\"description\":\"Rechberger Bau GmbH ist mit \u00fcber 30 Jahre Erfahrung ihr Spezialist f\u00fcr Fenster, T\u00fcren, Tore, Sonnenschutz und Fliesen\",\"potentialAction\":[{\"@type\":\"SearchAction\",\"target\":{\"@type\":\"EntryPoint\",\"urlTemplate\":\"http:\/\/www.rechberger-bau.at\/?s={search_term_string}\"},\"query-input\":{\"@type\":\"PropertyValueSpecification\",\"valueRequired\":true,\"valueName\":\"search_term_string\"}}],\"inLanguage\":\"de\"}]}<\/script>\n<!-- \/ Yoast SEO plugin. -->","yoast_head_json":{"title":"Fenster - Rechberger Bau Ges.m.b.H.","robots":{"index":"index","follow":"follow","max-snippet":"max-snippet:-1","max-image-preview":"max-image-preview:large","max-video-preview":"max-video-preview:-1"},"canonical":"http:\/\/www.rechberger-bau.at\/?page_id=145","og_locale":"de_DE","og_type":"article","og_title":"Fenster - Rechberger Bau Ges.m.b.H.","og_description":"[vc_row full_width=&#8220;stretch_row&#8220; full_height=&#8220;yes&#8220; equal_height=&#8220;yes&#8220; content_placement=&#8220;middle&#8220; container=&#8220;1&#8243;][vc_column][vc_column_text] Kunststoff &amp; Kunststoff-Alu Fenster von Internorm weitere Infos und Modelle unter internorm.at[\/vc_column_text][\/vc_column][\/vc_row][vc_row full_width=&#8220;stretch_row&#8220; content_placement=&#8220;middle&#8220; container=&#8220;1&#8243;][vc_column][vc_column_text] Holz-Aluminium Fenster [\/vc_column_text][\/vc_column][\/vc_row]","og_url":"http:\/\/www.rechberger-bau.at\/?page_id=145","og_site_name":"Rechberger Bau Ges.m.b.H.","article_modified_time":"2023-06-15T13:40:32+00:00","twitter_card":"summary_large_image","twitter_misc":{"Gesch\u00e4tzte Lesezeit":"1\u00a0Minute"},"schema":{"@context":"https:\/\/schema.org","@graph":[{"@type":"WebPage","@id":"http:\/\/www.rechberger-bau.at\/?page_id=145","url":"http:\/\/www.rechberger-bau.at\/?page_id=145","name":"Fenster - Rechberger Bau Ges.m.b.H.","isPartOf":{"@id":"http:\/\/www.rechberger-bau.at\/#website"},"datePublished":"2016-11-10T13:26:37+00:00","dateModified":"2023-06-15T13:40:32+00:00","breadcrumb":{"@id":"http:\/\/www.rechberger-bau.at\/?page_id=145#breadcrumb"},"inLanguage":"de","potentialAction":[{"@type":"ReadAction","target":["http:\/\/www.rechberger-bau.at\/?page_id=145"]}]},{"@type":"BreadcrumbList","@id":"http:\/\/www.rechberger-bau.at\/?page_id=145#breadcrumb","itemListElement":[{"@type":"ListItem","position":1,"name":"Startseite","item":"http:\/\/www.rechberger-bau.at\/"},{"@type":"ListItem","position":2,"name":"Fenster"}]},{"@type":"WebSite","@id":"http:\/\/www.rechberger-bau.at\/#website","url":"http:\/\/www.rechberger-bau.at\/","name":"Rechberger Bau Ges.m.b.H.","description":"Rechberger Bau GmbH ist mit \u00fcber 30 Jahre Erfahrung ihr Spezialist f\u00fcr Fenster, T\u00fcren, Tore, Sonnenschutz und Fliesen","potentialAction":[{"@type":"SearchAction","target":{"@type":"EntryPoint","urlTemplate":"http:\/\/www.rechberger-bau.at\/?s={search_term_string}"},"query-input":{"@type":"PropertyValueSpecification","valueRequired":true,"valueName":"search_term_string"}}],"inLanguage":"de"}]}},"_links":{"self":[{"href":"http:\/\/www.rechberger-bau.at\/index.php?rest_route=\/wp\/v2\/pages\/145"}],"collection":[{"href":"http:\/\/www.rechberger-bau.at\/index.php?rest_route=\/wp\/v2\/pages"}],"about":[{"href":"http:\/\/www.rechberger-bau.at\/index.php?rest_route=\/wp\/v2\/types\/page"}],"author":[{"embeddable":true,"href":"http:\/\/www.rechberger-bau.at\/index.php?rest_route=\/wp\/v2\/users\/1"}],"replies":[{"embeddable":true,"href":"http:\/\/www.rechberger-bau.at\/index.php?rest_route=%2Fwp%2Fv2%2Fcomments&post=145"}],"version-history":[{"count":29,"href":"http:\/\/www.rechberger-bau.at\/index.php?rest_route=\/wp\/v2\/pages\/145\/revisions"}],"predecessor-version":[{"id":1703,"href":"http:\/\/www.rechberger-bau.at\/index.php?rest_route=\/wp\/v2\/pages\/145\/revisions\/1703"}],"wp:attachment":[{"href":"http:\/\/www.rechberger-bau.at\/index.php?rest_route=%2Fwp%2Fv2%2Fmedia&parent=145"}],"curies":[{"name":"wp","href":"https:\/\/api.w.org\/{rel}","templated":true}]}}