{"id":185,"date":"2016-11-11T06:22:24","date_gmt":"2016-11-11T06:22:24","guid":{"rendered":"http:\/\/asianitbd.com\/wp\/decorators\/?page_id=185"},"modified":"2020-04-09T11:59:58","modified_gmt":"2020-04-09T09:59:58","slug":"jobs","status":"publish","type":"page","link":"http:\/\/www.rechberger-bau.at\/?page_id=185","title":{"rendered":"Jobs"},"content":{"rendered":"<section class=\"wpb-content-wrapper\"><p>[vc_row full_width=&#8220;stretch_row&#8220; content_placement=&#8220;middle&#8220; container=&#8220;1&#8243;][vc_column][vc_column_text]<\/p>\n<h2>Aktuelle Stellenangebote<\/h2>\n<p>Rechberger Bau GmbH -St. Veit &#8211; Wir sind eine Familienbetrieb mit Tradition, der sich als INTERNORM-Vertriebspartner auf den Verkauf und Montage von Fenstern, T\u00fcren, Tore, Sonnen- und Insektenschutz spezialisiert hat.<\/p>\n<h2>Wir stellen ein:<\/h2>\n<p>[\/vc_column_text][vc_tta_accordion active_section=&#8220;&#8220; collapsible_all=&#8220;true&#8220;][vc_tta_section title=&#8220;Monteur (m\/w)&#8220; tab_id=&#8220;1578945578992-999b599d-63de&#8220;][vc_column_text]<strong>Aufgaben<\/strong><br \/>\nAls Teil eines 5-k\u00f6pfigen Montageteams profitieren Sie von unserem Know-How und arbeiten im Team oder alleine direkt bei unseren Kunden.<\/p>\n<ul>\n<li><strong>Anforderungen<\/strong><\/li>\n<li>F\u00fchrerschein der Klasse B und eventuell C<\/li>\n<li>Abgeschlossene Berufsausbildung als Tischler, Maurer oder Schlosser<\/li>\n<li>Selbstst\u00e4ndiges Arbeiten und innovative Ideen bei der Sanierungen<\/li>\n<\/ul>\n<p><strong>Wir bieten<\/strong><br \/>\nMotiviertes Team, in dem Arbeiten Spa\u00df macht. Fundierte Einschulung und abwechslungsreiches Arbeitsgebiet. Wir bieten f\u00fcr diese Position ein attraktives Entgelt, dass der Qualifikation und Erfahrung entspricht. Aus gesetzlichen Gr\u00fcnden weisen wir darauf hin, dass ein KV-Mindestgehalt von Euro 1830,- zusteht.<\/p>\n<p><strong>Jetzt bewerben<\/strong><\/p>\n<p>Senden Sie Ihre Bewerbung an:<br \/>\nRechberger Bau GmbH<br \/>\nKepling 52<br \/>\n4173 St. Veit<\/p>\n<p>oder per E-Mail an: <a href=\"mailto:thomas@rechberger-bau.at\">thomas@rechberger-bau.at<\/a>[\/vc_column_text][\/vc_tta_section][vc_tta_section title=&#8220;Selbstst\u00e4ndiger Verkaufsberater (m\/w)&#8220; tab_id=&#8220;1578945579019-4be811ab-747d&#8220;][vc_column_text]<strong>Aufgaben<\/strong><br \/>\nSie verkaufen auf eigenen Namen und Rechnung und erstellen Angebote, wickeln Bestellungen mit ISS-Softwareprogramm ab. Betreuen Ihre Kunden und arbeiten techn. Anfragen aus. Wir k\u00fcmmern uns um die Montage und unterst\u00fctzen Sie mit unserer Erfahrung.<\/p>\n<p><strong>Ihr Profil<\/strong><br \/>\nBautechnische Ausbildung<br \/>\nSehr gute MS-Office Anwendungen<br \/>\nCAD-Grundkenntnisse<br \/>\nSelbstst\u00e4ndige und produktive Arbeitsweise kundenorientierte und kommunikative Pers\u00f6nlichkeit<\/p>\n<p>Die Vertragsvereinbarungen werden individuell ausgearbeitet.<\/p>\n<p><strong>Jetzt bewerben<\/strong><\/p>\n<p>Senden Sie Ihre Bewerbung an:<br \/>\nRechberger Bau GmbH<br \/>\nKepling 52<br \/>\n4173 St. Veit<\/p>\n<p>oder per E-Mail an:\u00a0<a href=\"mailto:thomas@rechberger-bau.at\">thomas@rechberger-bau.at<\/a>[\/vc_column_text][\/vc_tta_section][\/vc_tta_accordion][\/vc_column][\/vc_row]<\/p>\n<\/section>","protected":false},"excerpt":{"rendered":"<p>[vc_row full_width=&#8220;stretch_row&#8220; content_placement=&#8220;middle&#8220; container=&#8220;1&#8243;][vc_column][vc_column_text] Aktuelle Stellenangebote Rechberger Bau GmbH -St. Veit &#8211; Wir sind eine Familienbetrieb mit Tradition, der sich als INTERNORM-Vertriebspartner auf den Verkauf und Montage von Fenstern, T\u00fcren, Tore, Sonnen- und Insektenschutz spezialisiert hat. Wir stellen ein: [\/vc_column_text][vc_tta_accordion active_section=&#8220;&#8220; collapsible_all=&#8220;true&#8220;][vc_tta_section title=&#8220;Monteur (m\/w)&#8220; tab_id=&#8220;1578945578992-999b599d-63de&#8220;][vc_column_text]Aufgaben Als Teil eines 5-k\u00f6pfigen Montageteams profitieren Sie von unserem Know-How<\/p>\n","protected":false},"author":1,"featured_media":0,"parent":0,"menu_order":0,"comment_status":"closed","ping_status":"closed","template":"tpl-visual_composer.php","meta":{"footnotes":""},"class_list":["post-185","page","type-page","status-publish","hentry"],"yoast_head":"<!-- This site is optimized with the Yoast SEO plugin v23.4 - https:\/\/yoast.com\/wordpress\/plugins\/seo\/ -->\n<title>Jobs - Rechberger Bau Ges.m.b.H.<\/title>\n<meta name=\"robots\" content=\"index, follow, max-snippet:-1, max-image-preview:large, max-video-preview:-1\" \/>\n<link rel=\"canonical\" href=\"https:\/\/www.rechberger-bau.at\/?page_id=185\" \/>\n<meta property=\"og:locale\" content=\"de_DE\" \/>\n<meta property=\"og:type\" content=\"article\" \/>\n<meta property=\"og:title\" content=\"WIR STELLEN EIN - Jetzt Bewerben!\" \/>\n<meta property=\"og:description\" content=\"Wir suchen ab sofort Monteure (m\/w) und Selbstst\u00e4ndige Verkaufsberater (m\/w)\" \/>\n<meta property=\"og:url\" content=\"https:\/\/www.rechberger-bau.at\/?page_id=185\" \/>\n<meta property=\"og:site_name\" content=\"Rechberger Bau Ges.m.b.H.\" \/>\n<meta property=\"article:modified_time\" content=\"2020-04-09T09:59:58+00:00\" \/>\n<meta property=\"og:image\" content=\"https:\/\/www.rechberger-bau.at\/wp-content\/uploads\/2017\/05\/shutterstock_515908882-2_1.jpg\" \/>\n\t<meta property=\"og:image:width\" content=\"2000\" \/>\n\t<meta property=\"og:image:height\" content=\"1333\" \/>\n\t<meta property=\"og:image:type\" content=\"image\/jpeg\" \/>\n<meta name=\"twitter:card\" content=\"summary_large_image\" \/>\n<meta name=\"twitter:label1\" content=\"Gesch\u00e4tzte Lesezeit\" \/>\n\t<meta name=\"twitter:data1\" content=\"2\u00a0Minuten\" \/>\n<script type=\"application\/ld+json\" class=\"yoast-schema-graph\">{\"@context\":\"https:\/\/schema.org\",\"@graph\":[{\"@type\":\"WebPage\",\"@id\":\"https:\/\/www.rechberger-bau.at\/?page_id=185\",\"url\":\"https:\/\/www.rechberger-bau.at\/?page_id=185\",\"name\":\"Jobs - Rechberger Bau Ges.m.b.H.\",\"isPartOf\":{\"@id\":\"https:\/\/www.rechberger-bau.at\/#website\"},\"datePublished\":\"2016-11-11T06:22:24+00:00\",\"dateModified\":\"2020-04-09T09:59:58+00:00\",\"breadcrumb\":{\"@id\":\"https:\/\/www.rechberger-bau.at\/?page_id=185#breadcrumb\"},\"inLanguage\":\"de\",\"potentialAction\":[{\"@type\":\"ReadAction\",\"target\":[\"https:\/\/www.rechberger-bau.at\/?page_id=185\"]}]},{\"@type\":\"BreadcrumbList\",\"@id\":\"https:\/\/www.rechberger-bau.at\/?page_id=185#breadcrumb\",\"itemListElement\":[{\"@type\":\"ListItem\",\"position\":1,\"name\":\"Startseite\",\"item\":\"https:\/\/www.rechberger-bau.at\/\"},{\"@type\":\"ListItem\",\"position\":2,\"name\":\"Jobs\"}]},{\"@type\":\"WebSite\",\"@id\":\"https:\/\/www.rechberger-bau.at\/#website\",\"url\":\"https:\/\/www.rechberger-bau.at\/\",\"name\":\"Rechberger Bau Ges.m.b.H.\",\"description\":\"Rechberger Bau GmbH ist mit \u00fcber 30 Jahre Erfahrung ihr Spezialist f\u00fcr Fenster, T\u00fcren, Tore, Sonnenschutz und Fliesen\",\"potentialAction\":[{\"@type\":\"SearchAction\",\"target\":{\"@type\":\"EntryPoint\",\"urlTemplate\":\"https:\/\/www.rechberger-bau.at\/?s={search_term_string}\"},\"query-input\":{\"@type\":\"PropertyValueSpecification\",\"valueRequired\":true,\"valueName\":\"search_term_string\"}}],\"inLanguage\":\"de\"}]}<\/script>\n<!-- \/ Yoast SEO plugin. -->","yoast_head_json":{"title":"Jobs - Rechberger Bau Ges.m.b.H.","robots":{"index":"index","follow":"follow","max-snippet":"max-snippet:-1","max-image-preview":"max-image-preview:large","max-video-preview":"max-video-preview:-1"},"canonical":"https:\/\/www.rechberger-bau.at\/?page_id=185","og_locale":"de_DE","og_type":"article","og_title":"WIR STELLEN EIN - Jetzt Bewerben!","og_description":"Wir suchen ab sofort Monteure (m\/w) und Selbstst\u00e4ndige Verkaufsberater (m\/w)","og_url":"https:\/\/www.rechberger-bau.at\/?page_id=185","og_site_name":"Rechberger Bau Ges.m.b.H.","article_modified_time":"2020-04-09T09:59:58+00:00","og_image":[{"width":2000,"height":1333,"url":"https:\/\/www.rechberger-bau.at\/wp-content\/uploads\/2017\/05\/shutterstock_515908882-2_1.jpg","type":"image\/jpeg"}],"twitter_card":"summary_large_image","twitter_misc":{"Gesch\u00e4tzte Lesezeit":"2\u00a0Minuten"},"schema":{"@context":"https:\/\/schema.org","@graph":[{"@type":"WebPage","@id":"https:\/\/www.rechberger-bau.at\/?page_id=185","url":"https:\/\/www.rechberger-bau.at\/?page_id=185","name":"Jobs - Rechberger Bau Ges.m.b.H.","isPartOf":{"@id":"https:\/\/www.rechberger-bau.at\/#website"},"datePublished":"2016-11-11T06:22:24+00:00","dateModified":"2020-04-09T09:59:58+00:00","breadcrumb":{"@id":"https:\/\/www.rechberger-bau.at\/?page_id=185#breadcrumb"},"inLanguage":"de","potentialAction":[{"@type":"ReadAction","target":["https:\/\/www.rechberger-bau.at\/?page_id=185"]}]},{"@type":"BreadcrumbList","@id":"https:\/\/www.rechberger-bau.at\/?page_id=185#breadcrumb","itemListElement":[{"@type":"ListItem","position":1,"name":"Startseite","item":"https:\/\/www.rechberger-bau.at\/"},{"@type":"ListItem","position":2,"name":"Jobs"}]},{"@type":"WebSite","@id":"https:\/\/www.rechberger-bau.at\/#website","url":"https:\/\/www.rechberger-bau.at\/","name":"Rechberger Bau Ges.m.b.H.","description":"Rechberger Bau GmbH ist mit \u00fcber 30 Jahre Erfahrung ihr Spezialist f\u00fcr Fenster, T\u00fcren, Tore, Sonnenschutz und Fliesen","potentialAction":[{"@type":"SearchAction","target":{"@type":"EntryPoint","urlTemplate":"https:\/\/www.rechberger-bau.at\/?s={search_term_string}"},"query-input":{"@type":"PropertyValueSpecification","valueRequired":true,"valueName":"search_term_string"}}],"inLanguage":"de"}]}},"_links":{"self":[{"href":"http:\/\/www.rechberger-bau.at\/index.php?rest_route=\/wp\/v2\/pages\/185"}],"collection":[{"href":"http:\/\/www.rechberger-bau.at\/index.php?rest_route=\/wp\/v2\/pages"}],"about":[{"href":"http:\/\/www.rechberger-bau.at\/index.php?rest_route=\/wp\/v2\/types\/page"}],"author":[{"embeddable":true,"href":"http:\/\/www.rechberger-bau.at\/index.php?rest_route=\/wp\/v2\/users\/1"}],"replies":[{"embeddable":true,"href":"http:\/\/www.rechberger-bau.at\/index.php?rest_route=%2Fwp%2Fv2%2Fcomments&post=185"}],"version-history":[{"count":32,"href":"http:\/\/www.rechberger-bau.at\/index.php?rest_route=\/wp\/v2\/pages\/185\/revisions"}],"predecessor-version":[{"id":1709,"href":"http:\/\/www.rechberger-bau.at\/index.php?rest_route=\/wp\/v2\/pages\/185\/revisions\/1709"}],"wp:attachment":[{"href":"http:\/\/www.rechberger-bau.at\/index.php?rest_route=%2Fwp%2Fv2%2Fmedia&parent=185"}],"curies":[{"name":"wp","href":"https:\/\/api.w.org\/{rel}","templated":true}]}}