{"id":603,"date":"2017-02-04T21:17:46","date_gmt":"2017-02-04T20:17:46","guid":{"rendered":"http:\/\/www.rechberger-bau.at\/?page_id=603"},"modified":"2017-04-11T19:23:31","modified_gmt":"2017-04-11T17:23:31","slug":"tueren","status":"publish","type":"page","link":"http:\/\/www.rechberger-bau.at\/?page_id=603","title":{"rendered":"Innent\u00fcren"},"content":{"rendered":"<section class=\"wpb-content-wrapper\"><p>[vc_row full_width=&#8220;stretch_row&#8220; content_placement=&#8220;middle&#8220; container=&#8220;1&#8243;][vc_column][vc_column_text]<\/p>\n<h2>Innent\u00fcren<\/h2>\n<p>[\/vc_column_text][vc_column_text]<strong><img loading=\"lazy\" decoding=\"async\" class=\"alignright wp-image-932\" src=\"http:\/\/www.rechberger-bau.at\/wp-content\/uploads\/2017\/03\/Einstieg_Furniertueren-300x232.jpg\" alt=\"\" width=\"400\" height=\"309\" srcset=\"http:\/\/www.rechberger-bau.at\/wp-content\/uploads\/2017\/03\/Einstieg_Furniertueren-300x232.jpg 300w, http:\/\/www.rechberger-bau.at\/wp-content\/uploads\/2017\/03\/Einstieg_Furniertueren-600x463.jpg 600w, http:\/\/www.rechberger-bau.at\/wp-content\/uploads\/2017\/03\/Einstieg_Furniertueren-768x593.jpg 768w, http:\/\/www.rechberger-bau.at\/wp-content\/uploads\/2017\/03\/Einstieg_Furniertueren.jpg 821w\" sizes=\"(max-width: 400px) 100vw, 400px\" \/>T\u00fcrenvielfalt &#8222;Made in Austria&#8220;<\/strong><\/p>\n<p>\u00d6ffnen Sie mit Kunex die ideale T\u00fcr zu Ihrem pers\u00f6nlichen Wohnstil! Von attraktiven Innent\u00fcren und T\u00fcrelementen in nahezu grenzenloser Ausf\u00fchrungsvielfalt \u00fcber Wohnungseingangst\u00fcren, Sonderformen wie Schutzt\u00fcren, Sicherheitst\u00fcren, Schiebet\u00fcren etc. bis hin zu umfangreichem Zubeh\u00f6r: Bei Kunex finden Sie T\u00fcrl\u00f6sungen, die Innovation, Design, Funktion und vollendete Verarbeitung perfekt verbinden.<\/p>\n<p>Mehr Infos und Details unter:\u00a0<a href=\"http:\/\/www.kunex.at\" target=\"_blank\">www.kunex.at<\/a>[\/vc_column_text][vc_empty_space height=&#8220;200px&#8220;][\/vc_column][\/vc_row]<\/p>\n<\/section>","protected":false},"excerpt":{"rendered":"<p>[vc_row full_width=&#8220;stretch_row&#8220; content_placement=&#8220;middle&#8220; container=&#8220;1&#8243;][vc_column][vc_column_text] Innent\u00fcren [\/vc_column_text][vc_column_text]T\u00fcrenvielfalt &#8222;Made in Austria&#8220; \u00d6ffnen Sie mit Kunex die ideale T\u00fcr zu Ihrem pers\u00f6nlichen Wohnstil! Von attraktiven Innent\u00fcren und T\u00fcrelementen in nahezu grenzenloser Ausf\u00fchrungsvielfalt \u00fcber Wohnungseingangst\u00fcren, Sonderformen wie Schutzt\u00fcren, Sicherheitst\u00fcren, Schiebet\u00fcren etc. bis hin zu umfangreichem Zubeh\u00f6r: Bei Kunex finden Sie T\u00fcrl\u00f6sungen, die Innovation, Design, Funktion und vollendete Verarbeitung perfekt<\/p>\n","protected":false},"author":1,"featured_media":0,"parent":0,"menu_order":0,"comment_status":"closed","ping_status":"closed","template":"tpl-visual_composer.php","meta":{"footnotes":""},"class_list":["post-603","page","type-page","status-publish","hentry"],"yoast_head":"<!-- This site is optimized with the Yoast SEO plugin v23.4 - https:\/\/yoast.com\/wordpress\/plugins\/seo\/ -->\n<title>Innent\u00fcren - Rechberger Bau Ges.m.b.H.<\/title>\n<meta name=\"robots\" content=\"index, follow, max-snippet:-1, max-image-preview:large, max-video-preview:-1\" \/>\n<link rel=\"canonical\" href=\"https:\/\/www.rechberger-bau.at\/?page_id=603\" \/>\n<meta property=\"og:locale\" content=\"de_DE\" \/>\n<meta property=\"og:type\" content=\"article\" \/>\n<meta property=\"og:title\" content=\"Innent\u00fcren - Rechberger Bau Ges.m.b.H.\" \/>\n<meta property=\"og:description\" content=\"[vc_row full_width=&#8220;stretch_row&#8220; content_placement=&#8220;middle&#8220; container=&#8220;1&#8243;][vc_column][vc_column_text] Innent\u00fcren [\/vc_column_text][vc_column_text]T\u00fcrenvielfalt &#8222;Made in Austria&#8220; \u00d6ffnen Sie mit Kunex die ideale T\u00fcr zu Ihrem pers\u00f6nlichen Wohnstil! Von attraktiven Innent\u00fcren und T\u00fcrelementen in nahezu grenzenloser Ausf\u00fchrungsvielfalt \u00fcber Wohnungseingangst\u00fcren, Sonderformen wie Schutzt\u00fcren, Sicherheitst\u00fcren, Schiebet\u00fcren etc. bis hin zu umfangreichem Zubeh\u00f6r: Bei Kunex finden Sie T\u00fcrl\u00f6sungen, die Innovation, Design, Funktion und vollendete Verarbeitung perfekt\" \/>\n<meta property=\"og:url\" content=\"https:\/\/www.rechberger-bau.at\/?page_id=603\" \/>\n<meta property=\"og:site_name\" content=\"Rechberger Bau Ges.m.b.H.\" \/>\n<meta property=\"article:modified_time\" content=\"2017-04-11T17:23:31+00:00\" \/>\n<meta property=\"og:image\" content=\"http:\/\/www.rechberger-bau.at\/wp-content\/uploads\/2017\/03\/Einstieg_Furniertueren-300x232.jpg\" \/>\n<meta name=\"twitter:card\" content=\"summary_large_image\" \/>\n<meta name=\"twitter:label1\" content=\"Gesch\u00e4tzte Lesezeit\" \/>\n\t<meta name=\"twitter:data1\" content=\"1\u00a0Minute\" \/>\n<script type=\"application\/ld+json\" class=\"yoast-schema-graph\">{\"@context\":\"https:\/\/schema.org\",\"@graph\":[{\"@type\":\"WebPage\",\"@id\":\"https:\/\/www.rechberger-bau.at\/?page_id=603\",\"url\":\"https:\/\/www.rechberger-bau.at\/?page_id=603\",\"name\":\"Innent\u00fcren - Rechberger Bau Ges.m.b.H.\",\"isPartOf\":{\"@id\":\"https:\/\/www.rechberger-bau.at\/#website\"},\"primaryImageOfPage\":{\"@id\":\"https:\/\/www.rechberger-bau.at\/?page_id=603#primaryimage\"},\"image\":{\"@id\":\"https:\/\/www.rechberger-bau.at\/?page_id=603#primaryimage\"},\"thumbnailUrl\":\"http:\/\/www.rechberger-bau.at\/wp-content\/uploads\/2017\/03\/Einstieg_Furniertueren-300x232.jpg\",\"datePublished\":\"2017-02-04T20:17:46+00:00\",\"dateModified\":\"2017-04-11T17:23:31+00:00\",\"breadcrumb\":{\"@id\":\"https:\/\/www.rechberger-bau.at\/?page_id=603#breadcrumb\"},\"inLanguage\":\"de\",\"potentialAction\":[{\"@type\":\"ReadAction\",\"target\":[\"https:\/\/www.rechberger-bau.at\/?page_id=603\"]}]},{\"@type\":\"ImageObject\",\"inLanguage\":\"de\",\"@id\":\"https:\/\/www.rechberger-bau.at\/?page_id=603#primaryimage\",\"url\":\"http:\/\/www.rechberger-bau.at\/wp-content\/uploads\/2017\/03\/Einstieg_Furniertueren.jpg\",\"contentUrl\":\"http:\/\/www.rechberger-bau.at\/wp-content\/uploads\/2017\/03\/Einstieg_Furniertueren.jpg\",\"width\":821,\"height\":634},{\"@type\":\"BreadcrumbList\",\"@id\":\"https:\/\/www.rechberger-bau.at\/?page_id=603#breadcrumb\",\"itemListElement\":[{\"@type\":\"ListItem\",\"position\":1,\"name\":\"Startseite\",\"item\":\"https:\/\/www.rechberger-bau.at\/\"},{\"@type\":\"ListItem\",\"position\":2,\"name\":\"Innent\u00fcren\"}]},{\"@type\":\"WebSite\",\"@id\":\"https:\/\/www.rechberger-bau.at\/#website\",\"url\":\"https:\/\/www.rechberger-bau.at\/\",\"name\":\"Rechberger Bau Ges.m.b.H.\",\"description\":\"Rechberger Bau GmbH ist mit \u00fcber 30 Jahre Erfahrung ihr Spezialist f\u00fcr Fenster, T\u00fcren, Tore, Sonnenschutz und Fliesen\",\"potentialAction\":[{\"@type\":\"SearchAction\",\"target\":{\"@type\":\"EntryPoint\",\"urlTemplate\":\"https:\/\/www.rechberger-bau.at\/?s={search_term_string}\"},\"query-input\":{\"@type\":\"PropertyValueSpecification\",\"valueRequired\":true,\"valueName\":\"search_term_string\"}}],\"inLanguage\":\"de\"}]}<\/script>\n<!-- \/ Yoast SEO plugin. -->","yoast_head_json":{"title":"Innent\u00fcren - Rechberger Bau Ges.m.b.H.","robots":{"index":"index","follow":"follow","max-snippet":"max-snippet:-1","max-image-preview":"max-image-preview:large","max-video-preview":"max-video-preview:-1"},"canonical":"https:\/\/www.rechberger-bau.at\/?page_id=603","og_locale":"de_DE","og_type":"article","og_title":"Innent\u00fcren - Rechberger Bau Ges.m.b.H.","og_description":"[vc_row full_width=&#8220;stretch_row&#8220; content_placement=&#8220;middle&#8220; container=&#8220;1&#8243;][vc_column][vc_column_text] Innent\u00fcren [\/vc_column_text][vc_column_text]T\u00fcrenvielfalt &#8222;Made in Austria&#8220; \u00d6ffnen Sie mit Kunex die ideale T\u00fcr zu Ihrem pers\u00f6nlichen Wohnstil! Von attraktiven Innent\u00fcren und T\u00fcrelementen in nahezu grenzenloser Ausf\u00fchrungsvielfalt \u00fcber Wohnungseingangst\u00fcren, Sonderformen wie Schutzt\u00fcren, Sicherheitst\u00fcren, Schiebet\u00fcren etc. bis hin zu umfangreichem Zubeh\u00f6r: Bei Kunex finden Sie T\u00fcrl\u00f6sungen, die Innovation, Design, Funktion und vollendete Verarbeitung perfekt","og_url":"https:\/\/www.rechberger-bau.at\/?page_id=603","og_site_name":"Rechberger Bau Ges.m.b.H.","article_modified_time":"2017-04-11T17:23:31+00:00","og_image":[{"url":"http:\/\/www.rechberger-bau.at\/wp-content\/uploads\/2017\/03\/Einstieg_Furniertueren-300x232.jpg"}],"twitter_card":"summary_large_image","twitter_misc":{"Gesch\u00e4tzte Lesezeit":"1\u00a0Minute"},"schema":{"@context":"https:\/\/schema.org","@graph":[{"@type":"WebPage","@id":"https:\/\/www.rechberger-bau.at\/?page_id=603","url":"https:\/\/www.rechberger-bau.at\/?page_id=603","name":"Innent\u00fcren - Rechberger Bau Ges.m.b.H.","isPartOf":{"@id":"https:\/\/www.rechberger-bau.at\/#website"},"primaryImageOfPage":{"@id":"https:\/\/www.rechberger-bau.at\/?page_id=603#primaryimage"},"image":{"@id":"https:\/\/www.rechberger-bau.at\/?page_id=603#primaryimage"},"thumbnailUrl":"http:\/\/www.rechberger-bau.at\/wp-content\/uploads\/2017\/03\/Einstieg_Furniertueren-300x232.jpg","datePublished":"2017-02-04T20:17:46+00:00","dateModified":"2017-04-11T17:23:31+00:00","breadcrumb":{"@id":"https:\/\/www.rechberger-bau.at\/?page_id=603#breadcrumb"},"inLanguage":"de","potentialAction":[{"@type":"ReadAction","target":["https:\/\/www.rechberger-bau.at\/?page_id=603"]}]},{"@type":"ImageObject","inLanguage":"de","@id":"https:\/\/www.rechberger-bau.at\/?page_id=603#primaryimage","url":"http:\/\/www.rechberger-bau.at\/wp-content\/uploads\/2017\/03\/Einstieg_Furniertueren.jpg","contentUrl":"http:\/\/www.rechberger-bau.at\/wp-content\/uploads\/2017\/03\/Einstieg_Furniertueren.jpg","width":821,"height":634},{"@type":"BreadcrumbList","@id":"https:\/\/www.rechberger-bau.at\/?page_id=603#breadcrumb","itemListElement":[{"@type":"ListItem","position":1,"name":"Startseite","item":"https:\/\/www.rechberger-bau.at\/"},{"@type":"ListItem","position":2,"name":"Innent\u00fcren"}]},{"@type":"WebSite","@id":"https:\/\/www.rechberger-bau.at\/#website","url":"https:\/\/www.rechberger-bau.at\/","name":"Rechberger Bau Ges.m.b.H.","description":"Rechberger Bau GmbH ist mit \u00fcber 30 Jahre Erfahrung ihr Spezialist f\u00fcr Fenster, T\u00fcren, Tore, Sonnenschutz und Fliesen","potentialAction":[{"@type":"SearchAction","target":{"@type":"EntryPoint","urlTemplate":"https:\/\/www.rechberger-bau.at\/?s={search_term_string}"},"query-input":{"@type":"PropertyValueSpecification","valueRequired":true,"valueName":"search_term_string"}}],"inLanguage":"de"}]}},"_links":{"self":[{"href":"http:\/\/www.rechberger-bau.at\/index.php?rest_route=\/wp\/v2\/pages\/603"}],"collection":[{"href":"http:\/\/www.rechberger-bau.at\/index.php?rest_route=\/wp\/v2\/pages"}],"about":[{"href":"http:\/\/www.rechberger-bau.at\/index.php?rest_route=\/wp\/v2\/types\/page"}],"author":[{"embeddable":true,"href":"http:\/\/www.rechberger-bau.at\/index.php?rest_route=\/wp\/v2\/users\/1"}],"replies":[{"embeddable":true,"href":"http:\/\/www.rechberger-bau.at\/index.php?rest_route=%2Fwp%2Fv2%2Fcomments&post=603"}],"version-history":[{"count":13,"href":"http:\/\/www.rechberger-bau.at\/index.php?rest_route=\/wp\/v2\/pages\/603\/revisions"}],"predecessor-version":[{"id":964,"href":"http:\/\/www.rechberger-bau.at\/index.php?rest_route=\/wp\/v2\/pages\/603\/revisions\/964"}],"wp:attachment":[{"href":"http:\/\/www.rechberger-bau.at\/index.php?rest_route=%2Fwp%2Fv2%2Fmedia&parent=603"}],"curies":[{"name":"wp","href":"https:\/\/api.w.org\/{rel}","templated":true}]}}