{"id":607,"date":"2017-02-04T21:18:41","date_gmt":"2017-02-04T20:18:41","guid":{"rendered":"http:\/\/www.rechberger-bau.at\/?page_id=607"},"modified":"2018-05-25T12:12:35","modified_gmt":"2018-05-25T10:12:35","slug":"montage","status":"publish","type":"page","link":"http:\/\/www.rechberger-bau.at\/?page_id=607","title":{"rendered":"Haust\u00fcren"},"content":{"rendered":"<section class=\"wpb-content-wrapper\"><p>[vc_row full_width=&#8220;stretch_row&#8220; content_placement=&#8220;middle&#8220; container=&#8220;1&#8243;][vc_column][vc_column_text]<\/p>\n<h2>Haust\u00fcren<\/h2>\n<p>Gerne k\u00f6nnen Sie auch ihre T\u00fcren individuell im Internorm T\u00fcrdesigner gestalten.<\/p>\n<p><a href=\"https:\/\/designer.internorm.com\/doordesigner\/de\/doors\/\" target=\"_blank\" rel=\"noopener noreferrer\">Hier gehts zum Internorm T\u00fcrdesigner<\/a>[\/vc_column_text][\/vc_column][\/vc_row][vc_row full_width=&#8220;stretch_row&#8220; content_placement=&#8220;middle&#8220; container=&#8220;1&#8243;][vc_column][vc_column_text]<\/p>\n<h2>Aluminium Haust\u00fcren<\/h2>\n<p>[\/vc_column_text] \r\r\n   \r\r\n\r\r\n<!--Services Section-->\r\r\n<section class=\"services-section\">\r\r\n    <div class=\"auto-container\">\r\r\n        \r\r\n        <div class=\"row clearfix\">\r\r\n            \r\n            <!--Service Block-->\r\r\n            <div class=\"default-services-block col-md-4 col-sm-6 col-xs-12\">\r\r\n                <div class=\"inner-box\">\r\r\n                    <figure class=\"image-box\"><img loading=\"lazy\" decoding=\"async\" width=\"370\" height=\"210\" src=\"http:\/\/www.rechberger-bau.at\/wp-content\/uploads\/2017\/03\/AT410-370x210.jpg\" class=\"attachment-decorators_370x210 size-decorators_370x210 wp-post-image\" alt=\"\" \/><a href=\"http:\/\/www.rechberger-bau.at\/?bunch_services=at-410-flaechenbuendige-aluminium-haustuere\" class=\"overlay-box\"><span class=\"fa fa-link\"><\/span><\/a><\/figure>\r\r\n                    <div class=\"lower-content\">\r\r\n                        <div class=\"transparen-icon\"><span class=\"\"><\/span><\/div>\r\r\n                        <h3><a href=\"http:\/\/www.rechberger-bau.at\/?bunch_services=at-410-flaechenbuendige-aluminium-haustuere\">AT 540 Fl\u00e4chenb\u00fcndige Aluminium Haust\u00fcre<\/a><\/h3>\r\r\n                        <div class=\"text\">Details: Fl\u00e4chenb\u00fcndiges Design f\u00fcr innen und au\u00dfen 3-Kammernprofil und Schaumisolierkern Verdeckt liegende T\u00fcrb\u00e4nder serienm\u00e4\u00dfig 5 -fach Verriegelung integriert Hier gehts ...<\/div>\r\r\n                        <div class=\"link-box\"><a href=\"http:\/\/www.rechberger-bau.at\/?bunch_services=at-410-flaechenbuendige-aluminium-haustuere\" class=\"theme-btn read-more\">MEHR INFOS<\/a><\/div>\r\r\n                    <\/div>\r\r\n                <\/div>\r\r\n            <\/div>\r\r\n            \r\n            <!--Service Block-->\r\r\n            <div class=\"default-services-block col-md-4 col-sm-6 col-xs-12\">\r\r\n                <div class=\"inner-box\">\r\r\n                    <figure class=\"image-box\"><img loading=\"lazy\" decoding=\"async\" width=\"370\" height=\"210\" src=\"http:\/\/www.rechberger-bau.at\/wp-content\/uploads\/2017\/03\/AT400-370x210.jpg\" class=\"attachment-decorators_370x210 size-decorators_370x210 wp-post-image\" alt=\"\" \/><a href=\"http:\/\/www.rechberger-bau.at\/?bunch_services=at-400\" class=\"overlay-box\"><span class=\"fa fa-link\"><\/span><\/a><\/figure>\r\r\n                    <div class=\"lower-content\">\r\r\n                        <div class=\"transparen-icon\"><span class=\"\"><\/span><\/div>\r\r\n                        <h3><a href=\"http:\/\/www.rechberger-bau.at\/?bunch_services=at-400\">AT 530<\/a><\/h3>\r\r\n                        <div class=\"text\">Details: Kantiges Design innen und au\u00dfen Flacher Glasrahmen optional verdeckt liegende B\u00e4nder 3 Kammer Rahmenprofil und Schaumisolierkern serienm\u00e4\u00dfig 5-fach Verriegelung ...<\/div>\r\r\n                        <div class=\"link-box\"><a href=\"http:\/\/www.rechberger-bau.at\/?bunch_services=at-400\" class=\"theme-btn read-more\">MEHR INFOS<\/a><\/div>\r\r\n                    <\/div>\r\r\n                <\/div>\r\r\n            <\/div>\r\r\n            \r\n            <!--Service Block-->\r\r\n            <div class=\"default-services-block col-md-4 col-sm-6 col-xs-12\">\r\r\n                <div class=\"inner-box\">\r\r\n                    <figure class=\"image-box\"><img loading=\"lazy\" decoding=\"async\" width=\"370\" height=\"210\" src=\"http:\/\/www.rechberger-bau.at\/wp-content\/uploads\/2017\/03\/AT310-370x210.jpg\" class=\"attachment-decorators_370x210 size-decorators_370x210 wp-post-image\" alt=\"\" \/><a href=\"http:\/\/www.rechberger-bau.at\/?bunch_services=at-310\" class=\"overlay-box\"><span class=\"fa fa-link\"><\/span><\/a><\/figure>\r\r\n                    <div class=\"lower-content\">\r\r\n                        <div class=\"transparen-icon\"><span class=\"\"><\/span><\/div>\r\r\n                        <h3><a href=\"http:\/\/www.rechberger-bau.at\/?bunch_services=at-310\">AT 520<\/a><\/h3>\r\r\n                        <div class=\"text\">Details: Kantiges Design innen und au\u00dfen profilierter Glasrahmen optional verdeckt liegende B\u00e4nder 3 Kammer Rahmenprofil und Schaumisolierkern serienm\u00e4\u00dfig 5-fach Verriegelung ...<\/div>\r\r\n                        <div class=\"link-box\"><a href=\"http:\/\/www.rechberger-bau.at\/?bunch_services=at-310\" class=\"theme-btn read-more\">MEHR INFOS<\/a><\/div>\r\r\n                    <\/div>\r\r\n                <\/div>\r\r\n            <\/div>\r\r\n            \r\n            <!--Service Block-->\r\r\n            <div class=\"default-services-block col-md-4 col-sm-6 col-xs-12\">\r\r\n                <div class=\"inner-box\">\r\r\n                    <figure class=\"image-box\"><img loading=\"lazy\" decoding=\"async\" width=\"370\" height=\"210\" src=\"http:\/\/www.rechberger-bau.at\/wp-content\/uploads\/2022\/04\/at510-370x210.jpg\" class=\"attachment-decorators_370x210 size-decorators_370x210 wp-post-image\" alt=\"\" \/><a href=\"http:\/\/www.rechberger-bau.at\/?bunch_services=at-200-2\" class=\"overlay-box\"><span class=\"fa fa-link\"><\/span><\/a><\/figure>\r\r\n                    <div class=\"lower-content\">\r\r\n                        <div class=\"transparen-icon\"><span class=\"\"><\/span><\/div>\r\r\n                        <h3><a href=\"http:\/\/www.rechberger-bau.at\/?bunch_services=at-200-2\">AT 510<\/a><\/h3>\r\r\n                        <div class=\"text\">Details: INNEN PROFILIERT, AUSSEN KANTIG 3-Kammer-Rahmenprofil und Isolierglaskern f\u00fcr sehr hohe W\u00e4rmed\u00e4mmung Verdeckt liegende T\u00fcrb\u00e4nder (optional) Bautiefe 93 mm Hier ...<\/div>\r\r\n                        <div class=\"link-box\"><a href=\"http:\/\/www.rechberger-bau.at\/?bunch_services=at-200-2\" class=\"theme-btn read-more\">MEHR INFOS<\/a><\/div>\r\r\n                    <\/div>\r\r\n                <\/div>\r\r\n            <\/div>\r\r\n            \r\n            <!--Service Block-->\r\r\n            <div class=\"default-services-block col-md-4 col-sm-6 col-xs-12\">\r\r\n                <div class=\"inner-box\">\r\r\n                    <figure class=\"image-box\"><img loading=\"lazy\" decoding=\"async\" width=\"370\" height=\"210\" src=\"http:\/\/www.rechberger-bau.at\/wp-content\/uploads\/2017\/03\/AT200-370x210.jpg\" class=\"attachment-decorators_370x210 size-decorators_370x210 wp-post-image\" alt=\"\" \/><a href=\"http:\/\/www.rechberger-bau.at\/?bunch_services=at-200\" class=\"overlay-box\"><span class=\"fa fa-link\"><\/span><\/a><\/figure>\r\r\n                    <div class=\"lower-content\">\r\r\n                        <div class=\"transparen-icon\"><span class=\"\"><\/span><\/div>\r\r\n                        <h3><a href=\"http:\/\/www.rechberger-bau.at\/?bunch_services=at-200\">AT 500<\/a><\/h3>\r\r\n                        <div class=\"text\">Details: aus Kantiges oder profiliertes Profil innen und au\u00dfen w\u00e4hlbar thermisch getrennte Bodenschwelle Mehrfachverriegelung 3 Kammer Rahmenprofil und Schaumisolierkern Hier ...<\/div>\r\r\n                        <div class=\"link-box\"><a href=\"http:\/\/www.rechberger-bau.at\/?bunch_services=at-200\" class=\"theme-btn read-more\">MEHR INFOS<\/a><\/div>\r\r\n                    <\/div>\r\r\n                <\/div>\r\r\n            <\/div>\r\r\n            \r\n        <\/div>\r\r\n    <\/div>\r\r\n<\/section>\r\r\n\r\r\n\r\n[\/vc_column][\/vc_row][vc_row full_width=&#8220;stretch_row&#8220; content_placement=&#8220;middle&#8220; container=&#8220;1&#8243;][vc_column][vc_column_text]<\/p>\n<h2>Holz-Aluminium Haust\u00fcren<\/h2>\n<p>[\/vc_column_text] \r\r\n   \r\r\n\r\r\n<!--Services Section-->\r\r\n<section class=\"services-section\">\r\r\n    <div class=\"auto-container\">\r\r\n        \r\r\n        <div class=\"row clearfix\">\r\r\n            \r\n            <!--Service Block-->\r\r\n            <div class=\"default-services-block col-md-4 col-sm-6 col-xs-12\">\r\r\n                <div class=\"inner-box\">\r\r\n                    <figure class=\"image-box\"><img loading=\"lazy\" decoding=\"async\" width=\"370\" height=\"210\" src=\"http:\/\/www.rechberger-bau.at\/wp-content\/uploads\/2017\/03\/ht410-370x210.jpg\" class=\"attachment-decorators_370x210 size-decorators_370x210 wp-post-image\" alt=\"\" \/><a href=\"http:\/\/www.rechberger-bau.at\/?bunch_services=ht-410\" class=\"overlay-box\"><span class=\"fa fa-link\"><\/span><\/a><\/figure>\r\r\n                    <div class=\"lower-content\">\r\r\n                        <div class=\"transparen-icon\"><span class=\"\"><\/span><\/div>\r\r\n                        <h3><a href=\"http:\/\/www.rechberger-bau.at\/?bunch_services=ht-410\">HT 410<\/a><\/h3>\r\r\n                        <div class=\"text\">Ausgereiftes Verbundsystem von Holz, Thermoschaum und Aluminium f\u00fcr stabile Haust\u00fcren. Innen und Au\u00dfen fl\u00e4chenb\u00fcndiges Design flacher Glasrahmen verdeckt liegende B\u00e4nder ...<\/div>\r\r\n                        <div class=\"link-box\"><a href=\"http:\/\/www.rechberger-bau.at\/?bunch_services=ht-410\" class=\"theme-btn read-more\">MEHR INFOS<\/a><\/div>\r\r\n                    <\/div>\r\r\n                <\/div>\r\r\n            <\/div>\r\r\n            \r\n            <!--Service Block-->\r\r\n            <div class=\"default-services-block col-md-4 col-sm-6 col-xs-12\">\r\r\n                <div class=\"inner-box\">\r\r\n                    <figure class=\"image-box\"><img loading=\"lazy\" decoding=\"async\" width=\"370\" height=\"210\" src=\"http:\/\/www.rechberger-bau.at\/wp-content\/uploads\/2017\/03\/ht400-370x210.jpg\" class=\"attachment-decorators_370x210 size-decorators_370x210 wp-post-image\" alt=\"\" \/><a href=\"http:\/\/www.rechberger-bau.at\/?bunch_services=ht-400\" class=\"overlay-box\"><span class=\"fa fa-link\"><\/span><\/a><\/figure>\r\r\n                    <div class=\"lower-content\">\r\r\n                        <div class=\"transparen-icon\"><span class=\"\"><\/span><\/div>\r\r\n                        <h3><a href=\"http:\/\/www.rechberger-bau.at\/?bunch_services=ht-400\">HT 400<\/a><\/h3>\r\r\n                        <div class=\"text\">Ausgereiftes Verbundsystem von Holz, Thermoschaum und Aluminium f\u00fcr stabile Haust\u00fcren. Kantiges Design Innen und Au\u00dfen profilierter Glasrahmen verdeckt liegende B\u00e4nder ...<\/div>\r\r\n                        <div class=\"link-box\"><a href=\"http:\/\/www.rechberger-bau.at\/?bunch_services=ht-400\" class=\"theme-btn read-more\">MEHR INFOS<\/a><\/div>\r\r\n                    <\/div>\r\r\n                <\/div>\r\r\n            <\/div>\r\r\n            \r\n        <\/div>\r\r\n    <\/div>\r\r\n<\/section>\r\r\n\r\r\n\r\n[\/vc_column][\/vc_row]<\/p>\n<\/section>","protected":false},"excerpt":{"rendered":"<p>[vc_row full_width=&#8220;stretch_row&#8220; content_placement=&#8220;middle&#8220; container=&#8220;1&#8243;][vc_column][vc_column_text] Haust\u00fcren Gerne k\u00f6nnen Sie auch ihre T\u00fcren individuell im Internorm T\u00fcrdesigner gestalten. Hier gehts zum Internorm T\u00fcrdesigner[\/vc_column_text][\/vc_column][\/vc_row][vc_row full_width=&#8220;stretch_row&#8220; content_placement=&#8220;middle&#8220; container=&#8220;1&#8243;][vc_column][vc_column_text] Aluminium Haust\u00fcren [\/vc_column_text][\/vc_column][\/vc_row][vc_row full_width=&#8220;stretch_row&#8220; content_placement=&#8220;middle&#8220; container=&#8220;1&#8243;][vc_column][vc_column_text] Holz-Aluminium Haust\u00fcren [\/vc_column_text][\/vc_column][\/vc_row]<\/p>\n","protected":false},"author":1,"featured_media":0,"parent":0,"menu_order":0,"comment_status":"closed","ping_status":"closed","template":"tpl-visual_composer.php","meta":{"footnotes":""},"class_list":["post-607","page","type-page","status-publish","hentry"],"yoast_head":"<!-- This site is optimized with the Yoast SEO plugin v23.4 - https:\/\/yoast.com\/wordpress\/plugins\/seo\/ -->\n<title>Haust\u00fcren - Rechberger Bau Ges.m.b.H.<\/title>\n<meta name=\"robots\" content=\"index, follow, max-snippet:-1, max-image-preview:large, max-video-preview:-1\" \/>\n<link rel=\"canonical\" href=\"http:\/\/www.rechberger-bau.at\/?page_id=607\" \/>\n<meta property=\"og:locale\" content=\"de_DE\" \/>\n<meta property=\"og:type\" content=\"article\" \/>\n<meta property=\"og:title\" content=\"Haust\u00fcren - Rechberger Bau Ges.m.b.H.\" \/>\n<meta property=\"og:description\" content=\"[vc_row full_width=&#8220;stretch_row&#8220; content_placement=&#8220;middle&#8220; container=&#8220;1&#8243;][vc_column][vc_column_text] Haust\u00fcren Gerne k\u00f6nnen Sie auch ihre T\u00fcren individuell im Internorm T\u00fcrdesigner gestalten. Hier gehts zum Internorm T\u00fcrdesigner[\/vc_column_text][\/vc_column][\/vc_row][vc_row full_width=&#8220;stretch_row&#8220; content_placement=&#8220;middle&#8220; container=&#8220;1&#8243;][vc_column][vc_column_text] Aluminium Haust\u00fcren [\/vc_column_text][\/vc_column][\/vc_row][vc_row full_width=&#8220;stretch_row&#8220; content_placement=&#8220;middle&#8220; container=&#8220;1&#8243;][vc_column][vc_column_text] Holz-Aluminium Haust\u00fcren [\/vc_column_text][\/vc_column][\/vc_row]\" \/>\n<meta property=\"og:url\" content=\"http:\/\/www.rechberger-bau.at\/?page_id=607\" \/>\n<meta property=\"og:site_name\" content=\"Rechberger Bau Ges.m.b.H.\" \/>\n<meta property=\"article:modified_time\" content=\"2018-05-25T10:12:35+00:00\" \/>\n<meta name=\"twitter:card\" content=\"summary_large_image\" \/>\n<meta name=\"twitter:label1\" content=\"Gesch\u00e4tzte Lesezeit\" \/>\n\t<meta name=\"twitter:data1\" content=\"1\u00a0Minute\" \/>\n<script type=\"application\/ld+json\" class=\"yoast-schema-graph\">{\"@context\":\"https:\/\/schema.org\",\"@graph\":[{\"@type\":\"WebPage\",\"@id\":\"http:\/\/www.rechberger-bau.at\/?page_id=607\",\"url\":\"http:\/\/www.rechberger-bau.at\/?page_id=607\",\"name\":\"Haust\u00fcren - Rechberger Bau Ges.m.b.H.\",\"isPartOf\":{\"@id\":\"https:\/\/www.rechberger-bau.at\/#website\"},\"datePublished\":\"2017-02-04T20:18:41+00:00\",\"dateModified\":\"2018-05-25T10:12:35+00:00\",\"breadcrumb\":{\"@id\":\"http:\/\/www.rechberger-bau.at\/?page_id=607#breadcrumb\"},\"inLanguage\":\"de\",\"potentialAction\":[{\"@type\":\"ReadAction\",\"target\":[\"http:\/\/www.rechberger-bau.at\/?page_id=607\"]}]},{\"@type\":\"BreadcrumbList\",\"@id\":\"http:\/\/www.rechberger-bau.at\/?page_id=607#breadcrumb\",\"itemListElement\":[{\"@type\":\"ListItem\",\"position\":1,\"name\":\"Startseite\",\"item\":\"https:\/\/www.rechberger-bau.at\/\"},{\"@type\":\"ListItem\",\"position\":2,\"name\":\"Haust\u00fcren\"}]},{\"@type\":\"WebSite\",\"@id\":\"https:\/\/www.rechberger-bau.at\/#website\",\"url\":\"https:\/\/www.rechberger-bau.at\/\",\"name\":\"Rechberger Bau Ges.m.b.H.\",\"description\":\"Rechberger Bau GmbH ist mit \u00fcber 30 Jahre Erfahrung ihr Spezialist f\u00fcr Fenster, T\u00fcren, Tore, Sonnenschutz und Fliesen\",\"potentialAction\":[{\"@type\":\"SearchAction\",\"target\":{\"@type\":\"EntryPoint\",\"urlTemplate\":\"https:\/\/www.rechberger-bau.at\/?s={search_term_string}\"},\"query-input\":{\"@type\":\"PropertyValueSpecification\",\"valueRequired\":true,\"valueName\":\"search_term_string\"}}],\"inLanguage\":\"de\"}]}<\/script>\n<!-- \/ Yoast SEO plugin. -->","yoast_head_json":{"title":"Haust\u00fcren - Rechberger Bau Ges.m.b.H.","robots":{"index":"index","follow":"follow","max-snippet":"max-snippet:-1","max-image-preview":"max-image-preview:large","max-video-preview":"max-video-preview:-1"},"canonical":"http:\/\/www.rechberger-bau.at\/?page_id=607","og_locale":"de_DE","og_type":"article","og_title":"Haust\u00fcren - Rechberger Bau Ges.m.b.H.","og_description":"[vc_row full_width=&#8220;stretch_row&#8220; content_placement=&#8220;middle&#8220; container=&#8220;1&#8243;][vc_column][vc_column_text] Haust\u00fcren Gerne k\u00f6nnen Sie auch ihre T\u00fcren individuell im Internorm T\u00fcrdesigner gestalten. Hier gehts zum Internorm T\u00fcrdesigner[\/vc_column_text][\/vc_column][\/vc_row][vc_row full_width=&#8220;stretch_row&#8220; content_placement=&#8220;middle&#8220; container=&#8220;1&#8243;][vc_column][vc_column_text] Aluminium Haust\u00fcren [\/vc_column_text][\/vc_column][\/vc_row][vc_row full_width=&#8220;stretch_row&#8220; content_placement=&#8220;middle&#8220; container=&#8220;1&#8243;][vc_column][vc_column_text] Holz-Aluminium Haust\u00fcren [\/vc_column_text][\/vc_column][\/vc_row]","og_url":"http:\/\/www.rechberger-bau.at\/?page_id=607","og_site_name":"Rechberger Bau Ges.m.b.H.","article_modified_time":"2018-05-25T10:12:35+00:00","twitter_card":"summary_large_image","twitter_misc":{"Gesch\u00e4tzte Lesezeit":"1\u00a0Minute"},"schema":{"@context":"https:\/\/schema.org","@graph":[{"@type":"WebPage","@id":"http:\/\/www.rechberger-bau.at\/?page_id=607","url":"http:\/\/www.rechberger-bau.at\/?page_id=607","name":"Haust\u00fcren - Rechberger Bau Ges.m.b.H.","isPartOf":{"@id":"https:\/\/www.rechberger-bau.at\/#website"},"datePublished":"2017-02-04T20:18:41+00:00","dateModified":"2018-05-25T10:12:35+00:00","breadcrumb":{"@id":"http:\/\/www.rechberger-bau.at\/?page_id=607#breadcrumb"},"inLanguage":"de","potentialAction":[{"@type":"ReadAction","target":["http:\/\/www.rechberger-bau.at\/?page_id=607"]}]},{"@type":"BreadcrumbList","@id":"http:\/\/www.rechberger-bau.at\/?page_id=607#breadcrumb","itemListElement":[{"@type":"ListItem","position":1,"name":"Startseite","item":"https:\/\/www.rechberger-bau.at\/"},{"@type":"ListItem","position":2,"name":"Haust\u00fcren"}]},{"@type":"WebSite","@id":"https:\/\/www.rechberger-bau.at\/#website","url":"https:\/\/www.rechberger-bau.at\/","name":"Rechberger Bau Ges.m.b.H.","description":"Rechberger Bau GmbH ist mit \u00fcber 30 Jahre Erfahrung ihr Spezialist f\u00fcr Fenster, T\u00fcren, Tore, Sonnenschutz und Fliesen","potentialAction":[{"@type":"SearchAction","target":{"@type":"EntryPoint","urlTemplate":"https:\/\/www.rechberger-bau.at\/?s={search_term_string}"},"query-input":{"@type":"PropertyValueSpecification","valueRequired":true,"valueName":"search_term_string"}}],"inLanguage":"de"}]}},"_links":{"self":[{"href":"http:\/\/www.rechberger-bau.at\/index.php?rest_route=\/wp\/v2\/pages\/607"}],"collection":[{"href":"http:\/\/www.rechberger-bau.at\/index.php?rest_route=\/wp\/v2\/pages"}],"about":[{"href":"http:\/\/www.rechberger-bau.at\/index.php?rest_route=\/wp\/v2\/types\/page"}],"author":[{"embeddable":true,"href":"http:\/\/www.rechberger-bau.at\/index.php?rest_route=\/wp\/v2\/users\/1"}],"replies":[{"embeddable":true,"href":"http:\/\/www.rechberger-bau.at\/index.php?rest_route=%2Fwp%2Fv2%2Fcomments&post=607"}],"version-history":[{"count":19,"href":"http:\/\/www.rechberger-bau.at\/index.php?rest_route=\/wp\/v2\/pages\/607\/revisions"}],"predecessor-version":[{"id":1301,"href":"http:\/\/www.rechberger-bau.at\/index.php?rest_route=\/wp\/v2\/pages\/607\/revisions\/1301"}],"wp:attachment":[{"href":"http:\/\/www.rechberger-bau.at\/index.php?rest_route=%2Fwp%2Fv2%2Fmedia&parent=607"}],"curies":[{"name":"wp","href":"https:\/\/api.w.org\/{rel}","templated":true}]}}