{"id":115,"date":"2016-11-09T08:04:07","date_gmt":"2016-11-09T08:04:07","guid":{"rendered":"http:\/\/asianitbd.com\/wp\/decorators\/?page_id=115"},"modified":"2017-05-17T20:26:21","modified_gmt":"2017-05-17T18:26:21","slug":"our-team","status":"publish","type":"page","link":"https:\/\/www.rechberger-bau.at\/?page_id=115","title":{"rendered":"Unser Team"},"content":{"rendered":"<section class=\"wpb-content-wrapper\"><p>[vc_row full_width=&#8220;stretch_row&#8220; content_placement=&#8220;middle&#8220; container=&#8220;1&#8243;][vc_column][vc_column_text]<\/p>\n<h2>Unser Team<\/h2>\n<p>Nur wer gute Mitarbeiter hat, kann etwas bewegen.[\/vc_column_text]  \r\r\n   \r\r\n\r\r\n<!--Team Section One-->\r\r\n<section class=\"team-section-one\">\r\r\n    <div class=\"auto-container\">\r\r\n        \r\n        <div class=\"row clearfix\">\r\r\n            \r\n            <!--Team Member-->\r\r\n            <div class=\"team-member-one col-lg-3 col-md-4 col-sm-6 col-xs-12\">\r\r\n                <div class=\"inner-box\">\r\r\n                    <figure class=\"image-box\">\r\r\n                        <img loading=\"lazy\" decoding=\"async\" width=\"869\" height=\"1280\" src=\"https:\/\/www.rechberger-bau.at\/wp-content\/uploads\/2016\/11\/BGM_Elisabeth_Rechberger_2016_St.Veit_ausgeschnitten_von_BGM_LH_Foto.jpeg\" class=\"attachment-270x210 size-270x210 wp-post-image\" alt=\"\" srcset=\"https:\/\/www.rechberger-bau.at\/wp-content\/uploads\/2016\/11\/BGM_Elisabeth_Rechberger_2016_St.Veit_ausgeschnitten_von_BGM_LH_Foto.jpeg 869w, https:\/\/www.rechberger-bau.at\/wp-content\/uploads\/2016\/11\/BGM_Elisabeth_Rechberger_2016_St.Veit_ausgeschnitten_von_BGM_LH_Foto-600x884.jpeg 600w, https:\/\/www.rechberger-bau.at\/wp-content\/uploads\/2016\/11\/BGM_Elisabeth_Rechberger_2016_St.Veit_ausgeschnitten_von_BGM_LH_Foto-204x300.jpeg 204w, https:\/\/www.rechberger-bau.at\/wp-content\/uploads\/2016\/11\/BGM_Elisabeth_Rechberger_2016_St.Veit_ausgeschnitten_von_BGM_LH_Foto-768x1131.jpeg 768w, https:\/\/www.rechberger-bau.at\/wp-content\/uploads\/2016\/11\/BGM_Elisabeth_Rechberger_2016_St.Veit_ausgeschnitten_von_BGM_LH_Foto-695x1024.jpeg 695w\" sizes=\"(max-width: 869px) 100vw, 869px\" \/>\r\n                        <div class=\"overlay\">\r\r\n                            \r                            <ul class=\"social-links\">\r\r                                \r                                <li><a href=\"https:\/\/www.facebook.com\/\"><span class=\"fa fa fa-facebook\"><\/span><\/a><\/li>\r\r                                \r                                <li><a href=\"mailto:office@rechberger-bau.at\"><span class=\"fa fa fa-envelope-o\"><\/span><\/a><\/li>\r\r                                \r\n                            <\/ul>\r\r\n                            \r\n                        <\/div>\r\r\n                    <\/figure>\r\r\n                    <div class=\"lower-content\">\r\r\n                        <h3><a href=\"\">GF Elisabeth Rechberger<\/a><\/h3>\r\r\n                        <div class=\"designation\">Management \u2013 Verkauf \u2013 Controlling<\/div>\r\r\n                        <div class=\"desc-text\">Elisabeth\u00a0k\u00fcmmert sich um unsere Kunden, vom ersten Beratungsgespr\u00e4ch bis hin zur Verrechnung.<\/div>\r\r\n                        \r\r\n                    <\/div>\r\r\n                <\/div>\r\r\n            <\/div>\r\r\n            \r\n            <!--Team Member-->\r\r\n            <div class=\"team-member-one col-lg-3 col-md-4 col-sm-6 col-xs-12\">\r\r\n                <div class=\"inner-box\">\r\r\n                    <figure class=\"image-box\">\r\r\n                        <img loading=\"lazy\" decoding=\"async\" width=\"869\" height=\"1280\" src=\"https:\/\/www.rechberger-bau.at\/wp-content\/uploads\/2017\/04\/fred.jpg\" class=\"attachment-270x210 size-270x210 wp-post-image\" alt=\"\" srcset=\"https:\/\/www.rechberger-bau.at\/wp-content\/uploads\/2017\/04\/fred.jpg 869w, https:\/\/www.rechberger-bau.at\/wp-content\/uploads\/2017\/04\/fred-600x884.jpg 600w, https:\/\/www.rechberger-bau.at\/wp-content\/uploads\/2017\/04\/fred-204x300.jpg 204w, https:\/\/www.rechberger-bau.at\/wp-content\/uploads\/2017\/04\/fred-768x1131.jpg 768w, https:\/\/www.rechberger-bau.at\/wp-content\/uploads\/2017\/04\/fred-695x1024.jpg 695w\" sizes=\"(max-width: 869px) 100vw, 869px\" \/>\r\n                        <div class=\"overlay\">\r\r\n                            \r                            <ul class=\"social-links\">\r\r                                \r                                <li><a href=\"\"><span class=\"fa \"><\/span><\/a><\/li>\r\r                                \r\n                            <\/ul>\r\r\n                            \r\n                        <\/div>\r\r\n                    <\/figure>\r\r\n                    <div class=\"lower-content\">\r\r\n                        <h3><a href=\"\">GF Manfred Rechberger<\/a><\/h3>\r\r\n                        <div class=\"designation\">Verkauf<\/div>\r\r\n                        <div class=\"desc-text\">Manfred\u00a0ber\u00e4t Sie gerne auf Ihrer Baustelle, nimmt die Naturma\u00dfe und ist f\u00fcr alles Technische zust\u00e4ndig<\/div>\r\r\n                        \r\r\n                    <\/div>\r\r\n                <\/div>\r\r\n            <\/div>\r\r\n            \r\n            <!--Team Member-->\r\r\n            <div class=\"team-member-one col-lg-3 col-md-4 col-sm-6 col-xs-12\">\r\r\n                <div class=\"inner-box\">\r\r\n                    <figure class=\"image-box\">\r\r\n                        <img loading=\"lazy\" decoding=\"async\" width=\"869\" height=\"1280\" src=\"https:\/\/www.rechberger-bau.at\/wp-content\/uploads\/2017\/01\/thomas.jpg\" class=\"attachment-270x210 size-270x210 wp-post-image\" alt=\"\" srcset=\"https:\/\/www.rechberger-bau.at\/wp-content\/uploads\/2017\/01\/thomas.jpg 869w, https:\/\/www.rechberger-bau.at\/wp-content\/uploads\/2017\/01\/thomas-600x884.jpg 600w, https:\/\/www.rechberger-bau.at\/wp-content\/uploads\/2017\/01\/thomas-204x300.jpg 204w, https:\/\/www.rechberger-bau.at\/wp-content\/uploads\/2017\/01\/thomas-768x1131.jpg 768w, https:\/\/www.rechberger-bau.at\/wp-content\/uploads\/2017\/01\/thomas-695x1024.jpg 695w\" sizes=\"(max-width: 869px) 100vw, 869px\" \/>\r\n                        <div class=\"overlay\">\r\r\n                            \r                            <ul class=\"social-links\">\r\r                                \r                                <li><a href=\"\"><span class=\"fa \"><\/span><\/a><\/li>\r\r                                \r\n                            <\/ul>\r\r\n                            \r\n                        <\/div>\r\r\n                    <\/figure>\r\r\n                    <div class=\"lower-content\">\r\r\n                        <h3><a href=\"\">Thomas Rechberger<\/a><\/h3>\r\r\n                        <div class=\"designation\">Verkauf \u2013 Montage<\/div>\r\r\n                        <div class=\"desc-text\">Thomas\u00a0ist haupts\u00e4chlich f\u00fcr eine fachgerechte Montage zust\u00e4ndig \u2013 nebenbei betreut er kleinere Objekte \u2013 und garantiert hervorragende Arbeit<\/div>\r\r\n                        \r\r\n                    <\/div>\r\r\n                <\/div>\r\r\n            <\/div>\r\r\n            \r\n            <!--Team Member-->\r\r\n            <div class=\"team-member-one col-lg-3 col-md-4 col-sm-6 col-xs-12\">\r\r\n                <div class=\"inner-box\">\r\r\n                    <figure class=\"image-box\">\r\r\n                        <img loading=\"lazy\" decoding=\"async\" width=\"869\" height=\"1280\" src=\"https:\/\/www.rechberger-bau.at\/wp-content\/uploads\/2017\/01\/leer.jpg\" class=\"attachment-270x210 size-270x210 wp-post-image\" alt=\"\" srcset=\"https:\/\/www.rechberger-bau.at\/wp-content\/uploads\/2017\/01\/leer.jpg 869w, https:\/\/www.rechberger-bau.at\/wp-content\/uploads\/2017\/01\/leer-600x884.jpg 600w, https:\/\/www.rechberger-bau.at\/wp-content\/uploads\/2017\/01\/leer-204x300.jpg 204w, https:\/\/www.rechberger-bau.at\/wp-content\/uploads\/2017\/01\/leer-768x1131.jpg 768w, https:\/\/www.rechberger-bau.at\/wp-content\/uploads\/2017\/01\/leer-695x1024.jpg 695w\" sizes=\"(max-width: 869px) 100vw, 869px\" \/>\r\n                        <div class=\"overlay\">\r\r\n                            \r                            <ul class=\"social-links\">\r\r                                \r                                <li><a href=\"\"><span class=\"fa \"><\/span><\/a><\/li>\r\r                                \r\n                            <\/ul>\r\r\n                            \r\n                        <\/div>\r\r\n                    <\/figure>\r\r\n                    <div class=\"lower-content\">\r\r\n                        <h3><a href=\"\">Barbara Rechberger<\/a><\/h3>\r\r\n                        <div class=\"designation\">B\u00fcro<\/div>\r\r\n                        <div class=\"desc-text\">Barbara\u00a0ist seit 2014 im Familienbetrieb t\u00e4tig. Zu ihren Aufgaben z\u00e4hlen das Angebotswesen, Auftragsbearbeitung und Lohnverrechnung.<\/div>\r\r\n                        \r\r\n                    <\/div>\r\r\n                <\/div>\r\r\n            <\/div>\r\r\n            \r\n            <!--Team Member-->\r\r\n            <div class=\"team-member-one col-lg-3 col-md-4 col-sm-6 col-xs-12\">\r\r\n                <div class=\"inner-box\">\r\r\n                    <figure class=\"image-box\">\r\r\n                        <img loading=\"lazy\" decoding=\"async\" width=\"869\" height=\"1280\" src=\"https:\/\/www.rechberger-bau.at\/wp-content\/uploads\/2017\/04\/heli.jpg\" class=\"attachment-270x210 size-270x210 wp-post-image\" alt=\"\" srcset=\"https:\/\/www.rechberger-bau.at\/wp-content\/uploads\/2017\/04\/heli.jpg 869w, https:\/\/www.rechberger-bau.at\/wp-content\/uploads\/2017\/04\/heli-600x884.jpg 600w, https:\/\/www.rechberger-bau.at\/wp-content\/uploads\/2017\/04\/heli-204x300.jpg 204w, https:\/\/www.rechberger-bau.at\/wp-content\/uploads\/2017\/04\/heli-768x1131.jpg 768w, https:\/\/www.rechberger-bau.at\/wp-content\/uploads\/2017\/04\/heli-695x1024.jpg 695w\" sizes=\"(max-width: 869px) 100vw, 869px\" \/>\r\n                        <div class=\"overlay\">\r\r\n                            \r                            <ul class=\"social-links\">\r\r                                \r                                <li><a href=\"\"><span class=\"fa \"><\/span><\/a><\/li>\r\r                                \r\n                            <\/ul>\r\r\n                            \r\n                        <\/div>\r\r\n                    <\/figure>\r\r\n                    <div class=\"lower-content\">\r\r\n                        <h3><a href=\"\">Helmut Dobersberger<\/a><\/h3>\r\r\n                        <div class=\"designation\">Montage<\/div>\r\r\n                        <div class=\"desc-text\">Auch Helmut z\u00e4hlt seit fast 2 Jahrzehnten zu unserem Team und ist als erfahrener Monteur nicht mehr wegzudenken.<\/div>\r\r\n                        \r\r\n                    <\/div>\r\r\n                <\/div>\r\r\n            <\/div>\r\r\n            \r\n            <!--Team Member-->\r\r\n            <div class=\"team-member-one col-lg-3 col-md-4 col-sm-6 col-xs-12\">\r\r\n                <div class=\"inner-box\">\r\r\n                    <figure class=\"image-box\">\r\r\n                        <img loading=\"lazy\" decoding=\"async\" width=\"869\" height=\"1280\" src=\"https:\/\/www.rechberger-bau.at\/wp-content\/uploads\/2017\/04\/Miloslav.jpg\" class=\"attachment-270x210 size-270x210 wp-post-image\" alt=\"\" srcset=\"https:\/\/www.rechberger-bau.at\/wp-content\/uploads\/2017\/04\/Miloslav.jpg 869w, https:\/\/www.rechberger-bau.at\/wp-content\/uploads\/2017\/04\/Miloslav-600x884.jpg 600w, https:\/\/www.rechberger-bau.at\/wp-content\/uploads\/2017\/04\/Miloslav-204x300.jpg 204w, https:\/\/www.rechberger-bau.at\/wp-content\/uploads\/2017\/04\/Miloslav-768x1131.jpg 768w, https:\/\/www.rechberger-bau.at\/wp-content\/uploads\/2017\/04\/Miloslav-695x1024.jpg 695w\" sizes=\"(max-width: 869px) 100vw, 869px\" \/>\r\n                        <div class=\"overlay\">\r\r\n                            \r                            <ul class=\"social-links\">\r\r                                \r                                <li><a href=\"\"><span class=\"fa \"><\/span><\/a><\/li>\r\r                                \r\n                            <\/ul>\r\r\n                            \r\n                        <\/div>\r\r\n                    <\/figure>\r\r\n                    <div class=\"lower-content\">\r\r\n                        <h3><a href=\"\">Miloslav Safar<\/a><\/h3>\r\r\n                        <div class=\"designation\">Montage<\/div>\r\r\n                        <div class=\"desc-text\">Miloslav arbeitet seit 2015 bei uns und unterst\u00fctzt die 3 Monteure bei Ihren T\u00e4tigkeiten<\/div>\r\r\n                        \r\r\n                    <\/div>\r\r\n                <\/div>\r\r\n            <\/div>\r\r\n            \r\n        <\/div>\r\r\n        \r\r\n    <\/div>\r\r\n<\/section>\r\r\n\r\r\n\r\n[\/vc_column][\/vc_row]<\/p>\n<\/section>","protected":false},"excerpt":{"rendered":"<p>[vc_row full_width=&#8220;stretch_row&#8220; content_placement=&#8220;middle&#8220; container=&#8220;1&#8243;][vc_column][vc_column_text] Unser Team Nur wer gute Mitarbeiter hat, kann etwas bewegen.[\/vc_column_text][\/vc_column][\/vc_row]<\/p>\n","protected":false},"author":1,"featured_media":0,"parent":0,"menu_order":0,"comment_status":"closed","ping_status":"closed","template":"tpl-visual_composer.php","meta":{"footnotes":""},"class_list":["post-115","page","type-page","status-publish","hentry"],"yoast_head":"<!-- This site is optimized with the Yoast SEO plugin v23.4 - https:\/\/yoast.com\/wordpress\/plugins\/seo\/ -->\n<title>Unser Team - Rechberger Bau Ges.m.b.H.<\/title>\n<meta name=\"robots\" content=\"index, follow, max-snippet:-1, max-image-preview:large, max-video-preview:-1\" \/>\n<link rel=\"canonical\" href=\"https:\/\/www.rechberger-bau.at\/?page_id=115\" \/>\n<meta property=\"og:locale\" content=\"de_DE\" \/>\n<meta property=\"og:type\" content=\"article\" \/>\n<meta property=\"og:title\" content=\"Unser Team - Rechberger Bau Ges.m.b.H.\" \/>\n<meta property=\"og:description\" content=\"[vc_row full_width=&#8220;stretch_row&#8220; content_placement=&#8220;middle&#8220; container=&#8220;1&#8243;][vc_column][vc_column_text] Unser Team Nur wer gute Mitarbeiter hat, kann etwas bewegen.[\/vc_column_text][\/vc_column][\/vc_row]\" \/>\n<meta property=\"og:url\" content=\"https:\/\/www.rechberger-bau.at\/?page_id=115\" \/>\n<meta property=\"og:site_name\" content=\"Rechberger Bau Ges.m.b.H.\" \/>\n<meta property=\"article:modified_time\" content=\"2017-05-17T18:26:21+00:00\" \/>\n<meta name=\"twitter:card\" content=\"summary_large_image\" \/>\n<script type=\"application\/ld+json\" class=\"yoast-schema-graph\">{\"@context\":\"https:\/\/schema.org\",\"@graph\":[{\"@type\":\"WebPage\",\"@id\":\"https:\/\/www.rechberger-bau.at\/?page_id=115\",\"url\":\"https:\/\/www.rechberger-bau.at\/?page_id=115\",\"name\":\"Unser Team - Rechberger Bau Ges.m.b.H.\",\"isPartOf\":{\"@id\":\"https:\/\/www.rechberger-bau.at\/#website\"},\"datePublished\":\"2016-11-09T08:04:07+00:00\",\"dateModified\":\"2017-05-17T18:26:21+00:00\",\"breadcrumb\":{\"@id\":\"https:\/\/www.rechberger-bau.at\/?page_id=115#breadcrumb\"},\"inLanguage\":\"de\",\"potentialAction\":[{\"@type\":\"ReadAction\",\"target\":[\"https:\/\/www.rechberger-bau.at\/?page_id=115\"]}]},{\"@type\":\"BreadcrumbList\",\"@id\":\"https:\/\/www.rechberger-bau.at\/?page_id=115#breadcrumb\",\"itemListElement\":[{\"@type\":\"ListItem\",\"position\":1,\"name\":\"Startseite\",\"item\":\"https:\/\/www.rechberger-bau.at\/\"},{\"@type\":\"ListItem\",\"position\":2,\"name\":\"Unser Team\"}]},{\"@type\":\"WebSite\",\"@id\":\"https:\/\/www.rechberger-bau.at\/#website\",\"url\":\"https:\/\/www.rechberger-bau.at\/\",\"name\":\"Rechberger Bau Ges.m.b.H.\",\"description\":\"Rechberger Bau GmbH ist mit \u00fcber 30 Jahre Erfahrung ihr Spezialist f\u00fcr Fenster, T\u00fcren, Tore, Sonnenschutz und Fliesen\",\"potentialAction\":[{\"@type\":\"SearchAction\",\"target\":{\"@type\":\"EntryPoint\",\"urlTemplate\":\"https:\/\/www.rechberger-bau.at\/?s={search_term_string}\"},\"query-input\":{\"@type\":\"PropertyValueSpecification\",\"valueRequired\":true,\"valueName\":\"search_term_string\"}}],\"inLanguage\":\"de\"}]}<\/script>\n<!-- \/ Yoast SEO plugin. -->","yoast_head_json":{"title":"Unser Team - Rechberger Bau Ges.m.b.H.","robots":{"index":"index","follow":"follow","max-snippet":"max-snippet:-1","max-image-preview":"max-image-preview:large","max-video-preview":"max-video-preview:-1"},"canonical":"https:\/\/www.rechberger-bau.at\/?page_id=115","og_locale":"de_DE","og_type":"article","og_title":"Unser Team - Rechberger Bau Ges.m.b.H.","og_description":"[vc_row full_width=&#8220;stretch_row&#8220; content_placement=&#8220;middle&#8220; container=&#8220;1&#8243;][vc_column][vc_column_text] Unser Team Nur wer gute Mitarbeiter hat, kann etwas bewegen.[\/vc_column_text][\/vc_column][\/vc_row]","og_url":"https:\/\/www.rechberger-bau.at\/?page_id=115","og_site_name":"Rechberger Bau Ges.m.b.H.","article_modified_time":"2017-05-17T18:26:21+00:00","twitter_card":"summary_large_image","schema":{"@context":"https:\/\/schema.org","@graph":[{"@type":"WebPage","@id":"https:\/\/www.rechberger-bau.at\/?page_id=115","url":"https:\/\/www.rechberger-bau.at\/?page_id=115","name":"Unser Team - Rechberger Bau Ges.m.b.H.","isPartOf":{"@id":"https:\/\/www.rechberger-bau.at\/#website"},"datePublished":"2016-11-09T08:04:07+00:00","dateModified":"2017-05-17T18:26:21+00:00","breadcrumb":{"@id":"https:\/\/www.rechberger-bau.at\/?page_id=115#breadcrumb"},"inLanguage":"de","potentialAction":[{"@type":"ReadAction","target":["https:\/\/www.rechberger-bau.at\/?page_id=115"]}]},{"@type":"BreadcrumbList","@id":"https:\/\/www.rechberger-bau.at\/?page_id=115#breadcrumb","itemListElement":[{"@type":"ListItem","position":1,"name":"Startseite","item":"https:\/\/www.rechberger-bau.at\/"},{"@type":"ListItem","position":2,"name":"Unser Team"}]},{"@type":"WebSite","@id":"https:\/\/www.rechberger-bau.at\/#website","url":"https:\/\/www.rechberger-bau.at\/","name":"Rechberger Bau Ges.m.b.H.","description":"Rechberger Bau GmbH ist mit \u00fcber 30 Jahre Erfahrung ihr Spezialist f\u00fcr Fenster, T\u00fcren, Tore, Sonnenschutz und Fliesen","potentialAction":[{"@type":"SearchAction","target":{"@type":"EntryPoint","urlTemplate":"https:\/\/www.rechberger-bau.at\/?s={search_term_string}"},"query-input":{"@type":"PropertyValueSpecification","valueRequired":true,"valueName":"search_term_string"}}],"inLanguage":"de"}]}},"_links":{"self":[{"href":"https:\/\/www.rechberger-bau.at\/index.php?rest_route=\/wp\/v2\/pages\/115"}],"collection":[{"href":"https:\/\/www.rechberger-bau.at\/index.php?rest_route=\/wp\/v2\/pages"}],"about":[{"href":"https:\/\/www.rechberger-bau.at\/index.php?rest_route=\/wp\/v2\/types\/page"}],"author":[{"embeddable":true,"href":"https:\/\/www.rechberger-bau.at\/index.php?rest_route=\/wp\/v2\/users\/1"}],"replies":[{"embeddable":true,"href":"https:\/\/www.rechberger-bau.at\/index.php?rest_route=%2Fwp%2Fv2%2Fcomments&post=115"}],"version-history":[{"count":13,"href":"https:\/\/www.rechberger-bau.at\/index.php?rest_route=\/wp\/v2\/pages\/115\/revisions"}],"predecessor-version":[{"id":1094,"href":"https:\/\/www.rechberger-bau.at\/index.php?rest_route=\/wp\/v2\/pages\/115\/revisions\/1094"}],"wp:attachment":[{"href":"https:\/\/www.rechberger-bau.at\/index.php?rest_route=%2Fwp%2Fv2%2Fmedia&parent=115"}],"curies":[{"name":"wp","href":"https:\/\/api.w.org\/{rel}","templated":true}]}}