{"id":1287,"date":"2018-04-16T14:42:55","date_gmt":"2018-04-16T12:42:55","guid":{"rendered":"http:\/\/www.rechberger-bau.at\/?page_id=1287"},"modified":"2018-05-22T14:05:48","modified_gmt":"2018-05-22T12:05:48","slug":"datenschutz","status":"publish","type":"page","link":"https:\/\/www.rechberger-bau.at\/?page_id=1287","title":{"rendered":"Datenschutz"},"content":{"rendered":"<section class=\"wpb-content-wrapper\"><p>[vc_row][vc_column][vc_column_text]<\/p>\n<h1>Datenschutz Richtlinien<\/h1>\n<p>Die Nutzung unserer Webseite ist in der Regel ohne Angabe personenbezogener Daten m\u00f6glich. Soweit auf unseren Seiten personenbezogene Daten (beispielsweise Name, Anschrift oder E-Mail-Adressen) erhoben werden, erfolgt dies, soweit m\u00f6glich, stets auf freiwilliger Basis. Diese Daten werden ohne Ihre ausdr\u00fcckliche Zustimmung nicht an Dritte weitergegeben.<\/p>\n<p>Die rechtlichen Grundlagen des Datenschutzes finden Sie im Bundesdatenschutzgesetz (BDSG) und dem Telemediengesetz (TMG). Nachstehende Regelungen informieren Sie insoweit \u00fcber die Art, den Umfang und Zweck der Erhebung, die Nutzung und die Verarbeitung von personenbezogenen Daten durch den Anbieter:<\/p>\n<p>Rechberger Bau Ges.m.b.H.<br \/>\nAdresse: Kepling 52, A-4173\u00a0St. Veit<br \/>\nTelefon: +43 7217 6143<br \/>\neMail:\u00a0<a href=\"mailto:office@rechberger-bau.at\">office@rechberger-bau.at<\/a><br \/>\nWebsite: <a href=\"http:\/\/www.rechberger-bau.at\">www.rechberger-bau.at<\/a><\/p>\n<p>Wir weisen darauf hin, dass die Daten\u00fcbertragung im Internet (z.B. bei der Kommunikation per E-Mail) Sicherheitsl\u00fccken aufweisen kann. Ein l\u00fcckenloser Schutz der Daten vor dem Zugriff durch Dritte ist nicht m\u00f6glich.<\/p>\n<p>KONTAKTM\u00d6GLICHKEIT<\/p>\n<p>Wir bieten Ihnen auf unserer Seite die M\u00f6glichkeit, mit uns per E-Mail. In diesem Fall werden die vom Nutzer gemachten Angaben zum Zwecke der Bearbeitung seiner Kontaktaufnahme gespeichert. Eine Weitergabe an Dritte erfolgt nicht. Ein Abgleich der so erhobenen Daten mit Daten, die m\u00f6glicherweise durch andere Komponenten unserer Seite erhoben werden, erfolgt ebenfalls nicht.<\/p>\n<p>&nbsp;<\/p>\n<p>WIDERRUF, \u00c4NDERUNG, BERICHTIGUNGEN UND AKTUALISIERUNGEN DER DATEN<\/p>\n<p>Der Nutzer hat das Recht, auf Antrag unentgeltlich Auskunft zu erhalten \u00fcber die personenbezogenen Daten, die \u00fcber ihn gespeichert wurden. Zus\u00e4tzlich hat der Nutzer das Recht auf Berichtigung unrichtiger Daten, Sperrung und L\u00f6schung seiner personenbezogenen Daten, soweit dem keine gesetzliche Aufbewahrungspflicht entgegensteht.<\/p>\n<p>DATENSICHERHEIT<\/p>\n<p>Wir sind stets darum bem\u00fcht, durch Ergreifen aller technischen und organisatorischen M\u00f6glichkeiten Ihre personenbezogenen Daten so zu speichern, dass sie unberechtigten Dritten nicht zug\u00e4nglich sind. Sollten Sie z.B. per E-Mail oder \u00fcber unser Kontaktformular mit uns in Kontakt treten, so kann die vollst\u00e4ndige Datensicherheit jedoch nicht gew\u00e4hrleistet werden.<\/p>\n<p>\u00c4NDERUNG DIESER DATENSCHUTZBESTIMMUNGEN<\/p>\n<p>Wir behalten uns das Recht vor, diese Datenschutzbestimmungen jederzeit unter Beachtung der jeweils geltenden datenschutzrechtlichen Bestimmungen zu \u00e4ndern.<\/p>\n<p>DATENSCHUTZERKL\u00c4RUNG F\u00dcR DIE NUTZUNG VON YOUTUBE<br \/>\nUnsere Webseite nutzt Plugins der von Google betriebenen Seite YouTube. Betreiber der Seiten ist die YouTube, LLC, 901 Cherry Ave., San Bruno, CA 94066, USA. Wenn Sie eine unserer mit einem YouTube-Plugin ausgestatteten Seiten besuchen, wird eine Verbindung zu den Servern von YouTube hergestellt. Dabei wird dem Youtube-Server mitgeteilt, welche unserer Seiten Sie besucht haben.<br \/>\nWenn Sie in Ihrem YouTube-Account eingeloggt sind erm\u00f6glichen Sie YouTube, Ihr Surfverhalten direkt Ihrem pers\u00f6nlichen Profil zuzuordnen. Dies k\u00f6nnen Sie verhindern, indem Sie sich aus Ihrem YouTube-Account ausloggen.<br \/>\nWeitere Informationen zum Umgang von Nutzerdaten finden Sie in der Datenschutzerkl\u00e4rung von YouTube unter: https:\/\/www.google.de\/intl\/de\/policies\/privacy<\/p>\n<p>DATENSCHUTZERKL\u00c4RUNG F\u00dcR DIE NUTZUNG VON GOOGLE MAPS<br \/>\nWir binden die Landkarten des Dienstes \u201cGoogle Maps\u201d des Anbieters Google LLC, 1600 Amphitheatre Parkway, Mountain View, CA 94043, USA, ein. Datenschutzerkl\u00e4rung: https:\/\/www.google.com\/policies\/privacy\/, Opt-Out:https:\/\/adssettings.google.com\/authenticated.[\/vc_column_text][\/vc_column][\/vc_row]<\/p>\n<\/section>","protected":false},"excerpt":{"rendered":"<p>[vc_row][vc_column][vc_column_text] Datenschutz Richtlinien Die Nutzung unserer Webseite ist in der Regel ohne Angabe personenbezogener Daten m\u00f6glich. Soweit auf unseren Seiten personenbezogene Daten (beispielsweise Name, Anschrift oder E-Mail-Adressen) erhoben werden, erfolgt dies, soweit m\u00f6glich, stets auf freiwilliger Basis. Diese Daten werden ohne Ihre ausdr\u00fcckliche Zustimmung nicht an Dritte weitergegeben. Die rechtlichen Grundlagen des Datenschutzes finden Sie<\/p>\n","protected":false},"author":1,"featured_media":0,"parent":0,"menu_order":0,"comment_status":"closed","ping_status":"closed","template":"","meta":{"footnotes":""},"class_list":["post-1287","page","type-page","status-publish","hentry"],"yoast_head":"<!-- This site is optimized with the Yoast SEO plugin v23.4 - https:\/\/yoast.com\/wordpress\/plugins\/seo\/ -->\n<title>Datenschutz - Rechberger Bau Ges.m.b.H.<\/title>\n<meta name=\"robots\" content=\"index, follow, max-snippet:-1, max-image-preview:large, max-video-preview:-1\" \/>\n<link rel=\"canonical\" href=\"https:\/\/www.rechberger-bau.at\/?page_id=1287\" \/>\n<meta property=\"og:locale\" content=\"de_DE\" \/>\n<meta property=\"og:type\" content=\"article\" \/>\n<meta property=\"og:title\" content=\"Datenschutz - Rechberger Bau Ges.m.b.H.\" \/>\n<meta property=\"og:description\" content=\"[vc_row][vc_column][vc_column_text] Datenschutz Richtlinien Die Nutzung unserer Webseite ist in der Regel ohne Angabe personenbezogener Daten m\u00f6glich. Soweit auf unseren Seiten personenbezogene Daten (beispielsweise Name, Anschrift oder E-Mail-Adressen) erhoben werden, erfolgt dies, soweit m\u00f6glich, stets auf freiwilliger Basis. Diese Daten werden ohne Ihre ausdr\u00fcckliche Zustimmung nicht an Dritte weitergegeben. Die rechtlichen Grundlagen des Datenschutzes finden Sie\" \/>\n<meta property=\"og:url\" content=\"https:\/\/www.rechberger-bau.at\/?page_id=1287\" \/>\n<meta property=\"og:site_name\" content=\"Rechberger Bau Ges.m.b.H.\" \/>\n<meta property=\"article:modified_time\" content=\"2018-05-22T12:05:48+00:00\" \/>\n<meta name=\"twitter:card\" content=\"summary_large_image\" \/>\n<meta name=\"twitter:label1\" content=\"Gesch\u00e4tzte Lesezeit\" \/>\n\t<meta name=\"twitter:data1\" content=\"3\u00a0Minuten\" \/>\n<script type=\"application\/ld+json\" class=\"yoast-schema-graph\">{\"@context\":\"https:\/\/schema.org\",\"@graph\":[{\"@type\":\"WebPage\",\"@id\":\"https:\/\/www.rechberger-bau.at\/?page_id=1287\",\"url\":\"https:\/\/www.rechberger-bau.at\/?page_id=1287\",\"name\":\"Datenschutz - Rechberger Bau Ges.m.b.H.\",\"isPartOf\":{\"@id\":\"https:\/\/www.rechberger-bau.at\/#website\"},\"datePublished\":\"2018-04-16T12:42:55+00:00\",\"dateModified\":\"2018-05-22T12:05:48+00:00\",\"breadcrumb\":{\"@id\":\"https:\/\/www.rechberger-bau.at\/?page_id=1287#breadcrumb\"},\"inLanguage\":\"de\",\"potentialAction\":[{\"@type\":\"ReadAction\",\"target\":[\"https:\/\/www.rechberger-bau.at\/?page_id=1287\"]}]},{\"@type\":\"BreadcrumbList\",\"@id\":\"https:\/\/www.rechberger-bau.at\/?page_id=1287#breadcrumb\",\"itemListElement\":[{\"@type\":\"ListItem\",\"position\":1,\"name\":\"Startseite\",\"item\":\"https:\/\/www.rechberger-bau.at\/\"},{\"@type\":\"ListItem\",\"position\":2,\"name\":\"Datenschutz\"}]},{\"@type\":\"WebSite\",\"@id\":\"https:\/\/www.rechberger-bau.at\/#website\",\"url\":\"https:\/\/www.rechberger-bau.at\/\",\"name\":\"Rechberger Bau Ges.m.b.H.\",\"description\":\"Rechberger Bau GmbH ist mit \u00fcber 30 Jahre Erfahrung ihr Spezialist f\u00fcr Fenster, T\u00fcren, Tore, Sonnenschutz und Fliesen\",\"potentialAction\":[{\"@type\":\"SearchAction\",\"target\":{\"@type\":\"EntryPoint\",\"urlTemplate\":\"https:\/\/www.rechberger-bau.at\/?s={search_term_string}\"},\"query-input\":{\"@type\":\"PropertyValueSpecification\",\"valueRequired\":true,\"valueName\":\"search_term_string\"}}],\"inLanguage\":\"de\"}]}<\/script>\n<!-- \/ Yoast SEO plugin. -->","yoast_head_json":{"title":"Datenschutz - Rechberger Bau Ges.m.b.H.","robots":{"index":"index","follow":"follow","max-snippet":"max-snippet:-1","max-image-preview":"max-image-preview:large","max-video-preview":"max-video-preview:-1"},"canonical":"https:\/\/www.rechberger-bau.at\/?page_id=1287","og_locale":"de_DE","og_type":"article","og_title":"Datenschutz - Rechberger Bau Ges.m.b.H.","og_description":"[vc_row][vc_column][vc_column_text] Datenschutz Richtlinien Die Nutzung unserer Webseite ist in der Regel ohne Angabe personenbezogener Daten m\u00f6glich. Soweit auf unseren Seiten personenbezogene Daten (beispielsweise Name, Anschrift oder E-Mail-Adressen) erhoben werden, erfolgt dies, soweit m\u00f6glich, stets auf freiwilliger Basis. Diese Daten werden ohne Ihre ausdr\u00fcckliche Zustimmung nicht an Dritte weitergegeben. Die rechtlichen Grundlagen des Datenschutzes finden Sie","og_url":"https:\/\/www.rechberger-bau.at\/?page_id=1287","og_site_name":"Rechberger Bau Ges.m.b.H.","article_modified_time":"2018-05-22T12:05:48+00:00","twitter_card":"summary_large_image","twitter_misc":{"Gesch\u00e4tzte Lesezeit":"3\u00a0Minuten"},"schema":{"@context":"https:\/\/schema.org","@graph":[{"@type":"WebPage","@id":"https:\/\/www.rechberger-bau.at\/?page_id=1287","url":"https:\/\/www.rechberger-bau.at\/?page_id=1287","name":"Datenschutz - Rechberger Bau Ges.m.b.H.","isPartOf":{"@id":"https:\/\/www.rechberger-bau.at\/#website"},"datePublished":"2018-04-16T12:42:55+00:00","dateModified":"2018-05-22T12:05:48+00:00","breadcrumb":{"@id":"https:\/\/www.rechberger-bau.at\/?page_id=1287#breadcrumb"},"inLanguage":"de","potentialAction":[{"@type":"ReadAction","target":["https:\/\/www.rechberger-bau.at\/?page_id=1287"]}]},{"@type":"BreadcrumbList","@id":"https:\/\/www.rechberger-bau.at\/?page_id=1287#breadcrumb","itemListElement":[{"@type":"ListItem","position":1,"name":"Startseite","item":"https:\/\/www.rechberger-bau.at\/"},{"@type":"ListItem","position":2,"name":"Datenschutz"}]},{"@type":"WebSite","@id":"https:\/\/www.rechberger-bau.at\/#website","url":"https:\/\/www.rechberger-bau.at\/","name":"Rechberger Bau Ges.m.b.H.","description":"Rechberger Bau GmbH ist mit \u00fcber 30 Jahre Erfahrung ihr Spezialist f\u00fcr Fenster, T\u00fcren, Tore, Sonnenschutz und Fliesen","potentialAction":[{"@type":"SearchAction","target":{"@type":"EntryPoint","urlTemplate":"https:\/\/www.rechberger-bau.at\/?s={search_term_string}"},"query-input":{"@type":"PropertyValueSpecification","valueRequired":true,"valueName":"search_term_string"}}],"inLanguage":"de"}]}},"_links":{"self":[{"href":"https:\/\/www.rechberger-bau.at\/index.php?rest_route=\/wp\/v2\/pages\/1287"}],"collection":[{"href":"https:\/\/www.rechberger-bau.at\/index.php?rest_route=\/wp\/v2\/pages"}],"about":[{"href":"https:\/\/www.rechberger-bau.at\/index.php?rest_route=\/wp\/v2\/types\/page"}],"author":[{"embeddable":true,"href":"https:\/\/www.rechberger-bau.at\/index.php?rest_route=\/wp\/v2\/users\/1"}],"replies":[{"embeddable":true,"href":"https:\/\/www.rechberger-bau.at\/index.php?rest_route=%2Fwp%2Fv2%2Fcomments&post=1287"}],"version-history":[{"count":3,"href":"https:\/\/www.rechberger-bau.at\/index.php?rest_route=\/wp\/v2\/pages\/1287\/revisions"}],"predecessor-version":[{"id":1299,"href":"https:\/\/www.rechberger-bau.at\/index.php?rest_route=\/wp\/v2\/pages\/1287\/revisions\/1299"}],"wp:attachment":[{"href":"https:\/\/www.rechberger-bau.at\/index.php?rest_route=%2Fwp%2Fv2%2Fmedia&parent=1287"}],"curies":[{"name":"wp","href":"https:\/\/api.w.org\/{rel}","templated":true}]}}