

{"id":233,"date":"2016-11-11T08:44:10","date_gmt":"2016-11-11T08:44:10","guid":{"rendered":"http:\/\/asianitbd.com\/wp\/decorators\/?page_id=233"},"modified":"2017-05-18T08:02:50","modified_gmt":"2017-05-18T06:02:50","slug":"projects-with-text","status":"publish","type":"page","link":"https:\/\/www.rechberger-bau.at\/?page_id=233","title":{"rendered":"Referenzen"},"content":{"rendered":"<section class=\"wpb-content-wrapper\"><p>[vc_row full_width=&#8220;stretch_row&#8220; content_placement=&#8220;middle&#8220; container=&#8220;1&#8243;][vc_column][vc_column_text]<\/p>\n<h2>Referenzen<\/h2>\n<p>[\/vc_column_text][\/vc_column][\/vc_row][vc_row][vc_column]\t \r\r\n\r\r\n\r\n\r\r\n<!--Gallery Section-->\r\r\n<section class=\"gallery-section portfolio-with-caption\">\r\r\n     <div class=\"auto-container\">   \r\r\n        <!--Mixituo Gallery-->\r\r\n        <div class=\"mixitup-gallery\">\r\r\n            <!--Filter-->\r\r\n            <div class=\"filters text-center\">\r\r\n                <div class=\"icon-box\"><span class=\"fa fa-picture-o\"><\/span><\/div>\r\r\n            \r\r\n                <ul class=\"filter-tabs filter-btns clearfix\">\r\r\n                    <li class=\" filter\" data-role=\"button\" data-filter=\".all\">All Projects<\/li>          \r\r\n                    \r\n                    <li class=\"filter\" data-role=\"button\" data-filter=\".eingangstueren\">Eingangst\u00fcren<\/li>\r\r\n                \t\r\n                    <li class=\"filter\" data-role=\"button\" data-filter=\".fenster\">Fenster<\/li>\r\r\n                \t\r\n                    <li class=\"filter\" data-role=\"button\" data-filter=\".garagentore\">Garagentore<\/li>\r\r\n                \t\r\n                    <li class=\"filter\" data-role=\"button\" data-filter=\".sonnenschutz\">Sonnenschutz<\/li>\r\r\n                \t\r\n                <\/ul>\r\r\n            <\/div>\r\r\n            \r\r\n            <div class=\"filter-list row clearfix\">\r\r\n                <!--Default Portfolio Item-->\r\r\n                \r\n\r\r\n\t\r\n\t\r\n\t\t\t\t\r\r\n            \r\r\n            <div class=\"col-md-4 col-sm-6 col-xs-12 default-portfolio-item mix mix_all all eingangstueren fenster garagentore sonnenschutz \">\r\r\n                <div class=\"inner-box\">\r\r\n                    <figure class=\"image-box\">\r\r\n                        <img loading=\"lazy\" decoding=\"async\" width=\"370\" height=\"235\" src=\"https:\/\/www.rechberger-bau.at\/wp-content\/uploads\/2017\/10\/Hole-370x235.jpg\" class=\"attachment-decorators_370x235 size-decorators_370x235 wp-post-image\" alt=\"\" \/>\r\n                        <!--Overlay Box-->\r\r\n                        <div class=\"overlay-one\">\r\r\n                            <div class=\"overlay-inner\">\r\r\n                                <div class=\"content\">\r\r\n                                    <a href=\"https:\/\/www.rechberger-bau.at\/?bunch_portfolio=sanierung\" class=\"proj-link\"><span class=\"fa fa-link\"><\/span><\/a>\r\r\n                                <\/div>\r\r\n                            <\/div>\r\r\n                        <\/div>\r\r\n                    <\/figure>\r\r\n                    \r\r\n                    <!--Caption Box-->\r\r\n                    <div class=\"caption-box-two\">\r\r\n                        <h3><a href=\"https:\/\/www.rechberger-bau.at\/?bunch_portfolio=sanierung\">Sanierung<\/a><\/h3>\r\r\n                        \r\n \t\t\t\t\t\t<div class=\"cat-links\">Eingangst\u00fcren, Fenster, Garagentore, Sonnenschutz<\/div>\r\r\n                    <\/div>\r\r\n                <\/div>\r\r\n            <\/div>\r\r\n            \r\r\n           \r\r\n\r\n\t\t\t\t\r\r\n            \r\r\n            <div class=\"col-md-4 col-sm-6 col-xs-12 default-portfolio-item mix mix_all all eingangstueren fenster garagentore sonnenschutz \">\r\r\n                <div class=\"inner-box\">\r\r\n                    <figure class=\"image-box\">\r\r\n                        <img loading=\"lazy\" decoding=\"async\" width=\"370\" height=\"235\" src=\"https:\/\/www.rechberger-bau.at\/wp-content\/uploads\/2017\/05\/DSC_7317-370x235.jpg\" class=\"attachment-decorators_370x235 size-decorators_370x235 wp-post-image\" alt=\"\" \/>\r\n                        <!--Overlay Box-->\r\r\n                        <div class=\"overlay-one\">\r\r\n                            <div class=\"overlay-inner\">\r\r\n                                <div class=\"content\">\r\r\n                                    <a href=\"https:\/\/www.rechberger-bau.at\/?bunch_portfolio=neubau-hotel\" class=\"proj-link\"><span class=\"fa fa-link\"><\/span><\/a>\r\r\n                                <\/div>\r\r\n                            <\/div>\r\r\n                        <\/div>\r\r\n                    <\/figure>\r\r\n                    \r\r\n                    <!--Caption Box-->\r\r\n                    <div class=\"caption-box-two\">\r\r\n                        <h3><a href=\"https:\/\/www.rechberger-bau.at\/?bunch_portfolio=neubau-hotel\">Objekt<\/a><\/h3>\r\r\n                        \r\n \t\t\t\t\t\t<div class=\"cat-links\">Eingangst\u00fcren, Fenster, Garagentore, Sonnenschutz<\/div>\r\r\n                    <\/div>\r\r\n                <\/div>\r\r\n            <\/div>\r\r\n            \r\r\n           \r\r\n\r\n\t\t\t\t\r\r\n            \r\r\n            <div class=\"col-md-4 col-sm-6 col-xs-12 default-portfolio-item mix mix_all all eingangstueren fenster garagentore sonnenschutz \">\r\r\n                <div class=\"inner-box\">\r\r\n                    <figure class=\"image-box\">\r\r\n                        <img loading=\"lazy\" decoding=\"async\" width=\"370\" height=\"235\" src=\"https:\/\/www.rechberger-bau.at\/wp-content\/uploads\/2017\/03\/DSC_7291-370x235.jpg\" class=\"attachment-decorators_370x235 size-decorators_370x235 wp-post-image\" alt=\"\" \/>\r\n                        <!--Overlay Box-->\r\r\n                        <div class=\"overlay-one\">\r\r\n                            <div class=\"overlay-inner\">\r\r\n                                <div class=\"content\">\r\r\n                                    <a href=\"https:\/\/www.rechberger-bau.at\/?bunch_portfolio=neubau\" class=\"proj-link\"><span class=\"fa fa-link\"><\/span><\/a>\r\r\n                                <\/div>\r\r\n                            <\/div>\r\r\n                        <\/div>\r\r\n                    <\/figure>\r\r\n                    \r\r\n                    <!--Caption Box-->\r\r\n                    <div class=\"caption-box-two\">\r\r\n                        <h3><a href=\"https:\/\/www.rechberger-bau.at\/?bunch_portfolio=neubau\">Neubau<\/a><\/h3>\r\r\n                        \r\n \t\t\t\t\t\t<div class=\"cat-links\">Eingangst\u00fcren, Fenster, Garagentore, Sonnenschutz<\/div>\r\r\n                    <\/div>\r\r\n                <\/div>\r\r\n            <\/div>\r\r\n            \r\r\n           \r\r\n\r\n  \r\r\n  \r\r\n            <\/div>\r\r\n            \r\r\n        <\/div><!--End Mixituo Gallery-->\r\r\n        \r\r\n        <!-- Styled Pagination -->\r\r\n        <div class=\"styled-pagination padd-top-40 text-center\">\r\r\n            \r\n        <\/div>\r\r\n            \r\r\n    <\/div>\r\r\n<\/section>\r\r\n\r\r\n[\/vc_column][\/vc_row]<\/p>\n<\/section>","protected":false},"excerpt":{"rendered":"<p>[vc_row full_width=&#8220;stretch_row&#8220; content_placement=&#8220;middle&#8220; container=&#8220;1&#8243;][vc_column][vc_column_text] Referenzen [\/vc_column_text][\/vc_column][\/vc_row][vc_row][vc_column][\/vc_column][\/vc_row]<\/p>\n","protected":false},"author":1,"featured_media":0,"parent":0,"menu_order":0,"comment_status":"closed","ping_status":"closed","template":"tpl-visual_composer.php","meta":{"footnotes":""},"class_list":["post-233","page","type-page","status-publish","hentry"],"yoast_head":"<!-- This site is optimized with the Yoast SEO plugin v23.4 - https:\/\/yoast.com\/wordpress\/plugins\/seo\/ -->\n<title>Referenzen - Rechberger Bau Ges.m.b.H.<\/title>\n<meta name=\"robots\" content=\"index, follow, max-snippet:-1, max-image-preview:large, max-video-preview:-1\" \/>\n<link rel=\"canonical\" href=\"https:\/\/www.rechberger-bau.at\/?page_id=233\" \/>\n<meta property=\"og:locale\" content=\"de_DE\" \/>\n<meta property=\"og:type\" content=\"article\" \/>\n<meta property=\"og:title\" content=\"Referenzen - Rechberger Bau Ges.m.b.H.\" \/>\n<meta property=\"og:description\" content=\"[vc_row full_width=&#8220;stretch_row&#8220; content_placement=&#8220;middle&#8220; container=&#8220;1&#8243;][vc_column][vc_column_text] Referenzen [\/vc_column_text][\/vc_column][\/vc_row][vc_row][vc_column][\/vc_column][\/vc_row]\" \/>\n<meta property=\"og:url\" content=\"https:\/\/www.rechberger-bau.at\/?page_id=233\" \/>\n<meta property=\"og:site_name\" content=\"Rechberger Bau Ges.m.b.H.\" \/>\n<meta property=\"article:modified_time\" content=\"2017-05-18T06:02:50+00:00\" \/>\n<meta name=\"twitter:card\" content=\"summary_large_image\" \/>\n<script type=\"application\/ld+json\" class=\"yoast-schema-graph\">{\"@context\":\"https:\/\/schema.org\",\"@graph\":[{\"@type\":\"WebPage\",\"@id\":\"https:\/\/www.rechberger-bau.at\/?page_id=233\",\"url\":\"https:\/\/www.rechberger-bau.at\/?page_id=233\",\"name\":\"Referenzen - Rechberger Bau Ges.m.b.H.\",\"isPartOf\":{\"@id\":\"http:\/\/www.rechberger-bau.at\/#website\"},\"datePublished\":\"2016-11-11T08:44:10+00:00\",\"dateModified\":\"2017-05-18T06:02:50+00:00\",\"breadcrumb\":{\"@id\":\"https:\/\/www.rechberger-bau.at\/?page_id=233#breadcrumb\"},\"inLanguage\":\"de\",\"potentialAction\":[{\"@type\":\"ReadAction\",\"target\":[\"https:\/\/www.rechberger-bau.at\/?page_id=233\"]}]},{\"@type\":\"BreadcrumbList\",\"@id\":\"https:\/\/www.rechberger-bau.at\/?page_id=233#breadcrumb\",\"itemListElement\":[{\"@type\":\"ListItem\",\"position\":1,\"name\":\"Startseite\",\"item\":\"http:\/\/www.rechberger-bau.at\/\"},{\"@type\":\"ListItem\",\"position\":2,\"name\":\"Referenzen\"}]},{\"@type\":\"WebSite\",\"@id\":\"http:\/\/www.rechberger-bau.at\/#website\",\"url\":\"http:\/\/www.rechberger-bau.at\/\",\"name\":\"Rechberger Bau Ges.m.b.H.\",\"description\":\"Rechberger Bau GmbH ist mit \u00fcber 30 Jahre Erfahrung ihr Spezialist f\u00fcr Fenster, T\u00fcren, Tore, Sonnenschutz und Fliesen\",\"potentialAction\":[{\"@type\":\"SearchAction\",\"target\":{\"@type\":\"EntryPoint\",\"urlTemplate\":\"http:\/\/www.rechberger-bau.at\/?s={search_term_string}\"},\"query-input\":{\"@type\":\"PropertyValueSpecification\",\"valueRequired\":true,\"valueName\":\"search_term_string\"}}],\"inLanguage\":\"de\"}]}<\/script>\n<!-- \/ Yoast SEO plugin. -->","yoast_head_json":{"title":"Referenzen - Rechberger Bau Ges.m.b.H.","robots":{"index":"index","follow":"follow","max-snippet":"max-snippet:-1","max-image-preview":"max-image-preview:large","max-video-preview":"max-video-preview:-1"},"canonical":"https:\/\/www.rechberger-bau.at\/?page_id=233","og_locale":"de_DE","og_type":"article","og_title":"Referenzen - Rechberger Bau Ges.m.b.H.","og_description":"[vc_row full_width=&#8220;stretch_row&#8220; content_placement=&#8220;middle&#8220; container=&#8220;1&#8243;][vc_column][vc_column_text] Referenzen [\/vc_column_text][\/vc_column][\/vc_row][vc_row][vc_column][\/vc_column][\/vc_row]","og_url":"https:\/\/www.rechberger-bau.at\/?page_id=233","og_site_name":"Rechberger Bau Ges.m.b.H.","article_modified_time":"2017-05-18T06:02:50+00:00","twitter_card":"summary_large_image","schema":{"@context":"https:\/\/schema.org","@graph":[{"@type":"WebPage","@id":"https:\/\/www.rechberger-bau.at\/?page_id=233","url":"https:\/\/www.rechberger-bau.at\/?page_id=233","name":"Referenzen - Rechberger Bau Ges.m.b.H.","isPartOf":{"@id":"http:\/\/www.rechberger-bau.at\/#website"},"datePublished":"2016-11-11T08:44:10+00:00","dateModified":"2017-05-18T06:02:50+00:00","breadcrumb":{"@id":"https:\/\/www.rechberger-bau.at\/?page_id=233#breadcrumb"},"inLanguage":"de","potentialAction":[{"@type":"ReadAction","target":["https:\/\/www.rechberger-bau.at\/?page_id=233"]}]},{"@type":"BreadcrumbList","@id":"https:\/\/www.rechberger-bau.at\/?page_id=233#breadcrumb","itemListElement":[{"@type":"ListItem","position":1,"name":"Startseite","item":"http:\/\/www.rechberger-bau.at\/"},{"@type":"ListItem","position":2,"name":"Referenzen"}]},{"@type":"WebSite","@id":"http:\/\/www.rechberger-bau.at\/#website","url":"http:\/\/www.rechberger-bau.at\/","name":"Rechberger Bau Ges.m.b.H.","description":"Rechberger Bau GmbH ist mit \u00fcber 30 Jahre Erfahrung ihr Spezialist f\u00fcr Fenster, T\u00fcren, Tore, Sonnenschutz und Fliesen","potentialAction":[{"@type":"SearchAction","target":{"@type":"EntryPoint","urlTemplate":"http:\/\/www.rechberger-bau.at\/?s={search_term_string}"},"query-input":{"@type":"PropertyValueSpecification","valueRequired":true,"valueName":"search_term_string"}}],"inLanguage":"de"}]}},"_links":{"self":[{"href":"https:\/\/www.rechberger-bau.at\/index.php?rest_route=\/wp\/v2\/pages\/233"}],"collection":[{"href":"https:\/\/www.rechberger-bau.at\/index.php?rest_route=\/wp\/v2\/pages"}],"about":[{"href":"https:\/\/www.rechberger-bau.at\/index.php?rest_route=\/wp\/v2\/types\/page"}],"author":[{"embeddable":true,"href":"https:\/\/www.rechberger-bau.at\/index.php?rest_route=\/wp\/v2\/users\/1"}],"replies":[{"embeddable":true,"href":"https:\/\/www.rechberger-bau.at\/index.php?rest_route=%2Fwp%2Fv2%2Fcomments&post=233"}],"version-history":[{"count":6,"href":"https:\/\/www.rechberger-bau.at\/index.php?rest_route=\/wp\/v2\/pages\/233\/revisions"}],"predecessor-version":[{"id":1116,"href":"https:\/\/www.rechberger-bau.at\/index.php?rest_route=\/wp\/v2\/pages\/233\/revisions\/1116"}],"wp:attachment":[{"href":"https:\/\/www.rechberger-bau.at\/index.php?rest_route=%2Fwp%2Fv2%2Fmedia&parent=233"}],"curies":[{"name":"wp","href":"https:\/\/api.w.org\/{rel}","templated":true}]}}