{"id":330,"date":"2016-11-11T13:22:01","date_gmt":"2016-11-11T13:22:01","guid":{"rendered":"http:\/\/asianitbd.com\/wp\/decorators\/?page_id=330"},"modified":"2025-11-25T08:27:27","modified_gmt":"2025-11-25T07:27:27","slug":"contact","status":"publish","type":"page","link":"https:\/\/www.rechberger-bau.at\/?page_id=330","title":{"rendered":"Kontakt"},"content":{"rendered":"<section class=\"wpb-content-wrapper\"><p>[vc_row full_width=&#8220;stretch_row&#8220; content_placement=&#8220;middle&#8220; container=&#8220;1&#8243;][vc_column][vc_column_text]<\/p>\n<h2>Kontakt<\/h2>\n<p>Wir sind von Montag \u2013 Donnerstag 08:00 &#8211; 12:00 Uhr und von 13:00 \u2013 17:00 Uhr und Freitag von 08:00 &#8211; 12:00 Uhr f\u00fcr Sie da.<\/p>\n<p>Au\u00dferhalb der B\u00fcrozeiten stehen wir Ihnen gerne f\u00fcr Termine nach Vereinbarung zur Verf\u00fcgung \u2013 auch am Abend und am Wochenende.<\/p>\n<p>Wir freuen uns \u00fcber Ihren Besuch, Anruf oder Ihre Mail![\/vc_column_text]\r\n\r\r\n<!--Contact Section-->\r\r\n<section class=\"contact-section\">\r\r\n    <div class=\"auto-container\">\r\r\n        <div class=\"row clearfix\">\r\r\n            \r\r\n            <!--Form Column -->\r\r\n            <div class=\"column form-column col-lg-6 col-md-12 col-sm-12 col-xs-12\">\r\r\n                <div class=\"sec-title medium\"><h2>Schreiben Sie uns!<\/h2><\/div>\r\r\n                <!--form-box-->\r\r\n                <div class=\"form-box default-form\">\r\r\n                    <div class=\"contact-form default-form\">\r\r\n                        \n<div class=\"wpcf7 no-js\" id=\"wpcf7-f5-o1\" lang=\"de-DE\" dir=\"ltr\" data-wpcf7-id=\"5\">\n<div class=\"screen-reader-response\"><p role=\"status\" aria-live=\"polite\" aria-atomic=\"true\"><\/p> <ul><\/ul><\/div>\n<form action=\"\/index.php?rest_route=%2Fwp%2Fv2%2Fpages%2F330#wpcf7-f5-o1\" method=\"post\" class=\"wpcf7-form init\" aria-label=\"Kontaktformular\" novalidate=\"novalidate\" data-status=\"init\">\n<div style=\"display: none;\">\n<input type=\"hidden\" name=\"_wpcf7\" value=\"5\" \/>\n<input type=\"hidden\" name=\"_wpcf7_version\" value=\"6.0.6\" \/>\n<input type=\"hidden\" name=\"_wpcf7_locale\" value=\"de_DE\" \/>\n<input type=\"hidden\" name=\"_wpcf7_unit_tag\" value=\"wpcf7-f5-o1\" \/>\n<input type=\"hidden\" name=\"_wpcf7_container_post\" value=\"0\" \/>\n<input type=\"hidden\" name=\"_wpcf7_posted_data_hash\" value=\"\" \/>\n<\/div>\n<p><label> Ihr Name (Pflichtfeld)<br \/>\n<span class=\"wpcf7-form-control-wrap\" data-name=\"your-name\"><input size=\"40\" maxlength=\"400\" class=\"wpcf7-form-control wpcf7-text wpcf7-validates-as-required\" aria-required=\"true\" aria-invalid=\"false\" value=\"\" type=\"text\" name=\"your-name\" \/><\/span> <\/label>\n<\/p>\n<p><label> Ihre E-Mail Adresse (Pflichtfeld)<br \/>\n<span class=\"wpcf7-form-control-wrap\" data-name=\"your-email\"><input size=\"40\" maxlength=\"400\" class=\"wpcf7-form-control wpcf7-email wpcf7-validates-as-required wpcf7-text wpcf7-validates-as-email\" aria-required=\"true\" aria-invalid=\"false\" value=\"\" type=\"email\" name=\"your-email\" \/><\/span> <\/label>\n<\/p>\n<p><label> Betreff<br \/>\n<span class=\"wpcf7-form-control-wrap\" data-name=\"your-subject\"><input size=\"40\" maxlength=\"400\" class=\"wpcf7-form-control wpcf7-text\" aria-invalid=\"false\" value=\"\" type=\"text\" name=\"your-subject\" \/><\/span> <\/label>\n<\/p>\n<p><label> Nachricht<br \/>\n<span class=\"wpcf7-form-control-wrap\" data-name=\"your-message\"><textarea cols=\"40\" rows=\"10\" maxlength=\"2000\" class=\"wpcf7-form-control wpcf7-textarea\" aria-invalid=\"false\" name=\"your-message\"><\/textarea><\/span> <\/label>\n<\/p>\n<p><label> Sicherheitsfrage<br \/>\n<span class=\"wpcf7-form-control-wrap\" data-name=\"quiz-510\"><label><span class=\"wpcf7-quiz-label\">2+2=?<\/span> <input size=\"40\" class=\"wpcf7-form-control wpcf7-quiz\" autocomplete=\"off\" aria-required=\"true\" aria-invalid=\"false\" type=\"text\" name=\"quiz-510\" \/><\/label><input type=\"hidden\" name=\"_wpcf7_quiz_answer_quiz-510\" value=\"4ccd2ed3cd2338bf543b009499e431fa\" \/><\/span><\/label>\n<\/p>\n<p><span class=\"wpcf7-form-control-wrap\" data-name=\"checkbox-772\"><span class=\"wpcf7-form-control wpcf7-checkbox wpcf7-validates-as-required\"><span class=\"wpcf7-list-item first last\"><input type=\"checkbox\" name=\"checkbox-772[]\" value=\"Ich best\u00e4tige, dass ich die Hinweise zum Datenschutz gelesen und akzeptier habe.\" \/><span class=\"wpcf7-list-item-label\">Ich best\u00e4tige, dass ich die Hinweise zum Datenschutz gelesen und akzeptier habe.<\/span><\/span><\/span><\/span>\n<\/p>\n<p><b>Erkl\u00e4rung zur Informationspflicht<\/b><br \/>\n(Datenschutzerkl\u00e4rung)\n<\/p>\n<p>Der Schutz Ihrer pers\u00f6nlichen Daten ist uns ein besonderes Anliegen. Wir verarbeiten Ihre Daten daher ausschlie\u00dflich auf Grundlage der gesetzlichen Bestimmungen (DSGVO, TKG 2003). In diesen Datenschutzinformationen informieren wir Sie \u00fcber die wichtigsten Aspekte der Datenverarbeitung im Rahmen unserer Website.\n<\/p>\n<p>Kontakt mit uns<br \/>\nWenn Sie per Formular auf der Website oder per E-Mail Kontakt mit uns aufnehmen, werden Ihre angegebenen Daten zwecks Bearbeitung der Anfrage und f\u00fcr den Fall von Anschlussfragen 3 Jahre bei uns gespeichert. Diese Daten geben wir nicht ohne Ihre Einwilligung weiter und senden auch keine automationsunterst\u00fctzen Werbungen.\n<\/p>\n<p><input class=\"wpcf7-form-control wpcf7-submit has-spinner\" type=\"submit\" value=\"Absenden\" \/>\n<\/p><input type='hidden' class='wpcf7-pum' value='{\"closepopup\":false,\"closedelay\":0,\"openpopup\":false,\"openpopup_id\":0}' \/><div class=\"wpcf7-response-output\" aria-hidden=\"true\"><\/div>\n<\/form>\n<\/div>\n\r\n                    <\/div>\r\r\n                <\/div>\r\r\n            <\/div>\r\r\n            \r\r\n            <!--Column-->\r\r\n            <div class=\"column info-column col-lg-6 col-md-6 col-sm-12 col-xs-12\">\r\r\n                <div class=\"sec-title medium\"><h2>Pers\u00f6nlicher Kontakt<\/h2><\/div>\r\r\n                <div class=\"desc-text\">Sie haben Fragen zu unseren Produkten oder Service? Z\u00f6gern Sie nicht uns zu kontaktieren.<\/div>\r\r\n                <div class=\"info-style-one\">\r\r\n                    <ul>\r\r\n                        <li><div class=\"icon-box\"><span class=\"flaticon-international-delivery\"><\/span><\/div><h4>Adresse :<\/h4><div class=\"text\">Rechberger Bau Ges.m.b.H.<br \/>\nKepling 52<br \/>\n4173 St. Veit i.M.<\/div><\/li>\r\r\n                        <li><div class=\"icon-box\"><span class=\"flaticon-envelope\"><\/span><\/div><h4>E-Mail :<\/h4><div class=\"text\">office@rechberger-bau.at<\/div><\/li>\r\r\n                        <li><div class=\"icon-box\"><span class=\"flaticon-phone-call\"><\/span><\/div><h4>Telefon:<\/h4><div class=\"text\"> 07217 6143<\/div><\/li>\r\r\n                    <\/ul>\r\r\n                <\/div>\r\r\n            <\/div>\r\r\n            \r\r\n        <\/div>    \r\r\n    <\/div>\r\r\n<\/section>\r\r\n    \r\r\n[vc_column_text]Firmenbuchnummer 91521 s<br \/>\nHandelsgericht Linz, HRB 6049-3[\/vc_column_text][\/vc_column][\/vc_row][vc_row][vc_column][vc_column_text]<iframe loading=\"lazy\" style=\"border: 0;\" src=\"https:\/\/www.google.com\/maps\/embed?pb=!1m18!1m12!1m3!1d84662.81901989118!2d14.089159264079324!3d48.4620341364851!2m3!1f0!2f0!3f0!3m2!1i1024!2i768!4f13.1!3m3!1m2!1s0x477382e9216d22c1%3A0x18170d69491a232f!2sKepling+52%2C+4173+Kepling!5e0!3m2!1sde!2sat!4v1487618315504\" width=\"100%\" height=\"600\" frameborder=\"0\" allowfullscreen=\"allowfullscreen\"><\/iframe>[\/vc_column_text][\/vc_column][\/vc_row]<\/p>\n<\/section>","protected":false},"excerpt":{"rendered":"<p>[vc_row full_width=&#8220;stretch_row&#8220; content_placement=&#8220;middle&#8220; container=&#8220;1&#8243;][vc_column][vc_column_text] Kontakt Wir sind von Montag \u2013 Donnerstag 08:00 &#8211; 12:00 Uhr und von 13:00 \u2013 17:00 Uhr und Freitag von 08:00 &#8211; 12:00 Uhr f\u00fcr Sie da. Au\u00dferhalb der B\u00fcrozeiten stehen wir Ihnen gerne f\u00fcr Termine nach Vereinbarung zur Verf\u00fcgung \u2013 auch am Abend und am Wochenende. Wir freuen uns \u00fcber<\/p>\n","protected":false},"author":1,"featured_media":0,"parent":0,"menu_order":0,"comment_status":"closed","ping_status":"closed","template":"tpl-visual_composer.php","meta":{"footnotes":""},"class_list":["post-330","page","type-page","status-publish","hentry"],"yoast_head":"<!-- This site is optimized with the Yoast SEO plugin v23.4 - https:\/\/yoast.com\/wordpress\/plugins\/seo\/ -->\n<title>Kontakt - Rechberger Bau Ges.m.b.H.<\/title>\n<meta name=\"robots\" content=\"index, follow, max-snippet:-1, max-image-preview:large, max-video-preview:-1\" \/>\n<link rel=\"canonical\" href=\"http:\/\/www.rechberger-bau.at\/?page_id=330\" \/>\n<meta property=\"og:locale\" content=\"de_DE\" \/>\n<meta property=\"og:type\" content=\"article\" \/>\n<meta property=\"og:title\" content=\"Kontakt - Rechberger Bau Ges.m.b.H.\" \/>\n<meta property=\"og:description\" content=\"[vc_row full_width=&#8220;stretch_row&#8220; content_placement=&#8220;middle&#8220; container=&#8220;1&#8243;][vc_column][vc_column_text] Kontakt Wir sind von Montag \u2013 Donnerstag 08:00 &#8211; 12:00 Uhr und von 13:00 \u2013 17:00 Uhr und Freitag von 08:00 &#8211; 12:00 Uhr f\u00fcr Sie da. Au\u00dferhalb der B\u00fcrozeiten stehen wir Ihnen gerne f\u00fcr Termine nach Vereinbarung zur Verf\u00fcgung \u2013 auch am Abend und am Wochenende. Wir freuen uns \u00fcber\" \/>\n<meta property=\"og:url\" content=\"http:\/\/www.rechberger-bau.at\/?page_id=330\" \/>\n<meta property=\"og:site_name\" content=\"Rechberger Bau Ges.m.b.H.\" \/>\n<meta property=\"article:modified_time\" content=\"2025-11-25T07:27:27+00:00\" \/>\n<meta name=\"twitter:card\" content=\"summary_large_image\" \/>\n<meta name=\"twitter:label1\" content=\"Gesch\u00e4tzte Lesezeit\" \/>\n\t<meta name=\"twitter:data1\" content=\"1\u00a0Minute\" \/>\n<script type=\"application\/ld+json\" class=\"yoast-schema-graph\">{\"@context\":\"https:\/\/schema.org\",\"@graph\":[{\"@type\":\"WebPage\",\"@id\":\"http:\/\/www.rechberger-bau.at\/?page_id=330\",\"url\":\"http:\/\/www.rechberger-bau.at\/?page_id=330\",\"name\":\"Kontakt - Rechberger Bau Ges.m.b.H.\",\"isPartOf\":{\"@id\":\"https:\/\/www.rechberger-bau.at\/#website\"},\"datePublished\":\"2016-11-11T13:22:01+00:00\",\"dateModified\":\"2025-11-25T07:27:27+00:00\",\"breadcrumb\":{\"@id\":\"http:\/\/www.rechberger-bau.at\/?page_id=330#breadcrumb\"},\"inLanguage\":\"de\",\"potentialAction\":[{\"@type\":\"ReadAction\",\"target\":[\"http:\/\/www.rechberger-bau.at\/?page_id=330\"]}]},{\"@type\":\"BreadcrumbList\",\"@id\":\"http:\/\/www.rechberger-bau.at\/?page_id=330#breadcrumb\",\"itemListElement\":[{\"@type\":\"ListItem\",\"position\":1,\"name\":\"Startseite\",\"item\":\"https:\/\/www.rechberger-bau.at\/\"},{\"@type\":\"ListItem\",\"position\":2,\"name\":\"Kontakt\"}]},{\"@type\":\"WebSite\",\"@id\":\"https:\/\/www.rechberger-bau.at\/#website\",\"url\":\"https:\/\/www.rechberger-bau.at\/\",\"name\":\"Rechberger Bau Ges.m.b.H.\",\"description\":\"Rechberger Bau GmbH ist mit \u00fcber 30 Jahre Erfahrung ihr Spezialist f\u00fcr Fenster, T\u00fcren, Tore, Sonnenschutz und Fliesen\",\"potentialAction\":[{\"@type\":\"SearchAction\",\"target\":{\"@type\":\"EntryPoint\",\"urlTemplate\":\"https:\/\/www.rechberger-bau.at\/?s={search_term_string}\"},\"query-input\":{\"@type\":\"PropertyValueSpecification\",\"valueRequired\":true,\"valueName\":\"search_term_string\"}}],\"inLanguage\":\"de\"}]}<\/script>\n<!-- \/ Yoast SEO plugin. -->","yoast_head_json":{"title":"Kontakt - Rechberger Bau Ges.m.b.H.","robots":{"index":"index","follow":"follow","max-snippet":"max-snippet:-1","max-image-preview":"max-image-preview:large","max-video-preview":"max-video-preview:-1"},"canonical":"http:\/\/www.rechberger-bau.at\/?page_id=330","og_locale":"de_DE","og_type":"article","og_title":"Kontakt - Rechberger Bau Ges.m.b.H.","og_description":"[vc_row full_width=&#8220;stretch_row&#8220; content_placement=&#8220;middle&#8220; container=&#8220;1&#8243;][vc_column][vc_column_text] Kontakt Wir sind von Montag \u2013 Donnerstag 08:00 &#8211; 12:00 Uhr und von 13:00 \u2013 17:00 Uhr und Freitag von 08:00 &#8211; 12:00 Uhr f\u00fcr Sie da. Au\u00dferhalb der B\u00fcrozeiten stehen wir Ihnen gerne f\u00fcr Termine nach Vereinbarung zur Verf\u00fcgung \u2013 auch am Abend und am Wochenende. Wir freuen uns \u00fcber","og_url":"http:\/\/www.rechberger-bau.at\/?page_id=330","og_site_name":"Rechberger Bau Ges.m.b.H.","article_modified_time":"2025-11-25T07:27:27+00:00","twitter_card":"summary_large_image","twitter_misc":{"Gesch\u00e4tzte Lesezeit":"1\u00a0Minute"},"schema":{"@context":"https:\/\/schema.org","@graph":[{"@type":"WebPage","@id":"http:\/\/www.rechberger-bau.at\/?page_id=330","url":"http:\/\/www.rechberger-bau.at\/?page_id=330","name":"Kontakt - Rechberger Bau Ges.m.b.H.","isPartOf":{"@id":"https:\/\/www.rechberger-bau.at\/#website"},"datePublished":"2016-11-11T13:22:01+00:00","dateModified":"2025-11-25T07:27:27+00:00","breadcrumb":{"@id":"http:\/\/www.rechberger-bau.at\/?page_id=330#breadcrumb"},"inLanguage":"de","potentialAction":[{"@type":"ReadAction","target":["http:\/\/www.rechberger-bau.at\/?page_id=330"]}]},{"@type":"BreadcrumbList","@id":"http:\/\/www.rechberger-bau.at\/?page_id=330#breadcrumb","itemListElement":[{"@type":"ListItem","position":1,"name":"Startseite","item":"https:\/\/www.rechberger-bau.at\/"},{"@type":"ListItem","position":2,"name":"Kontakt"}]},{"@type":"WebSite","@id":"https:\/\/www.rechberger-bau.at\/#website","url":"https:\/\/www.rechberger-bau.at\/","name":"Rechberger Bau Ges.m.b.H.","description":"Rechberger Bau GmbH ist mit \u00fcber 30 Jahre Erfahrung ihr Spezialist f\u00fcr Fenster, T\u00fcren, Tore, Sonnenschutz und Fliesen","potentialAction":[{"@type":"SearchAction","target":{"@type":"EntryPoint","urlTemplate":"https:\/\/www.rechberger-bau.at\/?s={search_term_string}"},"query-input":{"@type":"PropertyValueSpecification","valueRequired":true,"valueName":"search_term_string"}}],"inLanguage":"de"}]}},"_links":{"self":[{"href":"https:\/\/www.rechberger-bau.at\/index.php?rest_route=\/wp\/v2\/pages\/330"}],"collection":[{"href":"https:\/\/www.rechberger-bau.at\/index.php?rest_route=\/wp\/v2\/pages"}],"about":[{"href":"https:\/\/www.rechberger-bau.at\/index.php?rest_route=\/wp\/v2\/types\/page"}],"author":[{"embeddable":true,"href":"https:\/\/www.rechberger-bau.at\/index.php?rest_route=\/wp\/v2\/users\/1"}],"replies":[{"embeddable":true,"href":"https:\/\/www.rechberger-bau.at\/index.php?rest_route=%2Fwp%2Fv2%2Fcomments&post=330"}],"version-history":[{"count":35,"href":"https:\/\/www.rechberger-bau.at\/index.php?rest_route=\/wp\/v2\/pages\/330\/revisions"}],"predecessor-version":[{"id":1820,"href":"https:\/\/www.rechberger-bau.at\/index.php?rest_route=\/wp\/v2\/pages\/330\/revisions\/1820"}],"wp:attachment":[{"href":"https:\/\/www.rechberger-bau.at\/index.php?rest_route=%2Fwp%2Fv2%2Fmedia&parent=330"}],"curies":[{"name":"wp","href":"https:\/\/api.w.org\/{rel}","templated":true}]}}