{"id":461,"date":"2016-11-03T16:44:30","date_gmt":"2016-11-03T16:44:30","guid":{"rendered":"http:\/\/asianitbd.com\/wp\/decorators\/?page_id=8"},"modified":"2024-09-18T16:18:02","modified_gmt":"2024-09-18T14:18:02","slug":"home","status":"publish","type":"page","link":"https:\/\/www.rechberger-bau.at\/","title":{"rendered":"Home"},"content":{"rendered":"<section class=\"wpb-content-wrapper\"><p>[vc_row el_class=&#8220;main-slider&#8220;][vc_column][rev_slider_vc alias=&#8220;Home&#8220;][\/vc_column][\/vc_row][vc_row][vc_column]\r\n\r\r\n<!--welcome-section-->\r\r\n<section class=\"welcome-section\">\r\r\n    <div class=\"auto-container\">\r\r\n        <div class=\"row clearfix\">\r\r\n            <!--welcome-column-->\r\r\n            <div class=\"col-md-6 col-sm-12 col-xs-12 welcome-column\">\r\r\n                <!--inner-content-->\r\r\n                <div class=\"inner-content wow fadeInLeft\" data-wow-delay=\"0ms\" data-wow-duration=\"1500ms\">\r\r\n                    <h2>Willkommen bei Rechberger Bau GmbH<\/h2>\r\r\n                    <h3>Was man gerne macht, macht man gut \u2013 und wir lieben unsere Arbeit!<span><\/span><\/h3>\r\r\n                    \r\r\n                    <div class=\"text\">Rechberger Bau GmbH ist mit \u00fcber 30 Jahre Erfahrung ihr Spezialist f\u00fcr Fenster, T\u00fcren, Tore und Sonnenschutz. Egal ob Neubau oder Sanierung, Privathaus oder Firmengeb\u00e4ude \u2013 wir beraten Sie gerne in unserem Schauraum, aber auch direkt bei Ihnen zu Hause, auf der Baustelle.<br \/>\nWir planen f\u00fcr Sie Individuell und suchen nach perfekten L\u00f6sungen f\u00fcr Ihren Neubau bzw. Ihre Sanierung. Wir bieten ma\u00dfgenaue Fertigung, saubere Montagen und p\u00fcnktliche Lieferung.<br \/>\n\u00dcberzeugen Sie sich und vereinbaren ein Beratungsgespr\u00e4ch \u2013 wir freuen uns auf Sie.<\/div>\r\r\n                    <figure class=\"signature\">\r\r\n                        <img decoding=\"async\" src=\"\" alt=\"image\" \/>\r\r\n                    <\/figure>\r\r\n                    \r\r\n                    <!--author-title-->\r\r\n                    <div class=\"author-title\">\r\r\n                        <div class=\"author-info\"><span><\/span><\/div>\r\r\n                        <div class=\"author-designation\"><\/div>\r\r\n                    <\/div>\r\r\n                <\/div>\r\r\n            <\/div>\r\r\n            \r\r\n            <!--service-column-->\r\r\n            <div class=\"col-md-6 col-sm-12 col-xs-12 service-column\">\r\r\n                <!--service-block-one-->\r\r\n                \r\n                <div class=\"service-block-one\">\r\r\n                    <div class=\"inner-box\">\r\r\n                        <!--icon-block-->\r\r\n                        <div class=\"icon-box\">\r\r\n                            <span class=\"icon flaticon-correct\"><\/span>\r\r\n                        <\/div>\r\r\n                        <h3>\u00dcber 30 Jahre Erfahrung<\/h3>\r\r\n                        <div class=\"category\"><a href=\"\">Fenster, T\u00fcren, Tore, Sonnenschutz und Fliesen<\/a><\/div>\r\r\n                        <div class=\"text\">Ihr Spezialist f\u00fcr Fenster, T\u00fcren, Tore, Sonnenschutz und Fliesen. <\/div>\r\r\n                    <\/div>\r\r\n                <\/div>\r\r\n                \r\n                <div class=\"service-block-one\">\r\r\n                    <div class=\"inner-box\">\r\r\n                        <!--icon-block-->\r\r\n                        <div class=\"icon-box\">\r\r\n                            <span class=\"icon flaticon-correct\"><\/span>\r\r\n                        <\/div>\r\r\n                        <h3>Regionale Hersteller<\/h3>\r\r\n                        <div class=\"category\"><a href=\"\">Internorm, Valetta, Normstahl, ...<\/a><\/div>\r\r\n                        <div class=\"text\">Normstahl und Hirth und Kunex seit 1989 \u2013 Er\u00f6ffnung\/Bau des Gesch\u00e4ftsgeb\u00e4udes in Kepling 52 wurde auch die Produktpalette erweitert.<\/div>\r\r\n                    <\/div>\r\r\n                <\/div>\r\r\n                \r\n                <div class=\"service-block-one\">\r\r\n                    <div class=\"inner-box\">\r\r\n                        <!--icon-block-->\r\r\n                        <div class=\"icon-box\">\r\r\n                            <span class=\"icon flaticon-correct\"><\/span>\r\r\n                        <\/div>\r\r\n                        <h3>Wir sind Experten<\/h3>\r\r\n                        <div class=\"category\"><a href=\"\">bei Montage und Ma\u00dfabnahme<\/a><\/div>\r\r\n                        <div class=\"text\">Die genaue Ma\u00dfabnahme von Naturma\u00dfen auf Ihrer Baustelle ist uns wichtig. Wir kommen gerne zu Ihnen und besprechen mit Ihnen Ihre Vorstellungen bei Ihnen zu Hause. Mit unserem eigenen Montageteam sind wir sehr flexibel und k\u00f6nnen situationsgerecht auf Ihre W\u00fcnsche eingehen. <\/div>\r\r\n                    <\/div>\r\r\n                <\/div>\r\r\n                \r\n            <\/div>\r\r\n        <\/div>\r\r\n    <\/div>\r\r\n<\/section>\r\r\n\r\r\n[\/vc_column][\/vc_row][vc_row][vc_column]   \r\r\n   \r\r\n\r\r\n<!--testimonial-style-one-->\r\r\n<section class=\"testimonial-style-one\" style=\"background-image:url('https:\/\/www.rechberger-bau.at\/wp-content\/uploads\/2017\/02\/zimmer_mit_aussicht_aviva.jpg');\">\r\r\n    <div class=\"auto-container\">\r\r\n        <div class=\"row\">\r\r\n            \r\r\n            <div class=\"carousel-outer\">\r\r\n                <div class=\"icon fa fa-quote-left\"><\/div>\r\r\n                <div class=\"single-item-carousel\">\r\r\n\r\r\n                    \r\n                    <!--Slide Item-->\r\r\n                    <div class=\"slide-item\">\r\r\n                        <div class=\"inner-box\">\r\r\n                            <div class=\"slide-text\">Ein wohnortnaher Fachbetrieb, der sehr kundenorientiert agiert und auch individuelle L\u00f6sungen findet. Wir sind mit der Produktqualit\u00e4t wie auch mit der Ausf\u00fchrung sehr zufrieden und z\u00e4hlen uns daher seit Jahren zu den Stammkunden.<\/div>\r\r\n                            <!--auther-info-->\r\r\n                            <div class=\"auther-info\">\r\r\n                                <div class=\"image\"><\/div>\r\r\n                                <div class=\"auther-name\">Familie P.<\/div>\r\r\n                                <div class=\"designation\"><\/div>\r\r\n                            <\/div>\r\r\n                        <\/div>\r\r\n                    <\/div>\r\r\n                    \r\n                    <!--Slide Item-->\r\r\n                    <div class=\"slide-item\">\r\r\n                        <div class=\"inner-box\">\r\r\n                            <div class=\"slide-text\">Bei der Sanierung bzw. Neubau unseres Hauses vertrauten wir auf die Firma Rechberger.\u00a0Wir wurden individuell und sehr gut zuerst \u00fcber alles informiert.\u00a0Bei unserer pers\u00f6nlichen Beratung nahm man sich Zeit die Vorstellungen und Ideen zu verwirklichen. Aufgrunddessen haben wir uns f\u00fcr Fenster,Haust\u00fcren und deren Montage, sowie auch Innent\u00fcren und Fliesen von der Firma Rechberger GmbH entschieden.\u00a0Bei Fragen konnte man sich jederzeit melden und bekam auch zus\u00e4tzliche allgemeine Tipps. Man kann den bereits bestehenden guten Ruf und die erbrachte Leistung nur weiterempfehlen.<\/div>\r\r\n                            <!--auther-info-->\r\r\n                            <div class=\"auther-info\">\r\r\n                                <div class=\"image\"><\/div>\r\r\n                                <div class=\"auther-name\">Isabelle Sch.<\/div>\r\r\n                                <div class=\"designation\">Consultant<\/div>\r\r\n                            <\/div>\r\r\n                        <\/div>\r\r\n                    <\/div>\r\r\n                    \r\n                    <!--Slide Item-->\r\r\n                    <div class=\"slide-item\">\r\r\n                        <div class=\"inner-box\">\r\r\n                            <div class=\"slide-text\">&#8222;Danke f\u00fcr dir reibungslose Umsetzung unseres Projektes! Mit Hilfe der Einbindung von Thomas Rechberger bereits in der fr\u00fchen Planungsphase, ist ein Wintergarten entstanden, mit dem wir rundum zufrieden sind. Durch die fast 9m lange Hebeschiebet\u00fcre k\u00f6nnen wir die kommenden Fr\u00fchlingstage sicher genie\u00dfen!&#8220;<\/div>\r\r\n                            <!--auther-info-->\r\r\n                            <div class=\"auther-info\">\r\r\n                                <div class=\"image\"><\/div>\r\r\n                                <div class=\"auther-name\">Fam. Obermair<\/div>\r\r\n                                <div class=\"designation\">Consultant<\/div>\r\r\n                            <\/div>\r\r\n                        <\/div>\r\r\n                    <\/div>\r\r\n                    \r\n                    <!--Slide Item-->\r\r\n                    <div class=\"slide-item\">\r\r\n                        <div class=\"inner-box\">\r\r\n                            <div class=\"slide-text\">Wir haben mit der Firma Rechberger einen verl\u00e4sslichen Ansprechpartner gefunden, der auch f\u00fcr komplizierte Aufgaben einfache L\u00f6sungen findet und dabei kompetent, sauber und schnell arbeitet. Wir sind sehr zufrieden!<\/div>\r\r\n                            <!--auther-info-->\r\r\n                            <div class=\"auther-info\">\r\r\n                                <div class=\"image\"><\/div>\r\r\n                                <div class=\"auther-name\">Fam. Sch\u00fctz<\/div>\r\r\n                                <div class=\"designation\">Consultant<\/div>\r\r\n                            <\/div>\r\r\n                        <\/div>\r\r\n                    <\/div>\r\r\n                    \r\n\t\t\t\t<\/div>\r\r\n            \r\r\n            <\/div>\r\r\n        <\/div>\r\r\n    <\/div>\r\r\n<\/section>\r\r\n\r\r\n\r\n[\/vc_column][\/vc_row][vc_row full_width=&#8220;stretch_row&#8220; content_placement=&#8220;middle&#8220; container=&#8220;1&#8243;][vc_column][vc_column_text css=&#8220;.vc_custom_1690447471268{padding-top: 50px !important;}&#8220;]<\/p>\n<h2>Regionale Hersteller<\/h2>\n<p>&nbsp;<\/p>\n<p>Wir legen gro\u00dfen Wert darauf Produkten aus unserer Region zu verarbeiten.<br \/>\nUnsere Hauptlieferanten haben nicht nur ihren Firmensitz, sondern auch ihre Produktionsst\u00e4tte in \u00d6sterreich und setzen auf heimische Qualit\u00e4t.[\/vc_column_text]\r\n\r\r\n<!--Sponsors Section-->\r\r\n<section class=\"sponsors-section style-two\">\r\r\n    <div class=\"auto-container\">\r\r\n        \r\n        <div class=\"sec-title-four\">\r\r\n            <h2><\/h2>\r\r\n        <\/div>\r\r\n\t\t\r\n        <!--Sponsors SLider-->\r\r\n        <ul class=\"sponsors-carousel\">\r\r\n            \r\n            <li><div class=\"inner-box\"><figure class=\"image-box\"><img decoding=\"async\" src=\"https:\/\/www.rechberger-bau.at\/wp-content\/uploads\/2016\/11\/internorm_1.jpg\" alt=\"image\"><\/figure><div class=\"overlay-box\"><div class=\"overlay-inner\"><div class=\"overlay-content\"><span class=\"count\">\u00fcber 30<\/span><span class=\"text\">Year<br>Experince<\/span><\/div><\/div><\/div><\/div><\/li>\r\r\n            \r\n            <li><div class=\"inner-box\"><figure class=\"image-box\"><img decoding=\"async\" src=\"https:\/\/www.rechberger-bau.at\/wp-content\/uploads\/2016\/11\/normstahl_1.jpg\" alt=\"image\"><\/figure><div class=\"overlay-box\"><div class=\"overlay-inner\"><div class=\"overlay-content\"><span class=\"count\">\u00fcber 25<\/span><span class=\"text\">Year<br>Experince<\/span><\/div><\/div><\/div><\/div><\/li>\r\r\n            \r\n            <li><div class=\"inner-box\"><figure class=\"image-box\"><img decoding=\"async\" src=\"https:\/\/www.rechberger-bau.at\/wp-content\/uploads\/2016\/11\/valetta_1.jpg\" alt=\"image\"><\/figure><div class=\"overlay-box\"><div class=\"overlay-inner\"><div class=\"overlay-content\"><span class=\"count\">\u00fcber 30<\/span><span class=\"text\">Year<br>Experince<\/span><\/div><\/div><\/div><\/div><\/li>\r\r\n            \r\n            <li><div class=\"inner-box\"><figure class=\"image-box\"><img decoding=\"async\" src=\"https:\/\/www.rechberger-bau.at\/wp-content\/uploads\/2016\/11\/hirth_1.jpg\" alt=\"image\"><\/figure><div class=\"overlay-box\"><div class=\"overlay-inner\"><div class=\"overlay-content\"><span class=\"count\">\u00fcber 25<\/span><span class=\"text\">Year<br>Experince<\/span><\/div><\/div><\/div><\/div><\/li>\r\r\n            \r\n            <li><div class=\"inner-box\"><figure class=\"image-box\"><img decoding=\"async\" src=\"https:\/\/www.rechberger-bau.at\/wp-content\/uploads\/2016\/11\/kunex.jpg\" alt=\"image\"><\/figure><div class=\"overlay-box\"><div class=\"overlay-inner\"><div class=\"overlay-content\"><span class=\"count\">\u00fcber 25<\/span><span class=\"text\">Year<br>Experince<\/span><\/div><\/div><\/div><\/div><\/li>\r\r\n            \r\n        <\/ul>\r\r\n    <\/div>\r\r\n<\/section>\r\r\n\r\r\n[\/vc_column][\/vc_row][vc_row full_width=&#8220;stretch_row&#8220; content_placement=&#8220;middle&#8220; container=&#8220;1&#8243;][vc_column][vc_column_text css=&#8220;.vc_custom_1495116597301{padding-top: 50px !important;}&#8220;]<\/p>\n<p style=\"text-align: center;\"><strong>Wir sind Mitglied im Reparaturnetzwerk<\/strong><\/p>\n<p><a href=\"http:\/\/reparier.me\" target=\"_blank\" rel=\"noopener noreferrer\"><img loading=\"lazy\" decoding=\"async\" class=\"wp-image-1136 size-medium aligncenter\" src=\"http:\/\/www.rechberger-bau.at\/wp-content\/uploads\/2016\/11\/logo-300x64.png\" alt=\"\" width=\"300\" height=\"64\" srcset=\"https:\/\/www.rechberger-bau.at\/wp-content\/uploads\/2016\/11\/logo-300x64.png 300w, https:\/\/www.rechberger-bau.at\/wp-content\/uploads\/2016\/11\/logo.png 582w\" sizes=\"(max-width: 300px) 100vw, 300px\" \/><\/a><\/p>\n<p style=\"text-align: center;\">Das Reparaturnetzwerk Linz &amp; Umgebung<\/p>\n<p>[\/vc_column_text][\/vc_column][\/vc_row]<\/p>\n<\/section>","protected":false},"excerpt":{"rendered":"<p>[vc_row el_class=&#8220;main-slider&#8220;][vc_column][rev_slider_vc alias=&#8220;Home&#8220;][\/vc_column][\/vc_row][vc_row][vc_column][\/vc_column][\/vc_row][vc_row][vc_column][\/vc_column][\/vc_row][vc_row full_width=&#8220;stretch_row&#8220; content_placement=&#8220;middle&#8220; container=&#8220;1&#8243;][vc_column][vc_column_text css=&#8220;.vc_custom_1690447471268{padding-top: 50px !important;}&#8220;] Regionale Hersteller &nbsp; Wir legen gro\u00dfen Wert darauf Produkten aus unserer Region zu verarbeiten. Unsere Hauptlieferanten haben nicht nur ihren Firmensitz, sondern auch ihre Produktionsst\u00e4tte in \u00d6sterreich und setzen auf heimische Qualit\u00e4t.[\/vc_column_text][\/vc_column][\/vc_row][vc_row full_width=&#8220;stretch_row&#8220; content_placement=&#8220;middle&#8220; container=&#8220;1&#8243;][vc_column][vc_column_text css=&#8220;.vc_custom_1495116597301{padding-top: 50px !important;}&#8220;] Wir sind Mitglied im Reparaturnetzwerk Das Reparaturnetzwerk Linz<\/p>\n","protected":false},"author":1,"featured_media":0,"parent":0,"menu_order":0,"comment_status":"closed","ping_status":"closed","template":"tpl-visual_composer.php","meta":{"footnotes":""},"class_list":["post-461","page","type-page","status-publish","hentry"],"yoast_head":"<!-- This site is optimized with the Yoast SEO plugin v23.4 - https:\/\/yoast.com\/wordpress\/plugins\/seo\/ -->\n<title>Home - Rechberger Bau Ges.m.b.H.<\/title>\n<meta name=\"robots\" content=\"index, follow, max-snippet:-1, max-image-preview:large, max-video-preview:-1\" \/>\n<link rel=\"canonical\" href=\"https:\/\/www.rechberger-bau.at\/\" \/>\n<meta property=\"og:locale\" content=\"de_DE\" \/>\n<meta property=\"og:type\" content=\"article\" \/>\n<meta property=\"og:title\" content=\"Home - Rechberger Bau Ges.m.b.H.\" \/>\n<meta property=\"og:description\" content=\"[vc_row el_class=&#8220;main-slider&#8220;][vc_column][rev_slider_vc alias=&#8220;Home&#8220;][\/vc_column][\/vc_row][vc_row][vc_column][\/vc_column][\/vc_row][vc_row][vc_column][\/vc_column][\/vc_row][vc_row full_width=&#8220;stretch_row&#8220; content_placement=&#8220;middle&#8220; container=&#8220;1&#8243;][vc_column][vc_column_text css=&#8220;.vc_custom_1690447471268{padding-top: 50px !important;}&#8220;] Regionale Hersteller &nbsp; Wir legen gro\u00dfen Wert darauf Produkten aus unserer Region zu verarbeiten. Unsere Hauptlieferanten haben nicht nur ihren Firmensitz, sondern auch ihre Produktionsst\u00e4tte in \u00d6sterreich und setzen auf heimische Qualit\u00e4t.[\/vc_column_text][\/vc_column][\/vc_row][vc_row full_width=&#8220;stretch_row&#8220; content_placement=&#8220;middle&#8220; container=&#8220;1&#8243;][vc_column][vc_column_text css=&#8220;.vc_custom_1495116597301{padding-top: 50px !important;}&#8220;] Wir sind Mitglied im Reparaturnetzwerk Das Reparaturnetzwerk Linz\" \/>\n<meta property=\"og:url\" content=\"https:\/\/www.rechberger-bau.at\/\" \/>\n<meta property=\"og:site_name\" content=\"Rechberger Bau Ges.m.b.H.\" \/>\n<meta property=\"article:modified_time\" content=\"2024-09-18T14:18:02+00:00\" \/>\n<meta property=\"og:image\" content=\"http:\/\/www.rechberger-bau.at\/wp-content\/uploads\/2016\/11\/logo-300x64.png\" \/>\n<meta name=\"twitter:card\" content=\"summary_large_image\" \/>\n<meta name=\"twitter:label1\" content=\"Gesch\u00e4tzte Lesezeit\" \/>\n\t<meta name=\"twitter:data1\" content=\"2\u00a0Minuten\" \/>\n<script type=\"application\/ld+json\" class=\"yoast-schema-graph\">{\"@context\":\"https:\/\/schema.org\",\"@graph\":[{\"@type\":\"WebPage\",\"@id\":\"https:\/\/www.rechberger-bau.at\/\",\"url\":\"https:\/\/www.rechberger-bau.at\/\",\"name\":\"Home - Rechberger Bau Ges.m.b.H.\",\"isPartOf\":{\"@id\":\"https:\/\/www.rechberger-bau.at\/#website\"},\"primaryImageOfPage\":{\"@id\":\"https:\/\/www.rechberger-bau.at\/#primaryimage\"},\"image\":{\"@id\":\"https:\/\/www.rechberger-bau.at\/#primaryimage\"},\"thumbnailUrl\":\"http:\/\/www.rechberger-bau.at\/wp-content\/uploads\/2016\/11\/logo-300x64.png\",\"datePublished\":\"2016-11-03T16:44:30+00:00\",\"dateModified\":\"2024-09-18T14:18:02+00:00\",\"breadcrumb\":{\"@id\":\"https:\/\/www.rechberger-bau.at\/#breadcrumb\"},\"inLanguage\":\"de\",\"potentialAction\":[{\"@type\":\"ReadAction\",\"target\":[\"https:\/\/www.rechberger-bau.at\/\"]}]},{\"@type\":\"ImageObject\",\"inLanguage\":\"de\",\"@id\":\"https:\/\/www.rechberger-bau.at\/#primaryimage\",\"url\":\"https:\/\/www.rechberger-bau.at\/wp-content\/uploads\/2016\/11\/logo.png\",\"contentUrl\":\"https:\/\/www.rechberger-bau.at\/wp-content\/uploads\/2016\/11\/logo.png\",\"width\":582,\"height\":125},{\"@type\":\"BreadcrumbList\",\"@id\":\"https:\/\/www.rechberger-bau.at\/#breadcrumb\",\"itemListElement\":[{\"@type\":\"ListItem\",\"position\":1,\"name\":\"Startseite\",\"item\":\"https:\/\/www.rechberger-bau.at\/\"},{\"@type\":\"ListItem\",\"position\":2,\"name\":\"Home\"}]},{\"@type\":\"WebSite\",\"@id\":\"https:\/\/www.rechberger-bau.at\/#website\",\"url\":\"https:\/\/www.rechberger-bau.at\/\",\"name\":\"Rechberger Bau Ges.m.b.H.\",\"description\":\"Rechberger Bau GmbH ist mit \u00fcber 30 Jahre Erfahrung ihr Spezialist f\u00fcr Fenster, T\u00fcren, Tore, Sonnenschutz und Fliesen\",\"potentialAction\":[{\"@type\":\"SearchAction\",\"target\":{\"@type\":\"EntryPoint\",\"urlTemplate\":\"https:\/\/www.rechberger-bau.at\/?s={search_term_string}\"},\"query-input\":{\"@type\":\"PropertyValueSpecification\",\"valueRequired\":true,\"valueName\":\"search_term_string\"}}],\"inLanguage\":\"de\"}]}<\/script>\n<!-- \/ Yoast SEO plugin. -->","yoast_head_json":{"title":"Home - Rechberger Bau Ges.m.b.H.","robots":{"index":"index","follow":"follow","max-snippet":"max-snippet:-1","max-image-preview":"max-image-preview:large","max-video-preview":"max-video-preview:-1"},"canonical":"https:\/\/www.rechberger-bau.at\/","og_locale":"de_DE","og_type":"article","og_title":"Home - Rechberger Bau Ges.m.b.H.","og_description":"[vc_row el_class=&#8220;main-slider&#8220;][vc_column][rev_slider_vc alias=&#8220;Home&#8220;][\/vc_column][\/vc_row][vc_row][vc_column][\/vc_column][\/vc_row][vc_row][vc_column][\/vc_column][\/vc_row][vc_row full_width=&#8220;stretch_row&#8220; content_placement=&#8220;middle&#8220; container=&#8220;1&#8243;][vc_column][vc_column_text css=&#8220;.vc_custom_1690447471268{padding-top: 50px !important;}&#8220;] Regionale Hersteller &nbsp; Wir legen gro\u00dfen Wert darauf Produkten aus unserer Region zu verarbeiten. Unsere Hauptlieferanten haben nicht nur ihren Firmensitz, sondern auch ihre Produktionsst\u00e4tte in \u00d6sterreich und setzen auf heimische Qualit\u00e4t.[\/vc_column_text][\/vc_column][\/vc_row][vc_row full_width=&#8220;stretch_row&#8220; content_placement=&#8220;middle&#8220; container=&#8220;1&#8243;][vc_column][vc_column_text css=&#8220;.vc_custom_1495116597301{padding-top: 50px !important;}&#8220;] Wir sind Mitglied im Reparaturnetzwerk Das Reparaturnetzwerk Linz","og_url":"https:\/\/www.rechberger-bau.at\/","og_site_name":"Rechberger Bau Ges.m.b.H.","article_modified_time":"2024-09-18T14:18:02+00:00","og_image":[{"url":"http:\/\/www.rechberger-bau.at\/wp-content\/uploads\/2016\/11\/logo-300x64.png"}],"twitter_card":"summary_large_image","twitter_misc":{"Gesch\u00e4tzte Lesezeit":"2\u00a0Minuten"},"schema":{"@context":"https:\/\/schema.org","@graph":[{"@type":"WebPage","@id":"https:\/\/www.rechberger-bau.at\/","url":"https:\/\/www.rechberger-bau.at\/","name":"Home - Rechberger Bau Ges.m.b.H.","isPartOf":{"@id":"https:\/\/www.rechberger-bau.at\/#website"},"primaryImageOfPage":{"@id":"https:\/\/www.rechberger-bau.at\/#primaryimage"},"image":{"@id":"https:\/\/www.rechberger-bau.at\/#primaryimage"},"thumbnailUrl":"http:\/\/www.rechberger-bau.at\/wp-content\/uploads\/2016\/11\/logo-300x64.png","datePublished":"2016-11-03T16:44:30+00:00","dateModified":"2024-09-18T14:18:02+00:00","breadcrumb":{"@id":"https:\/\/www.rechberger-bau.at\/#breadcrumb"},"inLanguage":"de","potentialAction":[{"@type":"ReadAction","target":["https:\/\/www.rechberger-bau.at\/"]}]},{"@type":"ImageObject","inLanguage":"de","@id":"https:\/\/www.rechberger-bau.at\/#primaryimage","url":"https:\/\/www.rechberger-bau.at\/wp-content\/uploads\/2016\/11\/logo.png","contentUrl":"https:\/\/www.rechberger-bau.at\/wp-content\/uploads\/2016\/11\/logo.png","width":582,"height":125},{"@type":"BreadcrumbList","@id":"https:\/\/www.rechberger-bau.at\/#breadcrumb","itemListElement":[{"@type":"ListItem","position":1,"name":"Startseite","item":"https:\/\/www.rechberger-bau.at\/"},{"@type":"ListItem","position":2,"name":"Home"}]},{"@type":"WebSite","@id":"https:\/\/www.rechberger-bau.at\/#website","url":"https:\/\/www.rechberger-bau.at\/","name":"Rechberger Bau Ges.m.b.H.","description":"Rechberger Bau GmbH ist mit \u00fcber 30 Jahre Erfahrung ihr Spezialist f\u00fcr Fenster, T\u00fcren, Tore, Sonnenschutz und Fliesen","potentialAction":[{"@type":"SearchAction","target":{"@type":"EntryPoint","urlTemplate":"https:\/\/www.rechberger-bau.at\/?s={search_term_string}"},"query-input":{"@type":"PropertyValueSpecification","valueRequired":true,"valueName":"search_term_string"}}],"inLanguage":"de"}]}},"_links":{"self":[{"href":"https:\/\/www.rechberger-bau.at\/index.php?rest_route=\/wp\/v2\/pages\/461"}],"collection":[{"href":"https:\/\/www.rechberger-bau.at\/index.php?rest_route=\/wp\/v2\/pages"}],"about":[{"href":"https:\/\/www.rechberger-bau.at\/index.php?rest_route=\/wp\/v2\/types\/page"}],"author":[{"embeddable":true,"href":"https:\/\/www.rechberger-bau.at\/index.php?rest_route=\/wp\/v2\/users\/1"}],"replies":[{"embeddable":true,"href":"https:\/\/www.rechberger-bau.at\/index.php?rest_route=%2Fwp%2Fv2%2Fcomments&post=461"}],"version-history":[{"count":78,"href":"https:\/\/www.rechberger-bau.at\/index.php?rest_route=\/wp\/v2\/pages\/461\/revisions"}],"predecessor-version":[{"id":1765,"href":"https:\/\/www.rechberger-bau.at\/index.php?rest_route=\/wp\/v2\/pages\/461\/revisions\/1765"}],"wp:attachment":[{"href":"https:\/\/www.rechberger-bau.at\/index.php?rest_route=%2Fwp%2Fv2%2Fmedia&parent=461"}],"curies":[{"name":"wp","href":"https:\/\/api.w.org\/{rel}","templated":true}]}}