{"id":601,"date":"2017-02-04T21:17:13","date_gmt":"2017-02-04T20:17:13","guid":{"rendered":"http:\/\/www.rechberger-bau.at\/?page_id=601"},"modified":"2017-03-16T18:56:08","modified_gmt":"2017-03-16T17:56:08","slug":"hebeschiebetueren","status":"publish","type":"page","link":"https:\/\/www.rechberger-bau.at\/?page_id=601","title":{"rendered":"Fensterb\u00e4nke"},"content":{"rendered":"<section class=\"wpb-content-wrapper\"><p>[vc_row full_width=&#8220;stretch_row&#8220; content_placement=&#8220;middle&#8220; container=&#8220;1&#8243;][vc_column][vc_column_text]<\/p>\n<h2>Fensterb\u00e4nke<\/h2>\n<p>[\/vc_column_text] \r\r\n   \r\r\n\r\r\n<!--Services Section-->\r\r\n<section class=\"services-section\">\r\r\n    <div class=\"auto-container\">\r\r\n        \r\r\n        <div class=\"row clearfix\">\r\r\n            \r\n            <!--Service Block-->\r\r\n            <div class=\"default-services-block col-md-4 col-sm-6 col-xs-12\">\r\r\n                <div class=\"inner-box\">\r\r\n                    <figure class=\"image-box\"><img loading=\"lazy\" decoding=\"async\" width=\"226\" height=\"153\" src=\"https:\/\/www.rechberger-bau.at\/wp-content\/uploads\/2017\/03\/helopal_classic.png\" class=\"attachment-decorators_370x210 size-decorators_370x210 wp-post-image\" alt=\"\" \/><a href=\"https:\/\/www.rechberger-bau.at\/?bunch_services=helopal-gussmarmor-classic\" class=\"overlay-box\"><span class=\"fa fa-link\"><\/span><\/a><\/figure>\r\r\n                    <div class=\"lower-content\">\r\r\n                        <div class=\"transparen-icon\"><span class=\"\"><\/span><\/div>\r\r\n                        <h3><a href=\"https:\/\/www.rechberger-bau.at\/?bunch_services=helopal-gussmarmor-classic\">Helopal Classic (Gu\u00dfmarmor)<\/a><\/h3>\r\r\n                        <div class=\"text\">Der Klassiker f\u00fcr Innen und Au\u00dfen N\u00e4here Infos unter:\u00a0https:\/\/www.hirth.eu\/produkte\/helopal-fensterbaenke\/classic-fuer-innen-aussen\/<\/div>\r\r\n                        <div class=\"link-box\"><a href=\"https:\/\/www.rechberger-bau.at\/?bunch_services=helopal-gussmarmor-classic\" class=\"theme-btn read-more\">MEHR INFOS<\/a><\/div>\r\r\n                    <\/div>\r\r\n                <\/div>\r\r\n            <\/div>\r\r\n            \r\n            <!--Service Block-->\r\r\n            <div class=\"default-services-block col-md-4 col-sm-6 col-xs-12\">\r\r\n                <div class=\"inner-box\">\r\r\n                    <figure class=\"image-box\"><img loading=\"lazy\" decoding=\"async\" width=\"226\" height=\"153\" src=\"https:\/\/www.rechberger-bau.at\/wp-content\/uploads\/2017\/03\/helpal_woodline.png\" class=\"attachment-decorators_370x210 size-decorators_370x210 wp-post-image\" alt=\"\" \/><a href=\"https:\/\/www.rechberger-bau.at\/?bunch_services=helopal-woodline-gussmarmor\" class=\"overlay-box\"><span class=\"fa fa-link\"><\/span><\/a><\/figure>\r\r\n                    <div class=\"lower-content\">\r\r\n                        <div class=\"transparen-icon\"><span class=\"\"><\/span><\/div>\r\r\n                        <h3><a href=\"https:\/\/www.rechberger-bau.at\/?bunch_services=helopal-woodline-gussmarmor\">Helopal Woodline (Gu\u00dfmarmor)<\/a><\/h3>\r\r\n                        <div class=\"text\">Die Design-Fensterbank mit Holzstruktur N\u00e4here Infos unter:\u00a0https:\/\/www.helopal-hirth.com\/produkte\/helopal-fensterbaenke\/woodline-fuer-innen\/<\/div>\r\r\n                        <div class=\"link-box\"><a href=\"https:\/\/www.rechberger-bau.at\/?bunch_services=helopal-woodline-gussmarmor\" class=\"theme-btn read-more\">MEHR INFOS<\/a><\/div>\r\r\n                    <\/div>\r\r\n                <\/div>\r\r\n            <\/div>\r\r\n            \r\n            <!--Service Block-->\r\r\n            <div class=\"default-services-block col-md-4 col-sm-6 col-xs-12\">\r\r\n                <div class=\"inner-box\">\r\r\n                    <figure class=\"image-box\"><img loading=\"lazy\" decoding=\"async\" width=\"226\" height=\"153\" src=\"https:\/\/www.rechberger-bau.at\/wp-content\/uploads\/2017\/03\/Puritamo-Linea-.png\" class=\"attachment-decorators_370x210 size-decorators_370x210 wp-post-image\" alt=\"\" \/><a href=\"https:\/\/www.rechberger-bau.at\/?bunch_services=puritamo-linea\" class=\"overlay-box\"><span class=\"fa fa-link\"><\/span><\/a><\/figure>\r\r\n                    <div class=\"lower-content\">\r\r\n                        <div class=\"transparen-icon\"><span class=\"\"><\/span><\/div>\r\r\n                        <h3><a href=\"https:\/\/www.rechberger-bau.at\/?bunch_services=puritamo-linea\">Puritamo Linea<\/a><\/h3>\r\r\n                        <div class=\"text\">Die neue schlanke Designfensterbank N\u00e4here Infos unter:\u00a0https:\/\/www.helopal.com\/produkte\/helopal-fensterbaenke\/puritamo-fuer-innen-aussen\/<\/div>\r\r\n                        <div class=\"link-box\"><a href=\"https:\/\/www.rechberger-bau.at\/?bunch_services=puritamo-linea\" class=\"theme-btn read-more\">MEHR INFOS<\/a><\/div>\r\r\n                    <\/div>\r\r\n                <\/div>\r\r\n            <\/div>\r\r\n            \r\n            <!--Service Block-->\r\r\n            <div class=\"default-services-block col-md-4 col-sm-6 col-xs-12\">\r\r\n                <div class=\"inner-box\">\r\r\n                    <figure class=\"image-box\"><img loading=\"lazy\" decoding=\"async\" width=\"192\" height=\"130\" src=\"https:\/\/www.rechberger-bau.at\/wp-content\/uploads\/2017\/03\/fenorm.png\" class=\"attachment-decorators_370x210 size-decorators_370x210 wp-post-image\" alt=\"\" \/><a href=\"https:\/\/www.rechberger-bau.at\/?bunch_services=fenorm\" class=\"overlay-box\"><span class=\"fa fa-link\"><\/span><\/a><\/figure>\r\r\n                    <div class=\"lower-content\">\r\r\n                        <div class=\"transparen-icon\"><span class=\"\"><\/span><\/div>\r\r\n                        <h3><a href=\"https:\/\/www.rechberger-bau.at\/?bunch_services=fenorm\">Fenorm<\/a><\/h3>\r\r\n                        <div class=\"text\">N\u00e4here Infos unter:\u00a0https:\/\/www.helopal.com\/produkte\/fenorm-fensterbaenke\/<\/div>\r\r\n                        <div class=\"link-box\"><a href=\"https:\/\/www.rechberger-bau.at\/?bunch_services=fenorm\" class=\"theme-btn read-more\">MEHR INFOS<\/a><\/div>\r\r\n                    <\/div>\r\r\n                <\/div>\r\r\n            <\/div>\r\r\n            \r\n            <!--Service Block-->\r\r\n            <div class=\"default-services-block col-md-4 col-sm-6 col-xs-12\">\r\r\n                <div class=\"inner-box\">\r\r\n                    <figure class=\"image-box\"><img loading=\"lazy\" decoding=\"async\" width=\"209\" height=\"141\" src=\"https:\/\/www.rechberger-bau.at\/wp-content\/uploads\/2017\/03\/Helolit.png\" class=\"attachment-decorators_370x210 size-decorators_370x210 wp-post-image\" alt=\"\" \/><a href=\"https:\/\/www.rechberger-bau.at\/?bunch_services=helolit\" class=\"overlay-box\"><span class=\"fa fa-link\"><\/span><\/a><\/figure>\r\r\n                    <div class=\"lower-content\">\r\r\n                        <div class=\"transparen-icon\"><span class=\"\"><\/span><\/div>\r\r\n                        <h3><a href=\"https:\/\/www.rechberger-bau.at\/?bunch_services=helolit\">Helolit<\/a><\/h3>\r\r\n                        <div class=\"text\">N\u00e4here Infos unter:\u00a0https:\/\/www.helopal.com\/produkte\/fenorm-fensterbaenke\/helolit-fuer-innen\/<\/div>\r\r\n                        <div class=\"link-box\"><a href=\"https:\/\/www.rechberger-bau.at\/?bunch_services=helolit\" class=\"theme-btn read-more\">MEHR INFOS<\/a><\/div>\r\r\n                    <\/div>\r\r\n                <\/div>\r\r\n            <\/div>\r\r\n            \r\n            <!--Service Block-->\r\r\n            <div class=\"default-services-block col-md-4 col-sm-6 col-xs-12\">\r\r\n                <div class=\"inner-box\">\r\r\n                    <figure class=\"image-box\"><img loading=\"lazy\" decoding=\"async\" width=\"216\" height=\"148\" src=\"https:\/\/www.rechberger-bau.at\/wp-content\/uploads\/2017\/03\/Topalit.png\" class=\"attachment-decorators_370x210 size-decorators_370x210 wp-post-image\" alt=\"\" \/><a href=\"https:\/\/www.rechberger-bau.at\/?bunch_services=topalit\" class=\"overlay-box\"><span class=\"fa fa-link\"><\/span><\/a><\/figure>\r\r\n                    <div class=\"lower-content\">\r\r\n                        <div class=\"transparen-icon\"><span class=\"\"><\/span><\/div>\r\r\n                        <h3><a href=\"https:\/\/www.rechberger-bau.at\/?bunch_services=topalit\">Topalit<\/a><\/h3>\r\r\n                        <div class=\"text\">N\u00e4here Infos unter:\u00a0http:\/\/www.hirth.eu\/produkte\/fensterbaenke\/<\/div>\r\r\n                        <div class=\"link-box\"><a href=\"https:\/\/www.rechberger-bau.at\/?bunch_services=topalit\" class=\"theme-btn read-more\">MEHR INFOS<\/a><\/div>\r\r\n                    <\/div>\r\r\n                <\/div>\r\r\n            <\/div>\r\r\n            \r\n        <\/div>\r\r\n    <\/div>\r\r\n<\/section>\r\r\n\r\r\n\r\n[\/vc_column][\/vc_row]<\/p>\n<\/section>","protected":false},"excerpt":{"rendered":"<p>[vc_row full_width=&#8220;stretch_row&#8220; content_placement=&#8220;middle&#8220; container=&#8220;1&#8243;][vc_column][vc_column_text] Fensterb\u00e4nke [\/vc_column_text][\/vc_column][\/vc_row]<\/p>\n","protected":false},"author":1,"featured_media":0,"parent":0,"menu_order":0,"comment_status":"closed","ping_status":"closed","template":"tpl-visual_composer.php","meta":{"footnotes":""},"class_list":["post-601","page","type-page","status-publish","hentry"],"yoast_head":"<!-- This site is optimized with the Yoast SEO plugin v23.4 - https:\/\/yoast.com\/wordpress\/plugins\/seo\/ -->\n<title>Fensterb\u00e4nke - Rechberger Bau Ges.m.b.H.<\/title>\n<meta name=\"robots\" content=\"index, follow, max-snippet:-1, max-image-preview:large, max-video-preview:-1\" \/>\n<link rel=\"canonical\" href=\"http:\/\/www.rechberger-bau.at\/?page_id=601\" \/>\n<meta property=\"og:locale\" content=\"de_DE\" \/>\n<meta property=\"og:type\" content=\"article\" \/>\n<meta property=\"og:title\" content=\"Fensterb\u00e4nke - Rechberger Bau Ges.m.b.H.\" \/>\n<meta property=\"og:description\" content=\"[vc_row full_width=&#8220;stretch_row&#8220; content_placement=&#8220;middle&#8220; container=&#8220;1&#8243;][vc_column][vc_column_text] Fensterb\u00e4nke [\/vc_column_text][\/vc_column][\/vc_row]\" \/>\n<meta property=\"og:url\" content=\"http:\/\/www.rechberger-bau.at\/?page_id=601\" \/>\n<meta property=\"og:site_name\" content=\"Rechberger Bau Ges.m.b.H.\" \/>\n<meta property=\"article:modified_time\" content=\"2017-03-16T17:56:08+00:00\" \/>\n<meta name=\"twitter:card\" content=\"summary_large_image\" \/>\n<script type=\"application\/ld+json\" class=\"yoast-schema-graph\">{\"@context\":\"https:\/\/schema.org\",\"@graph\":[{\"@type\":\"WebPage\",\"@id\":\"http:\/\/www.rechberger-bau.at\/?page_id=601\",\"url\":\"http:\/\/www.rechberger-bau.at\/?page_id=601\",\"name\":\"Fensterb\u00e4nke - Rechberger Bau Ges.m.b.H.\",\"isPartOf\":{\"@id\":\"http:\/\/www.rechberger-bau.at\/#website\"},\"datePublished\":\"2017-02-04T20:17:13+00:00\",\"dateModified\":\"2017-03-16T17:56:08+00:00\",\"breadcrumb\":{\"@id\":\"http:\/\/www.rechberger-bau.at\/?page_id=601#breadcrumb\"},\"inLanguage\":\"de\",\"potentialAction\":[{\"@type\":\"ReadAction\",\"target\":[\"http:\/\/www.rechberger-bau.at\/?page_id=601\"]}]},{\"@type\":\"BreadcrumbList\",\"@id\":\"http:\/\/www.rechberger-bau.at\/?page_id=601#breadcrumb\",\"itemListElement\":[{\"@type\":\"ListItem\",\"position\":1,\"name\":\"Startseite\",\"item\":\"http:\/\/www.rechberger-bau.at\/\"},{\"@type\":\"ListItem\",\"position\":2,\"name\":\"Fensterb\u00e4nke\"}]},{\"@type\":\"WebSite\",\"@id\":\"http:\/\/www.rechberger-bau.at\/#website\",\"url\":\"http:\/\/www.rechberger-bau.at\/\",\"name\":\"Rechberger Bau Ges.m.b.H.\",\"description\":\"Rechberger Bau GmbH ist mit \u00fcber 30 Jahre Erfahrung ihr Spezialist f\u00fcr Fenster, T\u00fcren, Tore, Sonnenschutz und Fliesen\",\"potentialAction\":[{\"@type\":\"SearchAction\",\"target\":{\"@type\":\"EntryPoint\",\"urlTemplate\":\"http:\/\/www.rechberger-bau.at\/?s={search_term_string}\"},\"query-input\":{\"@type\":\"PropertyValueSpecification\",\"valueRequired\":true,\"valueName\":\"search_term_string\"}}],\"inLanguage\":\"de\"}]}<\/script>\n<!-- \/ Yoast SEO plugin. -->","yoast_head_json":{"title":"Fensterb\u00e4nke - Rechberger Bau Ges.m.b.H.","robots":{"index":"index","follow":"follow","max-snippet":"max-snippet:-1","max-image-preview":"max-image-preview:large","max-video-preview":"max-video-preview:-1"},"canonical":"http:\/\/www.rechberger-bau.at\/?page_id=601","og_locale":"de_DE","og_type":"article","og_title":"Fensterb\u00e4nke - Rechberger Bau Ges.m.b.H.","og_description":"[vc_row full_width=&#8220;stretch_row&#8220; content_placement=&#8220;middle&#8220; container=&#8220;1&#8243;][vc_column][vc_column_text] Fensterb\u00e4nke [\/vc_column_text][\/vc_column][\/vc_row]","og_url":"http:\/\/www.rechberger-bau.at\/?page_id=601","og_site_name":"Rechberger Bau Ges.m.b.H.","article_modified_time":"2017-03-16T17:56:08+00:00","twitter_card":"summary_large_image","schema":{"@context":"https:\/\/schema.org","@graph":[{"@type":"WebPage","@id":"http:\/\/www.rechberger-bau.at\/?page_id=601","url":"http:\/\/www.rechberger-bau.at\/?page_id=601","name":"Fensterb\u00e4nke - Rechberger Bau Ges.m.b.H.","isPartOf":{"@id":"http:\/\/www.rechberger-bau.at\/#website"},"datePublished":"2017-02-04T20:17:13+00:00","dateModified":"2017-03-16T17:56:08+00:00","breadcrumb":{"@id":"http:\/\/www.rechberger-bau.at\/?page_id=601#breadcrumb"},"inLanguage":"de","potentialAction":[{"@type":"ReadAction","target":["http:\/\/www.rechberger-bau.at\/?page_id=601"]}]},{"@type":"BreadcrumbList","@id":"http:\/\/www.rechberger-bau.at\/?page_id=601#breadcrumb","itemListElement":[{"@type":"ListItem","position":1,"name":"Startseite","item":"http:\/\/www.rechberger-bau.at\/"},{"@type":"ListItem","position":2,"name":"Fensterb\u00e4nke"}]},{"@type":"WebSite","@id":"http:\/\/www.rechberger-bau.at\/#website","url":"http:\/\/www.rechberger-bau.at\/","name":"Rechberger Bau Ges.m.b.H.","description":"Rechberger Bau GmbH ist mit \u00fcber 30 Jahre Erfahrung ihr Spezialist f\u00fcr Fenster, T\u00fcren, Tore, Sonnenschutz und Fliesen","potentialAction":[{"@type":"SearchAction","target":{"@type":"EntryPoint","urlTemplate":"http:\/\/www.rechberger-bau.at\/?s={search_term_string}"},"query-input":{"@type":"PropertyValueSpecification","valueRequired":true,"valueName":"search_term_string"}}],"inLanguage":"de"}]}},"_links":{"self":[{"href":"https:\/\/www.rechberger-bau.at\/index.php?rest_route=\/wp\/v2\/pages\/601"}],"collection":[{"href":"https:\/\/www.rechberger-bau.at\/index.php?rest_route=\/wp\/v2\/pages"}],"about":[{"href":"https:\/\/www.rechberger-bau.at\/index.php?rest_route=\/wp\/v2\/types\/page"}],"author":[{"embeddable":true,"href":"https:\/\/www.rechberger-bau.at\/index.php?rest_route=\/wp\/v2\/users\/1"}],"replies":[{"embeddable":true,"href":"https:\/\/www.rechberger-bau.at\/index.php?rest_route=%2Fwp%2Fv2%2Fcomments&post=601"}],"version-history":[{"count":4,"href":"https:\/\/www.rechberger-bau.at\/index.php?rest_route=\/wp\/v2\/pages\/601\/revisions"}],"predecessor-version":[{"id":852,"href":"https:\/\/www.rechberger-bau.at\/index.php?rest_route=\/wp\/v2\/pages\/601\/revisions\/852"}],"wp:attachment":[{"href":"https:\/\/www.rechberger-bau.at\/index.php?rest_route=%2Fwp%2Fv2%2Fmedia&parent=601"}],"curies":[{"name":"wp","href":"https:\/\/api.w.org\/{rel}","templated":true}]}}