{"id":605,"date":"2017-02-04T21:18:19","date_gmt":"2017-02-04T20:18:19","guid":{"rendered":"http:\/\/www.rechberger-bau.at\/?page_id=605"},"modified":"2017-04-11T18:51:06","modified_gmt":"2017-04-11T16:51:06","slug":"sonnenschutz","status":"publish","type":"page","link":"https:\/\/www.rechberger-bau.at\/?page_id=605","title":{"rendered":"Sonnen- Insektenschutz"},"content":{"rendered":"<section class=\"wpb-content-wrapper\"><p>[vc_row full_width=&#8220;stretch_row&#8220; content_placement=&#8220;middle&#8220; container=&#8220;1&#8243;][vc_column][vc_column_text]<\/p>\n<h2>Sonnenschutz<\/h2>\n<p>[\/vc_column_text] \r\r\n   \r\r\n\r\r\n<!--Services Section-->\r\r\n<section class=\"services-section\">\r\r\n    <div class=\"auto-container\">\r\r\n        \r\r\n        <div class=\"row clearfix\">\r\r\n            \r\n            <!--Service Block-->\r\r\n            <div class=\"default-services-block col-md-4 col-sm-6 col-xs-12\">\r\r\n                <div class=\"inner-box\">\r\r\n                    <figure class=\"image-box\"><img loading=\"lazy\" decoding=\"async\" width=\"182\" height=\"121\" src=\"https:\/\/www.rechberger-bau.at\/wp-content\/uploads\/2017\/03\/Vorsatzrolladen.png\" class=\"attachment-decorators_370x210 size-decorators_370x210 wp-post-image\" alt=\"\" \/><a href=\"https:\/\/www.rechberger-bau.at\/?bunch_services=vorsatzrolladen\" class=\"overlay-box\"><span class=\"fa fa-link\"><\/span><\/a><\/figure>\r\r\n                    <div class=\"lower-content\">\r\r\n                        <div class=\"transparen-icon\"><span class=\"\"><\/span><\/div>\r\r\n                        <h3><a href=\"https:\/\/www.rechberger-bau.at\/?bunch_services=vorsatzrolladen\">Vorsatzrolladen<\/a><\/h3>\r\r\n                        <div class=\"text\">Details: Rolladenprofile stranggepresstem Aluminium in unterschiedlichen Profilen uns Ausf\u00fchrungen unterschiedliche Bedienungsmethoden und F\u00fchrungsschienensysteme N\u00e4here Infos unter:\u00a0http:\/\/www.valetta.at\/produkte\/rollladen &nbsp;<\/div>\r\r\n                        <div class=\"link-box\"><a href=\"https:\/\/www.rechberger-bau.at\/?bunch_services=vorsatzrolladen\" class=\"theme-btn read-more\">MEHR INFOS<\/a><\/div>\r\r\n                    <\/div>\r\r\n                <\/div>\r\r\n            <\/div>\r\r\n            \r\n            <!--Service Block-->\r\r\n            <div class=\"default-services-block col-md-4 col-sm-6 col-xs-12\">\r\r\n                <div class=\"inner-box\">\r\r\n                    <figure class=\"image-box\"><img loading=\"lazy\" decoding=\"async\" width=\"182\" height=\"121\" src=\"https:\/\/www.rechberger-bau.at\/wp-content\/uploads\/2017\/03\/Unterputzrollaeden-1.png\" class=\"attachment-decorators_370x210 size-decorators_370x210 wp-post-image\" alt=\"\" \/><a href=\"https:\/\/www.rechberger-bau.at\/?bunch_services=unterputzrollaeden\" class=\"overlay-box\"><span class=\"fa fa-link\"><\/span><\/a><\/figure>\r\r\n                    <div class=\"lower-content\">\r\r\n                        <div class=\"transparen-icon\"><span class=\"\"><\/span><\/div>\r\r\n                        <h3><a href=\"https:\/\/www.rechberger-bau.at\/?bunch_services=unterputzrollaeden\">Unterputzroll\u00e4den<\/a><\/h3>\r\r\n                        <div class=\"text\">Details: formvollendete L\u00f6sungen f\u00fcr Ihren Sonnenschutz, das Paket verschwindet in der Fassade unterschiedliche Profile aus stranggepresstem Aluminium unterschiedliche Bedienungsmethoden und ...<\/div>\r\r\n                        <div class=\"link-box\"><a href=\"https:\/\/www.rechberger-bau.at\/?bunch_services=unterputzrollaeden\" class=\"theme-btn read-more\">MEHR INFOS<\/a><\/div>\r\r\n                    <\/div>\r\r\n                <\/div>\r\r\n            <\/div>\r\r\n            \r\n            <!--Service Block-->\r\r\n            <div class=\"default-services-block col-md-4 col-sm-6 col-xs-12\">\r\r\n                <div class=\"inner-box\">\r\r\n                    <figure class=\"image-box\"><img loading=\"lazy\" decoding=\"async\" width=\"182\" height=\"121\" src=\"https:\/\/www.rechberger-bau.at\/wp-content\/uploads\/2017\/03\/RA75-Au\u00dfenjalousie.png\" class=\"attachment-decorators_370x210 size-decorators_370x210 wp-post-image\" alt=\"\" \/><a href=\"https:\/\/www.rechberger-bau.at\/?bunch_services=ra75-aussenjalousie\" class=\"overlay-box\"><span class=\"fa fa-link\"><\/span><\/a><\/figure>\r\r\n                    <div class=\"lower-content\">\r\r\n                        <div class=\"transparen-icon\"><span class=\"\"><\/span><\/div>\r\r\n                        <h3><a href=\"https:\/\/www.rechberger-bau.at\/?bunch_services=ra75-aussenjalousie\">RA75 Au\u00dfenjalousie<\/a><\/h3>\r\r\n                        <div class=\"text\">Details: Aluminium Z-Lamelle in Standardfarben lt. Farbkarte Getriebe Verbund Raffstore f\u00fcr gute Abdeckung, mit Schienenf\u00fchrung besonders hohe Windstabilit\u00e4t N\u00e4here Infos ...<\/div>\r\r\n                        <div class=\"link-box\"><a href=\"https:\/\/www.rechberger-bau.at\/?bunch_services=ra75-aussenjalousie\" class=\"theme-btn read-more\">MEHR INFOS<\/a><\/div>\r\r\n                    <\/div>\r\r\n                <\/div>\r\r\n            <\/div>\r\r\n            \r\n            <!--Service Block-->\r\r\n            <div class=\"default-services-block col-md-4 col-sm-6 col-xs-12\">\r\r\n                <div class=\"inner-box\">\r\r\n                    <figure class=\"image-box\"><img loading=\"lazy\" decoding=\"async\" width=\"182\" height=\"121\" src=\"https:\/\/www.rechberger-bau.at\/wp-content\/uploads\/2017\/03\/RA90-Au\u00dfenjalousie.png\" class=\"attachment-decorators_370x210 size-decorators_370x210 wp-post-image\" alt=\"\" \/><a href=\"https:\/\/www.rechberger-bau.at\/?bunch_services=ra90-aussenjalousie\" class=\"overlay-box\"><span class=\"fa fa-link\"><\/span><\/a><\/figure>\r\r\n                    <div class=\"lower-content\">\r\r\n                        <div class=\"transparen-icon\"><span class=\"\"><\/span><\/div>\r\r\n                        <h3><a href=\"https:\/\/www.rechberger-bau.at\/?bunch_services=ra90-aussenjalousie\">RA90 Au\u00dfenjalousie<\/a><\/h3>\r\r\n                        <div class=\"text\">Details: Aluminium Z-Lamelle in Standardfarben lt. Farbkarte Getriebe Verbund Raffstore f\u00fcr gute Abdeckung, mit Schienenf\u00fchrung besonders hohe Windstabilit\u00e4t Mehr Infos ...<\/div>\r\r\n                        <div class=\"link-box\"><a href=\"https:\/\/www.rechberger-bau.at\/?bunch_services=ra90-aussenjalousie\" class=\"theme-btn read-more\">MEHR INFOS<\/a><\/div>\r\r\n                    <\/div>\r\r\n                <\/div>\r\r\n            <\/div>\r\r\n            \r\n            <!--Service Block-->\r\r\n            <div class=\"default-services-block col-md-4 col-sm-6 col-xs-12\">\r\r\n                <div class=\"inner-box\">\r\r\n                    <figure class=\"image-box\"><img loading=\"lazy\" decoding=\"async\" width=\"182\" height=\"121\" src=\"https:\/\/www.rechberger-bau.at\/wp-content\/uploads\/2017\/03\/RA93-Au\u00dfenjalousie.png\" class=\"attachment-decorators_370x210 size-decorators_370x210 wp-post-image\" alt=\"\" \/><a href=\"https:\/\/www.rechberger-bau.at\/?bunch_services=ra93-aussenjalousie\" class=\"overlay-box\"><span class=\"fa fa-link\"><\/span><\/a><\/figure>\r\r\n                    <div class=\"lower-content\">\r\r\n                        <div class=\"transparen-icon\"><span class=\"\"><\/span><\/div>\r\r\n                        <h3><a href=\"https:\/\/www.rechberger-bau.at\/?bunch_services=ra93-aussenjalousie\">RA93 Au\u00dfenjalousie<\/a><\/h3>\r\r\n                        <div class=\"text\">Details: Aluminium S-Lamelle in Standardfarben lt. Farbkarte Getriebe Verbund Raffstore f\u00fcr gute Abdeckung, mit Schienenf\u00fchrung besonders hohe Windstabilit\u00e4t optionsweise mit ...<\/div>\r\r\n                        <div class=\"link-box\"><a href=\"https:\/\/www.rechberger-bau.at\/?bunch_services=ra93-aussenjalousie\" class=\"theme-btn read-more\">MEHR INFOS<\/a><\/div>\r\r\n                    <\/div>\r\r\n                <\/div>\r\r\n            <\/div>\r\r\n            \r\n            <!--Service Block-->\r\r\n            <div class=\"default-services-block col-md-4 col-sm-6 col-xs-12\">\r\r\n                <div class=\"inner-box\">\r\r\n                    <figure class=\"image-box\"><img loading=\"lazy\" decoding=\"async\" width=\"182\" height=\"121\" src=\"https:\/\/www.rechberger-bau.at\/wp-content\/uploads\/2017\/03\/RA80-Au\u00dfenjalousie.png\" class=\"attachment-decorators_370x210 size-decorators_370x210 wp-post-image\" alt=\"\" \/><a href=\"https:\/\/www.rechberger-bau.at\/?bunch_services=ra80-aussenjalousie\" class=\"overlay-box\"><span class=\"fa fa-link\"><\/span><\/a><\/figure>\r\r\n                    <div class=\"lower-content\">\r\r\n                        <div class=\"transparen-icon\"><span class=\"\"><\/span><\/div>\r\r\n                        <h3><a href=\"https:\/\/www.rechberger-bau.at\/?bunch_services=ra80-aussenjalousie\">RA80 Au\u00dfenjalousie<\/a><\/h3>\r\r\n                        <div class=\"text\">randgeb\u00f6rdelte Aluminium C-Lamelle in Standardfarben lt. Farbkarte N\u00e4here Infos unter:\u00a0http:\/\/www.valetta.at\/produkte\/raffstore\/raffstore<\/div>\r\r\n                        <div class=\"link-box\"><a href=\"https:\/\/www.rechberger-bau.at\/?bunch_services=ra80-aussenjalousie\" class=\"theme-btn read-more\">MEHR INFOS<\/a><\/div>\r\r\n                    <\/div>\r\r\n                <\/div>\r\r\n            <\/div>\r\r\n            \r\n        <\/div>\r\r\n    <\/div>\r\r\n<\/section>\r\r\n\r\r\n\r\n[\/vc_column][\/vc_row][vc_row full_width=&#8220;stretch_row&#8220; content_placement=&#8220;middle&#8220; container=&#8220;1&#8243;][vc_column][vc_column_text]<\/p>\n<h2>Insektenschutz<\/h2>\n<p>[\/vc_column_text] \r\r\n   \r\r\n\r\r\n<!--Services Section-->\r\r\n<section class=\"services-section\">\r\r\n    <div class=\"auto-container\">\r\r\n        \r\r\n        <div class=\"row clearfix\">\r\r\n            \r\n            <!--Service Block-->\r\r\n            <div class=\"default-services-block col-md-4 col-sm-6 col-xs-12\">\r\r\n                <div class=\"inner-box\">\r\r\n                    <figure class=\"image-box\"><img loading=\"lazy\" decoding=\"async\" width=\"182\" height=\"121\" src=\"https:\/\/www.rechberger-bau.at\/wp-content\/uploads\/2017\/03\/insektenschutztuere.png\" class=\"attachment-decorators_370x210 size-decorators_370x210 wp-post-image\" alt=\"\" \/><a href=\"https:\/\/www.rechberger-bau.at\/?bunch_services=insektenschutzdrehtueren\" class=\"overlay-box\"><span class=\"fa fa-link\"><\/span><\/a><\/figure>\r\r\n                    <div class=\"lower-content\">\r\r\n                        <div class=\"transparen-icon\"><span class=\"\"><\/span><\/div>\r\r\n                        <h3><a href=\"https:\/\/www.rechberger-bau.at\/?bunch_services=insektenschutzdrehtueren\">Insektenschutzdreht\u00fcren<\/a><\/h3>\r\r\n                        <div class=\"text\">Details: Dreiseitige und vierseitige Rahmenausf\u00fchrungen, Einfach- und Doppelt\u00fcren in Standardfarben lt. Farbkarten mit einer gro\u00dfen Auswahl an Insektengazen N\u00e4here Infos ...<\/div>\r\r\n                        <div class=\"link-box\"><a href=\"https:\/\/www.rechberger-bau.at\/?bunch_services=insektenschutzdrehtueren\" class=\"theme-btn read-more\">MEHR INFOS<\/a><\/div>\r\r\n                    <\/div>\r\r\n                <\/div>\r\r\n            <\/div>\r\r\n            \r\n            <!--Service Block-->\r\r\n            <div class=\"default-services-block col-md-4 col-sm-6 col-xs-12\">\r\r\n                <div class=\"inner-box\">\r\r\n                    <figure class=\"image-box\"><img loading=\"lazy\" decoding=\"async\" width=\"168\" height=\"112\" src=\"https:\/\/www.rechberger-bau.at\/wp-content\/uploads\/2017\/03\/Insektenschutzrollo.png\" class=\"attachment-decorators_370x210 size-decorators_370x210 wp-post-image\" alt=\"\" \/><a href=\"https:\/\/www.rechberger-bau.at\/?bunch_services=insektenschutzrollo\" class=\"overlay-box\"><span class=\"fa fa-link\"><\/span><\/a><\/figure>\r\r\n                    <div class=\"lower-content\">\r\r\n                        <div class=\"transparen-icon\"><span class=\"\"><\/span><\/div>\r\r\n                        <h3><a href=\"https:\/\/www.rechberger-bau.at\/?bunch_services=insektenschutzrollo\">Insektenschutzrollo<\/a><\/h3>\r\r\n                        <div class=\"text\">Valetta Sonnen- und Insektenschutzrollos aus stranggepresstem Aluminiumkasten in Standardfarben lt. Farbkarte kombinierbar mit allen Jalousiesystemen N\u00e4here Infos unter:\u00a0http:\/\/www.valetta.at\/produkte\/insektenschutz<\/div>\r\r\n                        <div class=\"link-box\"><a href=\"https:\/\/www.rechberger-bau.at\/?bunch_services=insektenschutzrollo\" class=\"theme-btn read-more\">MEHR INFOS<\/a><\/div>\r\r\n                    <\/div>\r\r\n                <\/div>\r\r\n            <\/div>\r\r\n            \r\n            <!--Service Block-->\r\r\n            <div class=\"default-services-block col-md-4 col-sm-6 col-xs-12\">\r\r\n                <div class=\"inner-box\">\r\r\n                    <figure class=\"image-box\"><img loading=\"lazy\" decoding=\"async\" width=\"173\" height=\"115\" src=\"https:\/\/www.rechberger-bau.at\/wp-content\/uploads\/2017\/03\/Insektenschutzschieberahmen.png\" class=\"attachment-decorators_370x210 size-decorators_370x210 wp-post-image\" alt=\"\" \/><a href=\"https:\/\/www.rechberger-bau.at\/?bunch_services=insektenschutzschieberahmen\" class=\"overlay-box\"><span class=\"fa fa-link\"><\/span><\/a><\/figure>\r\r\n                    <div class=\"lower-content\">\r\r\n                        <div class=\"transparen-icon\"><span class=\"\"><\/span><\/div>\r\r\n                        <h3><a href=\"https:\/\/www.rechberger-bau.at\/?bunch_services=insektenschutzschieberahmen\">Insektenschutzschieberahmen<\/a><\/h3>\r\r\n                        <div class=\"text\">Die ideale Erg\u00e4nzung f\u00fcr Hebe-Schiebet\u00fcren und den Weitblick und das offene Wohnen ohne l\u00e4stige Insekten N\u00e4here Infos unter:\u00a0http:\/\/www.valetta.at\/produkte\/insektenschutz<\/div>\r\r\n                        <div class=\"link-box\"><a href=\"https:\/\/www.rechberger-bau.at\/?bunch_services=insektenschutzschieberahmen\" class=\"theme-btn read-more\">MEHR INFOS<\/a><\/div>\r\r\n                    <\/div>\r\r\n                <\/div>\r\r\n            <\/div>\r\r\n            \r\n            <!--Service Block-->\r\r\n            <div class=\"default-services-block col-md-4 col-sm-6 col-xs-12\">\r\r\n                <div class=\"inner-box\">\r\r\n                    <figure class=\"image-box\"><img loading=\"lazy\" decoding=\"async\" width=\"157\" height=\"104\" src=\"https:\/\/www.rechberger-bau.at\/wp-content\/uploads\/2017\/03\/Kombinierbarer-Insektenschutz.png\" class=\"attachment-decorators_370x210 size-decorators_370x210 wp-post-image\" alt=\"\" \/><a href=\"https:\/\/www.rechberger-bau.at\/?bunch_services=kombinierbarer-insektenschutz\" class=\"overlay-box\"><span class=\"fa fa-link\"><\/span><\/a><\/figure>\r\r\n                    <div class=\"lower-content\">\r\r\n                        <div class=\"transparen-icon\"><span class=\"\"><\/span><\/div>\r\r\n                        <h3><a href=\"https:\/\/www.rechberger-bau.at\/?bunch_services=kombinierbarer-insektenschutz\">Kombinierbarer Insektenschutz<\/a><\/h3>\r\r\n                        <div class=\"text\">Konfektionierter und montierter, rollbarer Insektenschutz, einfach nachr\u00fcstbar, durch das Double-Klick System ist eine getrennte Bedienung von Rolladen und Insektenschutz kein ...<\/div>\r\r\n                        <div class=\"link-box\"><a href=\"https:\/\/www.rechberger-bau.at\/?bunch_services=kombinierbarer-insektenschutz\" class=\"theme-btn read-more\">MEHR INFOS<\/a><\/div>\r\r\n                    <\/div>\r\r\n                <\/div>\r\r\n            <\/div>\r\r\n            \r\n        <\/div>\r\r\n    <\/div>\r\r\n<\/section>\r\r\n\r\r\n\r\n[\/vc_column][\/vc_row][vc_row full_width=&#8220;stretch_row&#8220; content_placement=&#8220;middle&#8220; container=&#8220;1&#8243;][vc_column][vc_column_text]<\/p>\n<h2>Markisen<\/h2>\n<p>[\/vc_column_text] \r\r\n   \r\r\n\r\r\n<!--Services Section-->\r\r\n<section class=\"services-section\">\r\r\n    <div class=\"auto-container\">\r\r\n        \r\r\n        <div class=\"row clearfix\">\r\r\n            \r\n            <!--Service Block-->\r\r\n            <div class=\"default-services-block col-md-4 col-sm-6 col-xs-12\">\r\r\n                <div class=\"inner-box\">\r\r\n                    <figure class=\"image-box\"><img loading=\"lazy\" decoding=\"async\" width=\"184\" height=\"123\" src=\"https:\/\/www.rechberger-bau.at\/wp-content\/uploads\/2017\/03\/luna.jpg\" class=\"attachment-decorators_370x210 size-decorators_370x210 wp-post-image\" alt=\"\" \/><a href=\"https:\/\/www.rechberger-bau.at\/?bunch_services=luna-kassettenmarkise\" class=\"overlay-box\"><span class=\"fa fa-link\"><\/span><\/a><\/figure>\r\r\n                    <div class=\"lower-content\">\r\r\n                        <div class=\"transparen-icon\"><span class=\"\"><\/span><\/div>\r\r\n                        <h3><a href=\"https:\/\/www.rechberger-bau.at\/?bunch_services=luna-kassettenmarkise\">Luna Kassettenmarkise<\/a><\/h3>\r\r\n                        <div class=\"text\">Markisen spenden wohltuenden Schatten und sorgen f\u00fcr angehehme Temperaturen in der sch\u00f6nsten Zeit des Jahres. Innovative Gelenkarmmarkise in schlankem Design ...<\/div>\r\r\n                        <div class=\"link-box\"><a href=\"https:\/\/www.rechberger-bau.at\/?bunch_services=luna-kassettenmarkise\" class=\"theme-btn read-more\">MEHR INFOS<\/a><\/div>\r\r\n                    <\/div>\r\r\n                <\/div>\r\r\n            <\/div>\r\r\n            \r\n            <!--Service Block-->\r\r\n            <div class=\"default-services-block col-md-4 col-sm-6 col-xs-12\">\r\r\n                <div class=\"inner-box\">\r\r\n                    <figure class=\"image-box\"><img loading=\"lazy\" decoding=\"async\" width=\"184\" height=\"123\" src=\"https:\/\/www.rechberger-bau.at\/wp-content\/uploads\/2017\/03\/lido.jpg\" class=\"attachment-decorators_370x210 size-decorators_370x210 wp-post-image\" alt=\"\" \/><a href=\"https:\/\/www.rechberger-bau.at\/?bunch_services=lido-offene-markise\" class=\"overlay-box\"><span class=\"fa fa-link\"><\/span><\/a><\/figure>\r\r\n                    <div class=\"lower-content\">\r\r\n                        <div class=\"transparen-icon\"><span class=\"\"><\/span><\/div>\r\r\n                        <h3><a href=\"https:\/\/www.rechberger-bau.at\/?bunch_services=lido-offene-markise\">Lido Offene Markise<\/a><\/h3>\r\r\n                        <div class=\"text\">Mit der Lido von VALETTA holen Sie sich die Einsteiger-Markise ins Haus. Denn sie ist eine leistungsf\u00e4hige Standardmarkise in guter ...<\/div>\r\r\n                        <div class=\"link-box\"><a href=\"https:\/\/www.rechberger-bau.at\/?bunch_services=lido-offene-markise\" class=\"theme-btn read-more\">MEHR INFOS<\/a><\/div>\r\r\n                    <\/div>\r\r\n                <\/div>\r\r\n            <\/div>\r\r\n            \r\n        <\/div>\r\r\n    <\/div>\r\r\n<\/section>\r\r\n\r\r\n\r\n[\/vc_column][\/vc_row]<\/p>\n<\/section>","protected":false},"excerpt":{"rendered":"<p>[vc_row full_width=&#8220;stretch_row&#8220; content_placement=&#8220;middle&#8220; container=&#8220;1&#8243;][vc_column][vc_column_text] Sonnenschutz [\/vc_column_text][\/vc_column][\/vc_row][vc_row full_width=&#8220;stretch_row&#8220; content_placement=&#8220;middle&#8220; container=&#8220;1&#8243;][vc_column][vc_column_text] Insektenschutz [\/vc_column_text][\/vc_column][\/vc_row][vc_row full_width=&#8220;stretch_row&#8220; content_placement=&#8220;middle&#8220; container=&#8220;1&#8243;][vc_column][vc_column_text] Markisen [\/vc_column_text][\/vc_column][\/vc_row]<\/p>\n","protected":false},"author":1,"featured_media":0,"parent":0,"menu_order":0,"comment_status":"closed","ping_status":"closed","template":"tpl-visual_composer.php","meta":{"footnotes":""},"class_list":["post-605","page","type-page","status-publish","hentry"],"yoast_head":"<!-- This site is optimized with the Yoast SEO plugin v23.4 - https:\/\/yoast.com\/wordpress\/plugins\/seo\/ -->\n<title>Sonnen- Insektenschutz - Rechberger Bau Ges.m.b.H.<\/title>\n<meta name=\"robots\" content=\"index, follow, max-snippet:-1, max-image-preview:large, max-video-preview:-1\" \/>\n<link rel=\"canonical\" href=\"http:\/\/www.rechberger-bau.at\/?page_id=605\" \/>\n<meta property=\"og:locale\" content=\"de_DE\" \/>\n<meta property=\"og:type\" content=\"article\" \/>\n<meta property=\"og:title\" content=\"Sonnen- Insektenschutz - Rechberger Bau Ges.m.b.H.\" \/>\n<meta property=\"og:description\" content=\"[vc_row full_width=&#8220;stretch_row&#8220; content_placement=&#8220;middle&#8220; container=&#8220;1&#8243;][vc_column][vc_column_text] Sonnenschutz [\/vc_column_text][\/vc_column][\/vc_row][vc_row full_width=&#8220;stretch_row&#8220; content_placement=&#8220;middle&#8220; container=&#8220;1&#8243;][vc_column][vc_column_text] Insektenschutz [\/vc_column_text][\/vc_column][\/vc_row][vc_row full_width=&#8220;stretch_row&#8220; content_placement=&#8220;middle&#8220; container=&#8220;1&#8243;][vc_column][vc_column_text] Markisen [\/vc_column_text][\/vc_column][\/vc_row]\" \/>\n<meta property=\"og:url\" content=\"http:\/\/www.rechberger-bau.at\/?page_id=605\" \/>\n<meta property=\"og:site_name\" content=\"Rechberger Bau Ges.m.b.H.\" \/>\n<meta property=\"article:modified_time\" content=\"2017-04-11T16:51:06+00:00\" \/>\n<meta name=\"twitter:card\" content=\"summary_large_image\" \/>\n<meta name=\"twitter:label1\" content=\"Gesch\u00e4tzte Lesezeit\" \/>\n\t<meta name=\"twitter:data1\" content=\"1\u00a0Minute\" \/>\n<script type=\"application\/ld+json\" class=\"yoast-schema-graph\">{\"@context\":\"https:\/\/schema.org\",\"@graph\":[{\"@type\":\"WebPage\",\"@id\":\"http:\/\/www.rechberger-bau.at\/?page_id=605\",\"url\":\"http:\/\/www.rechberger-bau.at\/?page_id=605\",\"name\":\"Sonnen- Insektenschutz - Rechberger Bau Ges.m.b.H.\",\"isPartOf\":{\"@id\":\"https:\/\/www.rechberger-bau.at\/#website\"},\"datePublished\":\"2017-02-04T20:18:19+00:00\",\"dateModified\":\"2017-04-11T16:51:06+00:00\",\"breadcrumb\":{\"@id\":\"http:\/\/www.rechberger-bau.at\/?page_id=605#breadcrumb\"},\"inLanguage\":\"de\",\"potentialAction\":[{\"@type\":\"ReadAction\",\"target\":[\"http:\/\/www.rechberger-bau.at\/?page_id=605\"]}]},{\"@type\":\"BreadcrumbList\",\"@id\":\"http:\/\/www.rechberger-bau.at\/?page_id=605#breadcrumb\",\"itemListElement\":[{\"@type\":\"ListItem\",\"position\":1,\"name\":\"Startseite\",\"item\":\"https:\/\/www.rechberger-bau.at\/\"},{\"@type\":\"ListItem\",\"position\":2,\"name\":\"Sonnen- Insektenschutz\"}]},{\"@type\":\"WebSite\",\"@id\":\"https:\/\/www.rechberger-bau.at\/#website\",\"url\":\"https:\/\/www.rechberger-bau.at\/\",\"name\":\"Rechberger Bau Ges.m.b.H.\",\"description\":\"Rechberger Bau GmbH ist mit \u00fcber 30 Jahre Erfahrung ihr Spezialist f\u00fcr Fenster, T\u00fcren, Tore, Sonnenschutz und Fliesen\",\"potentialAction\":[{\"@type\":\"SearchAction\",\"target\":{\"@type\":\"EntryPoint\",\"urlTemplate\":\"https:\/\/www.rechberger-bau.at\/?s={search_term_string}\"},\"query-input\":{\"@type\":\"PropertyValueSpecification\",\"valueRequired\":true,\"valueName\":\"search_term_string\"}}],\"inLanguage\":\"de\"}]}<\/script>\n<!-- \/ Yoast SEO plugin. -->","yoast_head_json":{"title":"Sonnen- Insektenschutz - Rechberger Bau Ges.m.b.H.","robots":{"index":"index","follow":"follow","max-snippet":"max-snippet:-1","max-image-preview":"max-image-preview:large","max-video-preview":"max-video-preview:-1"},"canonical":"http:\/\/www.rechberger-bau.at\/?page_id=605","og_locale":"de_DE","og_type":"article","og_title":"Sonnen- Insektenschutz - Rechberger Bau Ges.m.b.H.","og_description":"[vc_row full_width=&#8220;stretch_row&#8220; content_placement=&#8220;middle&#8220; container=&#8220;1&#8243;][vc_column][vc_column_text] Sonnenschutz [\/vc_column_text][\/vc_column][\/vc_row][vc_row full_width=&#8220;stretch_row&#8220; content_placement=&#8220;middle&#8220; container=&#8220;1&#8243;][vc_column][vc_column_text] Insektenschutz [\/vc_column_text][\/vc_column][\/vc_row][vc_row full_width=&#8220;stretch_row&#8220; content_placement=&#8220;middle&#8220; container=&#8220;1&#8243;][vc_column][vc_column_text] Markisen [\/vc_column_text][\/vc_column][\/vc_row]","og_url":"http:\/\/www.rechberger-bau.at\/?page_id=605","og_site_name":"Rechberger Bau Ges.m.b.H.","article_modified_time":"2017-04-11T16:51:06+00:00","twitter_card":"summary_large_image","twitter_misc":{"Gesch\u00e4tzte Lesezeit":"1\u00a0Minute"},"schema":{"@context":"https:\/\/schema.org","@graph":[{"@type":"WebPage","@id":"http:\/\/www.rechberger-bau.at\/?page_id=605","url":"http:\/\/www.rechberger-bau.at\/?page_id=605","name":"Sonnen- Insektenschutz - Rechberger Bau Ges.m.b.H.","isPartOf":{"@id":"https:\/\/www.rechberger-bau.at\/#website"},"datePublished":"2017-02-04T20:18:19+00:00","dateModified":"2017-04-11T16:51:06+00:00","breadcrumb":{"@id":"http:\/\/www.rechberger-bau.at\/?page_id=605#breadcrumb"},"inLanguage":"de","potentialAction":[{"@type":"ReadAction","target":["http:\/\/www.rechberger-bau.at\/?page_id=605"]}]},{"@type":"BreadcrumbList","@id":"http:\/\/www.rechberger-bau.at\/?page_id=605#breadcrumb","itemListElement":[{"@type":"ListItem","position":1,"name":"Startseite","item":"https:\/\/www.rechberger-bau.at\/"},{"@type":"ListItem","position":2,"name":"Sonnen- Insektenschutz"}]},{"@type":"WebSite","@id":"https:\/\/www.rechberger-bau.at\/#website","url":"https:\/\/www.rechberger-bau.at\/","name":"Rechberger Bau Ges.m.b.H.","description":"Rechberger Bau GmbH ist mit \u00fcber 30 Jahre Erfahrung ihr Spezialist f\u00fcr Fenster, T\u00fcren, Tore, Sonnenschutz und Fliesen","potentialAction":[{"@type":"SearchAction","target":{"@type":"EntryPoint","urlTemplate":"https:\/\/www.rechberger-bau.at\/?s={search_term_string}"},"query-input":{"@type":"PropertyValueSpecification","valueRequired":true,"valueName":"search_term_string"}}],"inLanguage":"de"}]}},"_links":{"self":[{"href":"https:\/\/www.rechberger-bau.at\/index.php?rest_route=\/wp\/v2\/pages\/605"}],"collection":[{"href":"https:\/\/www.rechberger-bau.at\/index.php?rest_route=\/wp\/v2\/pages"}],"about":[{"href":"https:\/\/www.rechberger-bau.at\/index.php?rest_route=\/wp\/v2\/types\/page"}],"author":[{"embeddable":true,"href":"https:\/\/www.rechberger-bau.at\/index.php?rest_route=\/wp\/v2\/users\/1"}],"replies":[{"embeddable":true,"href":"https:\/\/www.rechberger-bau.at\/index.php?rest_route=%2Fwp%2Fv2%2Fcomments&post=605"}],"version-history":[{"count":8,"href":"https:\/\/www.rechberger-bau.at\/index.php?rest_route=\/wp\/v2\/pages\/605\/revisions"}],"predecessor-version":[{"id":962,"href":"https:\/\/www.rechberger-bau.at\/index.php?rest_route=\/wp\/v2\/pages\/605\/revisions\/962"}],"wp:attachment":[{"href":"https:\/\/www.rechberger-bau.at\/index.php?rest_route=%2Fwp%2Fv2%2Fmedia&parent=605"}],"curies":[{"name":"wp","href":"https:\/\/api.w.org\/{rel}","templated":true}]}}