{"id":84,"date":"2016-11-09T06:19:03","date_gmt":"2016-11-09T06:19:03","guid":{"rendered":"http:\/\/asianitbd.com\/wp\/decorators\/?page_id=84"},"modified":"2023-04-25T20:19:22","modified_gmt":"2023-04-25T18:19:22","slug":"about-us","status":"publish","type":"page","link":"https:\/\/www.rechberger-bau.at\/?page_id=84","title":{"rendered":"\u00dcber Uns"},"content":{"rendered":"<section class=\"wpb-content-wrapper\"><p>[vc_row full_width=&#8220;stretch_row&#8220; content_placement=&#8220;middle&#8220; container=&#8220;1&#8243;][vc_column width=&#8220;2\/3&#8243;][vc_column_text]<\/p>\n<h2>\u00dcber Uns<\/h2>\n<p>Wir sind ein Traditions- und Familienunternehmen in dem 2 Generationen gemeinsam arbeiten<br \/>\nDie Geschichte der Firma Rechberger Bau GmbH beginnt im Jahr 1983. Damals wurden die ersten Auftr\u00e4ge von Elisabeth und Manfred Rechberger als eingetragenes Unternehmen angenommen.<br \/>\n1989 wurde der\u00a0Standort in St. Veit, Kepling 52 er\u00f6ffnet \u2013 wo auch heute noch unser Firmensitz ist.<br \/>\nBereits seit 1992 wird\u00a0das Unternehmen als GmbH gef\u00fchrt, deren handelsrechtliche Gesch\u00e4ftsf\u00fchrerin Elisabeth Rechberger auch eine der ersten Frauen ist, die in dieser M\u00e4nnerdom\u00e4ne ihr Wissen und K\u00f6nnen einbrachte und noch immer einbringt. Manfred ist f\u00fcr die richtigen Ma\u00dfe und das Technische Know-How verantwortlich und wird seit \u00fcber einem Jahrzehnt von seinem Sohn Thomas unterst\u00fctzt, der aber haupts\u00e4chlich f\u00fcr die perfekte Montage unserer Produkte verantwortlich ist.<\/p>\n<p>Von der ersten Stunde an vertreiben wir Internorm Fenster und T\u00fcren, geh\u00f6rten seit 1999 zum Club der Asse und sind in Folge Ist Window Partner.<br \/>\nAuch mit der Firma Valetta pflegen wir seit Beginn eine langj\u00e4hrige Gesch\u00e4ftsbeziehung, ebenso wie mit unseren anderen Partnern Entrematic Austria GmbH, Beinkofer GmbH &amp; Co KG, Fliesen Huemer und diverse andere.<\/p>\n<p>Derzeit besch\u00e4ftigen wir 5 Mitarbeitern im Bereich Montage und 3 Mitarbeiterinnen in unserem B\u00fcro.<\/p>\n<p>Unser Betrieb ist zur G\u00e4nze Inhabergef\u00fchrt und steht f\u00fcr Handschlagqualit\u00e4t, jahrelanges Know How und innovative Ideen \u2013 lernen Sie uns kennen, wir freuen uns auf Sie.[\/vc_column_text][\/vc_column][vc_column width=&#8220;1\/3&#8243; css=&#8220;.vc_custom_1487105005662{padding-top: 50px !important;}&#8220;][vc_single_image image=&#8220;1695&#8243; img_size=&#8220;LARGE&#8220;][\/vc_column][\/vc_row]<\/p>\n<\/section>","protected":false},"excerpt":{"rendered":"<p>[vc_row full_width=&#8220;stretch_row&#8220; content_placement=&#8220;middle&#8220; container=&#8220;1&#8243;][vc_column width=&#8220;2\/3&#8243;][vc_column_text] \u00dcber Uns Wir sind ein Traditions- und Familienunternehmen in dem 2 Generationen gemeinsam arbeiten Die Geschichte der Firma Rechberger Bau GmbH beginnt im Jahr 1983. Damals wurden die ersten Auftr\u00e4ge von Elisabeth und Manfred Rechberger als eingetragenes Unternehmen angenommen. 1989 wurde der\u00a0Standort in St. Veit, Kepling 52 er\u00f6ffnet \u2013 wo<\/p>\n","protected":false},"author":1,"featured_media":0,"parent":0,"menu_order":0,"comment_status":"closed","ping_status":"closed","template":"tpl-visual_composer.php","meta":{"footnotes":""},"class_list":["post-84","page","type-page","status-publish","hentry"],"yoast_head":"<!-- This site is optimized with the Yoast SEO plugin v23.4 - https:\/\/yoast.com\/wordpress\/plugins\/seo\/ -->\n<title>\u00dcber Uns - Rechberger Bau Ges.m.b.H.<\/title>\n<meta name=\"robots\" content=\"index, follow, max-snippet:-1, max-image-preview:large, max-video-preview:-1\" \/>\n<link rel=\"canonical\" href=\"https:\/\/www.rechberger-bau.at\/?page_id=84\" \/>\n<meta property=\"og:locale\" content=\"de_DE\" \/>\n<meta property=\"og:type\" content=\"article\" \/>\n<meta property=\"og:title\" content=\"\u00dcber Uns - Rechberger Bau Ges.m.b.H.\" \/>\n<meta property=\"og:description\" content=\"[vc_row full_width=&#8220;stretch_row&#8220; content_placement=&#8220;middle&#8220; container=&#8220;1&#8243;][vc_column width=&#8220;2\/3&#8243;][vc_column_text] \u00dcber Uns Wir sind ein Traditions- und Familienunternehmen in dem 2 Generationen gemeinsam arbeiten Die Geschichte der Firma Rechberger Bau GmbH beginnt im Jahr 1983. Damals wurden die ersten Auftr\u00e4ge von Elisabeth und Manfred Rechberger als eingetragenes Unternehmen angenommen. 1989 wurde der\u00a0Standort in St. Veit, Kepling 52 er\u00f6ffnet \u2013 wo\" \/>\n<meta property=\"og:url\" content=\"https:\/\/www.rechberger-bau.at\/?page_id=84\" \/>\n<meta property=\"og:site_name\" content=\"Rechberger Bau Ges.m.b.H.\" \/>\n<meta property=\"article:modified_time\" content=\"2023-04-25T18:19:22+00:00\" \/>\n<meta name=\"twitter:card\" content=\"summary_large_image\" \/>\n<meta name=\"twitter:label1\" content=\"Gesch\u00e4tzte Lesezeit\" \/>\n\t<meta name=\"twitter:data1\" content=\"2\u00a0Minuten\" \/>\n<script type=\"application\/ld+json\" class=\"yoast-schema-graph\">{\"@context\":\"https:\/\/schema.org\",\"@graph\":[{\"@type\":\"WebPage\",\"@id\":\"https:\/\/www.rechberger-bau.at\/?page_id=84\",\"url\":\"https:\/\/www.rechberger-bau.at\/?page_id=84\",\"name\":\"\u00dcber Uns - Rechberger Bau Ges.m.b.H.\",\"isPartOf\":{\"@id\":\"https:\/\/www.rechberger-bau.at\/#website\"},\"datePublished\":\"2016-11-09T06:19:03+00:00\",\"dateModified\":\"2023-04-25T18:19:22+00:00\",\"breadcrumb\":{\"@id\":\"https:\/\/www.rechberger-bau.at\/?page_id=84#breadcrumb\"},\"inLanguage\":\"de\",\"potentialAction\":[{\"@type\":\"ReadAction\",\"target\":[\"https:\/\/www.rechberger-bau.at\/?page_id=84\"]}]},{\"@type\":\"BreadcrumbList\",\"@id\":\"https:\/\/www.rechberger-bau.at\/?page_id=84#breadcrumb\",\"itemListElement\":[{\"@type\":\"ListItem\",\"position\":1,\"name\":\"Startseite\",\"item\":\"https:\/\/www.rechberger-bau.at\/\"},{\"@type\":\"ListItem\",\"position\":2,\"name\":\"\u00dcber Uns\"}]},{\"@type\":\"WebSite\",\"@id\":\"https:\/\/www.rechberger-bau.at\/#website\",\"url\":\"https:\/\/www.rechberger-bau.at\/\",\"name\":\"Rechberger Bau Ges.m.b.H.\",\"description\":\"Rechberger Bau GmbH ist mit \u00fcber 30 Jahre Erfahrung ihr Spezialist f\u00fcr Fenster, T\u00fcren, Tore, Sonnenschutz und Fliesen\",\"potentialAction\":[{\"@type\":\"SearchAction\",\"target\":{\"@type\":\"EntryPoint\",\"urlTemplate\":\"https:\/\/www.rechberger-bau.at\/?s={search_term_string}\"},\"query-input\":{\"@type\":\"PropertyValueSpecification\",\"valueRequired\":true,\"valueName\":\"search_term_string\"}}],\"inLanguage\":\"de\"}]}<\/script>\n<!-- \/ Yoast SEO plugin. -->","yoast_head_json":{"title":"\u00dcber Uns - Rechberger Bau Ges.m.b.H.","robots":{"index":"index","follow":"follow","max-snippet":"max-snippet:-1","max-image-preview":"max-image-preview:large","max-video-preview":"max-video-preview:-1"},"canonical":"https:\/\/www.rechberger-bau.at\/?page_id=84","og_locale":"de_DE","og_type":"article","og_title":"\u00dcber Uns - Rechberger Bau Ges.m.b.H.","og_description":"[vc_row full_width=&#8220;stretch_row&#8220; content_placement=&#8220;middle&#8220; container=&#8220;1&#8243;][vc_column width=&#8220;2\/3&#8243;][vc_column_text] \u00dcber Uns Wir sind ein Traditions- und Familienunternehmen in dem 2 Generationen gemeinsam arbeiten Die Geschichte der Firma Rechberger Bau GmbH beginnt im Jahr 1983. Damals wurden die ersten Auftr\u00e4ge von Elisabeth und Manfred Rechberger als eingetragenes Unternehmen angenommen. 1989 wurde der\u00a0Standort in St. Veit, Kepling 52 er\u00f6ffnet \u2013 wo","og_url":"https:\/\/www.rechberger-bau.at\/?page_id=84","og_site_name":"Rechberger Bau Ges.m.b.H.","article_modified_time":"2023-04-25T18:19:22+00:00","twitter_card":"summary_large_image","twitter_misc":{"Gesch\u00e4tzte Lesezeit":"2\u00a0Minuten"},"schema":{"@context":"https:\/\/schema.org","@graph":[{"@type":"WebPage","@id":"https:\/\/www.rechberger-bau.at\/?page_id=84","url":"https:\/\/www.rechberger-bau.at\/?page_id=84","name":"\u00dcber Uns - Rechberger Bau Ges.m.b.H.","isPartOf":{"@id":"https:\/\/www.rechberger-bau.at\/#website"},"datePublished":"2016-11-09T06:19:03+00:00","dateModified":"2023-04-25T18:19:22+00:00","breadcrumb":{"@id":"https:\/\/www.rechberger-bau.at\/?page_id=84#breadcrumb"},"inLanguage":"de","potentialAction":[{"@type":"ReadAction","target":["https:\/\/www.rechberger-bau.at\/?page_id=84"]}]},{"@type":"BreadcrumbList","@id":"https:\/\/www.rechberger-bau.at\/?page_id=84#breadcrumb","itemListElement":[{"@type":"ListItem","position":1,"name":"Startseite","item":"https:\/\/www.rechberger-bau.at\/"},{"@type":"ListItem","position":2,"name":"\u00dcber Uns"}]},{"@type":"WebSite","@id":"https:\/\/www.rechberger-bau.at\/#website","url":"https:\/\/www.rechberger-bau.at\/","name":"Rechberger Bau Ges.m.b.H.","description":"Rechberger Bau GmbH ist mit \u00fcber 30 Jahre Erfahrung ihr Spezialist f\u00fcr Fenster, T\u00fcren, Tore, Sonnenschutz und Fliesen","potentialAction":[{"@type":"SearchAction","target":{"@type":"EntryPoint","urlTemplate":"https:\/\/www.rechberger-bau.at\/?s={search_term_string}"},"query-input":{"@type":"PropertyValueSpecification","valueRequired":true,"valueName":"search_term_string"}}],"inLanguage":"de"}]}},"_links":{"self":[{"href":"https:\/\/www.rechberger-bau.at\/index.php?rest_route=\/wp\/v2\/pages\/84"}],"collection":[{"href":"https:\/\/www.rechberger-bau.at\/index.php?rest_route=\/wp\/v2\/pages"}],"about":[{"href":"https:\/\/www.rechberger-bau.at\/index.php?rest_route=\/wp\/v2\/types\/page"}],"author":[{"embeddable":true,"href":"https:\/\/www.rechberger-bau.at\/index.php?rest_route=\/wp\/v2\/users\/1"}],"replies":[{"embeddable":true,"href":"https:\/\/www.rechberger-bau.at\/index.php?rest_route=%2Fwp%2Fv2%2Fcomments&post=84"}],"version-history":[{"count":48,"href":"https:\/\/www.rechberger-bau.at\/index.php?rest_route=\/wp\/v2\/pages\/84\/revisions"}],"predecessor-version":[{"id":1697,"href":"https:\/\/www.rechberger-bau.at\/index.php?rest_route=\/wp\/v2\/pages\/84\/revisions\/1697"}],"wp:attachment":[{"href":"https:\/\/www.rechberger-bau.at\/index.php?rest_route=%2Fwp%2Fv2%2Fmedia&parent=84"}],"curies":[{"name":"wp","href":"https:\/\/api.w.org\/{rel}","templated":true}]}}