{"id":915,"date":"2017-03-21T21:10:25","date_gmt":"2017-03-21T20:10:25","guid":{"rendered":"http:\/\/www.rechberger-bau.at\/?page_id=915"},"modified":"2017-03-21T21:10:25","modified_gmt":"2017-03-21T20:10:25","slug":"service","status":"publish","type":"page","link":"https:\/\/www.rechberger-bau.at\/?page_id=915","title":{"rendered":"Service"},"content":{"rendered":"<section class=\"wpb-content-wrapper\"><p>[vc_row full_width=&#8220;stretch_row&#8220; content_placement=&#8220;middle&#8220; container=&#8220;1&#8243; css=&#8220;.vc_custom_1489689196967{background-color: #f4f4f4 !important;}&#8220;][vc_column][vc_column_text]<\/p>\n<h2>Service<\/h2>\n<p>&nbsp;<\/p>\n<p>Wir verf\u00fcgen, neben unserem Standardangebot, \u00fcber einen gut ausgestatteten Fuhrpark, mit einem Lastwagenkran. Dieser erm\u00f6glicht uns effizient und schnell zu arbeiten. Auch nach Ihrem Kauf k\u00fcmmern wir uns um Sie und bieten Serviceleistungen und Wartungsarbeiten.[\/vc_column_text]\r\n   \r\r\n\r\r\n<!--best-service-section-->\r\r\n<section class=\"best-service-section\">\r\r\n    <div class=\"auto-container\">\r\r\n        \r\r\n        <!--sec-title-->\r\r\n        <div class=\"sec-title clearfix\">\r\r\n            <h2 class=\"pull-left\"><\/h2>\r\r\n            <a class=\"service-link pull-right\" href=\"http:\/\/www.rechberger-bau.at\/?page_id=172\">mehr <span class=\"fa fa-caret-right\"><\/span><\/a>\r\r\n        <\/div>\r\r\n        \r\r\n        <div class=\"row clearfix\">\r\r\n        \t\r\n            <!--service-block-two-->\r\r\n            <div class=\"service-block-two col-lg-4 col-md-6 col-sm-12 col-xs-12\">\r\r\n                <!--inner-box-->\r\r\n                  \r\r\n                <div class=\"inner-box wow fadeIn\" data-wow-delay=\"0ms\" data-wow-duration=\"1500ms\">\r\r\n                    <div class=\"image-layer\" style=\"background-image:url('')\"><\/div>\r\r\n                    <!--icon-box-->\r\r\n                    <div class=\"icon-box\">\r\r\n                        <span class=\"flaticon-users\"><\/span>\r\r\n                    <\/div>\r\r\n                    \r\r\n                    <h3>Pers\u00f6nliche Beratung<\/h3>\r\r\n                    <div class=\"text\">Wir nehmen uns Zeit f\u00fcr Ihre W\u00fcnsche und Bed\u00fcrfnisse bei Ihrem Bauvorhaben. In unserem Schauraum ...<\/div>\r\r\n                    <a href=\"http:\/\/www.rechberger-bau.at\/?page_id=911\" class=\"read-more\">MEHR INFOS<\/a>\r\r\n                    \r\r\n                    <!--bottom-icon-->\r\r\n                    <div class=\"bottom-icon\">\r\r\n                        <span class=\"flaticon-users\"><\/span>\r\r\n                    <\/div>\r\r\n                    \r\r\n                <\/div>\r\r\n            <\/div>\r\r\n            \r\r\n\t\t\t\r\n            <!--service-block-two-->\r\r\n            <div class=\"service-block-two col-lg-4 col-md-6 col-sm-12 col-xs-12\">\r\r\n                <!--inner-box-->\r\r\n                  \r\r\n                <div class=\"inner-box wow fadeIn\" data-wow-delay=\"0ms\" data-wow-duration=\"1500ms\">\r\r\n                    <div class=\"image-layer\" style=\"background-image:url('')\"><\/div>\r\r\n                    <!--icon-box-->\r\r\n                    <div class=\"icon-box\">\r\r\n                        <span class=\"flaticon-scale\"><\/span>\r\r\n                    <\/div>\r\r\n                    \r\r\n                    <h3>Ma\u00dfabnahme vor Ort<\/h3>\r\r\n                    <div class=\"text\">Wir arbeiten ausschlie\u00dflich mit Naturma\u00dfen. Direkt auf der Baustellen nehmen wir Ma\u00df und pr\u00fcfen die ...<\/div>\r\r\n                    <a href=\"http:\/\/www.rechberger-bau.at\/?page_id=909\" class=\"read-more\">MEHR INFOS<\/a>\r\r\n                    \r\r\n                    <!--bottom-icon-->\r\r\n                    <div class=\"bottom-icon\">\r\r\n                        <span class=\"flaticon-scale\"><\/span>\r\r\n                    <\/div>\r\r\n                    \r\r\n                <\/div>\r\r\n            <\/div>\r\r\n            \r\r\n\t\t\t\r\n            <!--service-block-two-->\r\r\n            <div class=\"service-block-two col-lg-4 col-md-6 col-sm-12 col-xs-12\">\r\r\n                <!--inner-box-->\r\r\n                  \r\r\n                <div class=\"inner-box wow fadeIn\" data-wow-delay=\"0ms\" data-wow-duration=\"1500ms\">\r\r\n                    <div class=\"image-layer\" style=\"background-image:url('')\"><\/div>\r\r\n                    <!--icon-box-->\r\r\n                    <div class=\"icon-box\">\r\r\n                        <span class=\"flaticon-timer\"><\/span>\r\r\n                    <\/div>\r\r\n                    \r\r\n                    <h3>Zeitgerechte Lieferung<\/h3>\r\r\n                    <div class=\"text\">Wir nehmen Ihren Bauzeitplan ernst und garantieren Ihnen wunschgem\u00e4\u00dfe Lieferung nach Ihren Bed\u00fcrfnissen.<\/div>\r\r\n                    <a href=\"http:\/\/www.rechberger-bau.at\/?page_id=907\" class=\"read-more\">MEHR INFOS<\/a>\r\r\n                    \r\r\n                    <!--bottom-icon-->\r\r\n                    <div class=\"bottom-icon\">\r\r\n                        <span class=\"flaticon-timer\"><\/span>\r\r\n                    <\/div>\r\r\n                    \r\r\n                <\/div>\r\r\n            <\/div>\r\r\n            \r\r\n\t\t\t\r\n            <!--service-block-two-->\r\r\n            <div class=\"service-block-two col-lg-4 col-md-6 col-sm-12 col-xs-12\">\r\r\n                <!--inner-box-->\r\r\n                  \r\r\n                <div class=\"inner-box wow fadeIn\" data-wow-delay=\"0ms\" data-wow-duration=\"1500ms\">\r\r\n                    <div class=\"image-layer\" style=\"background-image:url('')\"><\/div>\r\r\n                    <!--icon-box-->\r\r\n                    <div class=\"icon-box\">\r\r\n                        <span class=\"flaticon-carpenter\"><\/span>\r\r\n                    <\/div>\r\r\n                    \r\r\n                    <h3>Montage<\/h3>\r\r\n                    <div class=\"text\">Wir arbeiten mit unseren eigenen Montageteams. Auch hier profitieren Sie von unserer langj\u00e4hrigen Erfahrung und ...<\/div>\r\r\n                    <a href=\"http:\/\/www.rechberger-bau.at\/?page_id=913\" class=\"read-more\">MEHR INFOS<\/a>\r\r\n                    \r\r\n                    <!--bottom-icon-->\r\r\n                    <div class=\"bottom-icon\">\r\r\n                        <span class=\"flaticon-carpenter\"><\/span>\r\r\n                    <\/div>\r\r\n                    \r\r\n                <\/div>\r\r\n            <\/div>\r\r\n            \r\r\n\t\t\t\r\n            <!--service-block-two-->\r\r\n            <div class=\"service-block-two col-lg-4 col-md-6 col-sm-12 col-xs-12\">\r\r\n                <!--inner-box-->\r\r\n                  \r\r\n                <div class=\"inner-box wow fadeIn\" data-wow-delay=\"0ms\" data-wow-duration=\"1500ms\">\r\r\n                    <div class=\"image-layer\" style=\"background-image:url('')\"><\/div>\r\r\n                    <!--icon-box-->\r\r\n                    <div class=\"icon-box\">\r\r\n                        <span class=\"flaticon-check-symbol\"><\/span>\r\r\n                    <\/div>\r\r\n                    \r\r\n                    <h3>Service<\/h3>\r\r\n                    <div class=\"text\">Wir verf\u00fcgen, neben unserem Standardangebot, \u00fcber einen gut ausgestatteten Fuhrpark, mit einem Lastwagenkran. Dieser erm\u00f6glicht ...<\/div>\r\r\n                    <a href=\"http:\/\/www.rechberger-bau.at\/?page_id=915\" class=\"read-more\">MEHR INFOS<\/a>\r\r\n                    \r\r\n                    <!--bottom-icon-->\r\r\n                    <div class=\"bottom-icon\">\r\r\n                        <span class=\"flaticon-check-symbol\"><\/span>\r\r\n                    <\/div>\r\r\n                    \r\r\n                <\/div>\r\r\n            <\/div>\r\r\n            \r\r\n\t\t\t\r\n            <!--service-block-two-->\r\r\n            <div class=\"service-block-two col-lg-4 col-md-6 col-sm-12 col-xs-12\">\r\r\n                <!--inner-box-->\r\r\n                  \r\r\n                <div class=\"inner-box wow fadeIn\" data-wow-delay=\"0ms\" data-wow-duration=\"1500ms\">\r\r\n                    <div class=\"image-layer\" style=\"background-image:url('')\"><\/div>\r\r\n                    <!--icon-box-->\r\r\n                    <div class=\"icon-box\">\r\r\n                        <span class=\"flaticon-can\"><\/span>\r\r\n                    <\/div>\r\r\n                    \r\r\n                    <h3>Fachgerechte Entsorgung<\/h3>\r\r\n                    <div class=\"text\">Wir entsorgen Ihre alten Fenster bei der Firma Zellinger \u2013 dem Entsorgungsfachbetrieb in Ober\u00f6sterreich.<\/div>\r\r\n                    <a href=\"http:\/\/www.rechberger-bau.at\/?page_id=917\" class=\"read-more\">MEHR INFOS<\/a>\r\r\n                    \r\r\n                    <!--bottom-icon-->\r\r\n                    <div class=\"bottom-icon\">\r\r\n                        <span class=\"flaticon-can\"><\/span>\r\r\n                    <\/div>\r\r\n                    \r\r\n                <\/div>\r\r\n            <\/div>\r\r\n            \r\r\n\t\t\t\r\n        <\/div>\r\r\n    <\/div>\r\r\n<\/section>\r\r\n\r\r\n\r\n[\/vc_column][\/vc_row]<\/p>\n<\/section>","protected":false},"excerpt":{"rendered":"<p>[vc_row full_width=&#8220;stretch_row&#8220; content_placement=&#8220;middle&#8220; container=&#8220;1&#8243; css=&#8220;.vc_custom_1489689196967{background-color: #f4f4f4 !important;}&#8220;][vc_column][vc_column_text] Service &nbsp; Wir verf\u00fcgen, neben unserem Standardangebot, \u00fcber einen gut ausgestatteten Fuhrpark, mit einem Lastwagenkran. Dieser erm\u00f6glicht uns effizient und schnell zu arbeiten. Auch nach Ihrem Kauf k\u00fcmmern wir uns um Sie und bieten Serviceleistungen und Wartungsarbeiten.[\/vc_column_text][\/vc_column][\/vc_row]<\/p>\n","protected":false},"author":1,"featured_media":0,"parent":626,"menu_order":0,"comment_status":"closed","ping_status":"closed","template":"tpl-visual_composer.php","meta":{"footnotes":""},"class_list":["post-915","page","type-page","status-publish","hentry"],"yoast_head":"<!-- This site is optimized with the Yoast SEO plugin v23.4 - https:\/\/yoast.com\/wordpress\/plugins\/seo\/ -->\n<title>Service - Rechberger Bau Ges.m.b.H.<\/title>\n<meta name=\"robots\" content=\"index, follow, max-snippet:-1, max-image-preview:large, max-video-preview:-1\" \/>\n<link rel=\"canonical\" href=\"http:\/\/www.rechberger-bau.at\/?page_id=915\" \/>\n<meta property=\"og:locale\" content=\"de_DE\" \/>\n<meta property=\"og:type\" content=\"article\" \/>\n<meta property=\"og:title\" content=\"Service - Rechberger Bau Ges.m.b.H.\" \/>\n<meta property=\"og:description\" content=\"[vc_row full_width=&#8220;stretch_row&#8220; content_placement=&#8220;middle&#8220; container=&#8220;1&#8243; css=&#8220;.vc_custom_1489689196967{background-color: #f4f4f4 !important;}&#8220;][vc_column][vc_column_text] Service &nbsp; Wir verf\u00fcgen, neben unserem Standardangebot, \u00fcber einen gut ausgestatteten Fuhrpark, mit einem Lastwagenkran. Dieser erm\u00f6glicht uns effizient und schnell zu arbeiten. Auch nach Ihrem Kauf k\u00fcmmern wir uns um Sie und bieten Serviceleistungen und Wartungsarbeiten.[\/vc_column_text][\/vc_column][\/vc_row]\" \/>\n<meta property=\"og:url\" content=\"http:\/\/www.rechberger-bau.at\/?page_id=915\" \/>\n<meta property=\"og:site_name\" content=\"Rechberger Bau Ges.m.b.H.\" \/>\n<meta name=\"twitter:card\" content=\"summary_large_image\" \/>\n<script type=\"application\/ld+json\" class=\"yoast-schema-graph\">{\"@context\":\"https:\/\/schema.org\",\"@graph\":[{\"@type\":\"WebPage\",\"@id\":\"http:\/\/www.rechberger-bau.at\/?page_id=915\",\"url\":\"http:\/\/www.rechberger-bau.at\/?page_id=915\",\"name\":\"Service - Rechberger Bau Ges.m.b.H.\",\"isPartOf\":{\"@id\":\"https:\/\/www.rechberger-bau.at\/#website\"},\"datePublished\":\"2017-03-21T20:10:25+00:00\",\"dateModified\":\"2017-03-21T20:10:25+00:00\",\"breadcrumb\":{\"@id\":\"http:\/\/www.rechberger-bau.at\/?page_id=915#breadcrumb\"},\"inLanguage\":\"de\",\"potentialAction\":[{\"@type\":\"ReadAction\",\"target\":[\"http:\/\/www.rechberger-bau.at\/?page_id=915\"]}]},{\"@type\":\"BreadcrumbList\",\"@id\":\"http:\/\/www.rechberger-bau.at\/?page_id=915#breadcrumb\",\"itemListElement\":[{\"@type\":\"ListItem\",\"position\":1,\"name\":\"Startseite\",\"item\":\"https:\/\/www.rechberger-bau.at\/\"},{\"@type\":\"ListItem\",\"position\":2,\"name\":\"Service\",\"item\":\"http:\/\/www.rechberger-bau.at\/?page_id=626\"},{\"@type\":\"ListItem\",\"position\":3,\"name\":\"Service\"}]},{\"@type\":\"WebSite\",\"@id\":\"https:\/\/www.rechberger-bau.at\/#website\",\"url\":\"https:\/\/www.rechberger-bau.at\/\",\"name\":\"Rechberger Bau Ges.m.b.H.\",\"description\":\"Rechberger Bau GmbH ist mit \u00fcber 30 Jahre Erfahrung ihr Spezialist f\u00fcr Fenster, T\u00fcren, Tore, Sonnenschutz und Fliesen\",\"potentialAction\":[{\"@type\":\"SearchAction\",\"target\":{\"@type\":\"EntryPoint\",\"urlTemplate\":\"https:\/\/www.rechberger-bau.at\/?s={search_term_string}\"},\"query-input\":{\"@type\":\"PropertyValueSpecification\",\"valueRequired\":true,\"valueName\":\"search_term_string\"}}],\"inLanguage\":\"de\"}]}<\/script>\n<!-- \/ Yoast SEO plugin. -->","yoast_head_json":{"title":"Service - Rechberger Bau Ges.m.b.H.","robots":{"index":"index","follow":"follow","max-snippet":"max-snippet:-1","max-image-preview":"max-image-preview:large","max-video-preview":"max-video-preview:-1"},"canonical":"http:\/\/www.rechberger-bau.at\/?page_id=915","og_locale":"de_DE","og_type":"article","og_title":"Service - Rechberger Bau Ges.m.b.H.","og_description":"[vc_row full_width=&#8220;stretch_row&#8220; content_placement=&#8220;middle&#8220; container=&#8220;1&#8243; css=&#8220;.vc_custom_1489689196967{background-color: #f4f4f4 !important;}&#8220;][vc_column][vc_column_text] Service &nbsp; Wir verf\u00fcgen, neben unserem Standardangebot, \u00fcber einen gut ausgestatteten Fuhrpark, mit einem Lastwagenkran. Dieser erm\u00f6glicht uns effizient und schnell zu arbeiten. Auch nach Ihrem Kauf k\u00fcmmern wir uns um Sie und bieten Serviceleistungen und Wartungsarbeiten.[\/vc_column_text][\/vc_column][\/vc_row]","og_url":"http:\/\/www.rechberger-bau.at\/?page_id=915","og_site_name":"Rechberger Bau Ges.m.b.H.","twitter_card":"summary_large_image","schema":{"@context":"https:\/\/schema.org","@graph":[{"@type":"WebPage","@id":"http:\/\/www.rechberger-bau.at\/?page_id=915","url":"http:\/\/www.rechberger-bau.at\/?page_id=915","name":"Service - Rechberger Bau Ges.m.b.H.","isPartOf":{"@id":"https:\/\/www.rechberger-bau.at\/#website"},"datePublished":"2017-03-21T20:10:25+00:00","dateModified":"2017-03-21T20:10:25+00:00","breadcrumb":{"@id":"http:\/\/www.rechberger-bau.at\/?page_id=915#breadcrumb"},"inLanguage":"de","potentialAction":[{"@type":"ReadAction","target":["http:\/\/www.rechberger-bau.at\/?page_id=915"]}]},{"@type":"BreadcrumbList","@id":"http:\/\/www.rechberger-bau.at\/?page_id=915#breadcrumb","itemListElement":[{"@type":"ListItem","position":1,"name":"Startseite","item":"https:\/\/www.rechberger-bau.at\/"},{"@type":"ListItem","position":2,"name":"Service","item":"http:\/\/www.rechberger-bau.at\/?page_id=626"},{"@type":"ListItem","position":3,"name":"Service"}]},{"@type":"WebSite","@id":"https:\/\/www.rechberger-bau.at\/#website","url":"https:\/\/www.rechberger-bau.at\/","name":"Rechberger Bau Ges.m.b.H.","description":"Rechberger Bau GmbH ist mit \u00fcber 30 Jahre Erfahrung ihr Spezialist f\u00fcr Fenster, T\u00fcren, Tore, Sonnenschutz und Fliesen","potentialAction":[{"@type":"SearchAction","target":{"@type":"EntryPoint","urlTemplate":"https:\/\/www.rechberger-bau.at\/?s={search_term_string}"},"query-input":{"@type":"PropertyValueSpecification","valueRequired":true,"valueName":"search_term_string"}}],"inLanguage":"de"}]}},"_links":{"self":[{"href":"https:\/\/www.rechberger-bau.at\/index.php?rest_route=\/wp\/v2\/pages\/915"}],"collection":[{"href":"https:\/\/www.rechberger-bau.at\/index.php?rest_route=\/wp\/v2\/pages"}],"about":[{"href":"https:\/\/www.rechberger-bau.at\/index.php?rest_route=\/wp\/v2\/types\/page"}],"author":[{"embeddable":true,"href":"https:\/\/www.rechberger-bau.at\/index.php?rest_route=\/wp\/v2\/users\/1"}],"replies":[{"embeddable":true,"href":"https:\/\/www.rechberger-bau.at\/index.php?rest_route=%2Fwp%2Fv2%2Fcomments&post=915"}],"version-history":[{"count":1,"href":"https:\/\/www.rechberger-bau.at\/index.php?rest_route=\/wp\/v2\/pages\/915\/revisions"}],"predecessor-version":[{"id":916,"href":"https:\/\/www.rechberger-bau.at\/index.php?rest_route=\/wp\/v2\/pages\/915\/revisions\/916"}],"up":[{"embeddable":true,"href":"https:\/\/www.rechberger-bau.at\/index.php?rest_route=\/wp\/v2\/pages\/626"}],"wp:attachment":[{"href":"https:\/\/www.rechberger-bau.at\/index.php?rest_route=%2Fwp%2Fv2%2Fmedia&parent=915"}],"curies":[{"name":"wp","href":"https:\/\/api.w.org\/{rel}","templated":true}]}}